{"id":1541,"date":"2018-03-30T16:46:59","date_gmt":"2018-03-30T14:46:59","guid":{"rendered":"https:\/\/www.laciotat-shipyards.com\/semideplacyotat\/la-ciotat-shipyards\/histoire\/"},"modified":"2019-10-14T15:27:16","modified_gmt":"2019-10-14T13:27:16","slug":"history","status":"publish","type":"page","link":"https:\/\/www.laciotat-shipyards.com\/en\/la-ciotat-shipyards\/history\/","title":{"rendered":"History"},"content":{"rendered":"<div class=\"wpb-content-wrapper\"><p>[vc_row gap=&#8221;30&#8243; content_placement=&#8221;middle&#8221;][vc_column][vc_column_text]<\/p>\n<p style=\"text-align: center;\"><em>It is a long and rich history, made of innovations, expertise and great men.<br \/>\nBut the history of the shipyards of La Ciotat is first of all the story of a rebirth.<br \/>\n<\/em><\/p>\n<p>[\/vc_column_text][\/vc_column][\/vc_row][vc_row equal_height=&#8221;yes&#8221;][vc_column offset=&#8221;vc_col-lg-12 vc_col-md-12 vc_col-xs-12&#8243;]<div id=\"ultimate-heading-407769e7466409670\" class=\"uvc-heading ult-adjust-bottom-margin ultimate-heading-407769e7466409670 uvc-3463 \" data-hspacer=\"no_spacer\"  data-halign=\"left\" style=\"text-align:left\"><div class=\"uvc-heading-spacer no_spacer\" style=\"top\"><\/div><div class=\"uvc-main-heading ult-responsive\"  data-ultimate-target='.uvc-heading.ultimate-heading-407769e7466409670 h2'  data-responsive-json-new='{\"font-size\":\"desktop:30px;\",\"line-height\":\"desktop:40px;\"}' ><h2 style=\"font-family:&#039;Raleway&#039;;font-weight:200;margin-bottom:20px;\">From small fishing boats to steamships with propeller<\/h2><\/div><\/div>[vc_column_text]The activity on the site begins in the fifteenth century with the construction of small fishing boats by local artisans. But soon these family businesses start to build \u201ctartanes\u201d, commercial cargo ships.<\/p>\n<p>From the nineteenth century, the activity grows with the development of steam navigation and the opening of transit to the colonies. In 1835, theharbor capacity is doubled with the construction of the pier \u201cB\u00e9rouard\u201d. That same year, Louis Benet, son of a wealthy shipowner from La Ciotat, takes over a small sailboat shipyard, and turns it into a modern company. As a savvy businessman, Louis Benet brings engineers and propulsion systems from England, and launches in 1836, the first French steamship in the Mediterranean, &#8220;Le Phoc\u00e9en I&#8221;. It is also on the shipyard of La Ciotat that will be launched in 1847 &#8220;Le Bonaparte&#8221;, first steamship with a propeller and an iron hull in the Mediterranean. In 1848-1851, the industrial crisis leads Louis Benet to sell his company to the National Courier.<\/p>\n<p>Nevertheless, the shipyard of La Ciotat will continue to develop its activities and skills, despite frequent changes of majority shareholders and therefore names &#8230; After \u201cMessageries Maritimes\u201d, it becomes \u201cSoci\u00e9t\u00e9 Proven\u00e7ale de Construction Navale\u201d (SPCN) then, in 1940, \u201cChantiers Navals de La Ciotat (CNC).[\/vc_column_text][\/vc_column][\/vc_row][vc_row equal_height=&#8221;yes&#8221;][vc_column][vc_row_inner][vc_column_inner width=&#8221;1\/2&#8243; offset=&#8221;vc_col-lg-6 vc_col-md-6 vc_col-xs-12&#8243;][vc_single_image image=&#8221;948&#8243; img_size=&#8221;full&#8221; alignment=&#8221;center&#8221;][\/vc_column_inner][vc_column_inner width=&#8221;1\/2&#8243; offset=&#8221;vc_col-lg-6 vc_col-md-6 vc_col-xs-12&#8243;][vc_single_image image=&#8221;949&#8243; img_size=&#8221;full&#8221; alignment=&#8221;center&#8221;][\/vc_column_inner][\/vc_row_inner][\/vc_column][vc_column offset=&#8221;vc_col-lg-12 vc_col-md-12 vc_col-xs-12&#8243;]<div id=\"ultimate-heading-520369e746640971b\" class=\"uvc-heading ult-adjust-bottom-margin ultimate-heading-520369e746640971b uvc-7632 \" data-hspacer=\"no_spacer\"  data-halign=\"left\" style=\"text-align:left\"><div class=\"uvc-heading-spacer no_spacer\" style=\"top\"><\/div><div class=\"uvc-main-heading ult-responsive\"  data-ultimate-target='.uvc-heading.ultimate-heading-520369e746640971b h2'  data-responsive-json-new='{\"font-size\":\"desktop:30px;\",\"line-height\":\"desktop:40px;\"}' ><h2 style=\"font-family:&#039;Raleway&#039;;font-weight:200;margin-bottom:20px;\">From super tankers to the close-down of the shipyards<\/h2><\/div><\/div>[vc_column_text]The ships designed are larger and larger, more and more numerous, more and more complex to manufacture: the last super tankers built in the shipyard of La Ciotat were about 320,000 tonnes! In 1973, more than 5000 workers and employees work on the site.<\/p>\n<p>But in 1978, the oil crisis and competition from Asia led to the first dismissals on the site. The production is again shifted towards the construction of oil tankers and other gas carriers, but also towards the repair of large vessels.<\/p>\n<p>In 1982, the \u201cCNC\u201d, the shipyards of Dunkerque and those of La Seyne are fused together in one company, \u201cSoci\u00e9t\u00e9 des Chantiers du Nord et de la M\u00e9diterrean\u00e9e\u201d, called NORMED. This unfortunate decision of the authorities, resulting from an incorrect strategic analysis, will seal the fate of the shipyards of La Ciotat.<\/p>\n<p>In 1987, the last two ships built in La Ciotat are launched. The \u201cOaxax\u201d, September 19, and the \u201cMonterrey\u201d on December 19.<\/p>\n<p>On July 31 1988, the shipyards close-down &#8230; locking the \u201cMonterrey\u201d, still docked inside. The industrial history could have ended there without the intervention of a small group of 105 employees determined to save their worktool and to give an industrial and maritime future to the site. Like a David against Goliath remake, these &#8220;105 diehards&#8221; eventually win the fight. On August 17 1994, an agreement was signed between the Government Representative, the Presidents of the Region and the Department, the Mayor of La Ciotat and Mr. Pierre Tidda representing the workers. This agreement, still acting as a true &#8220;Constitution&#8221; of the site to this day, is a commitment between the signatories based on two principles:<\/p>\n<ol>\n<li>Maintaining an industrial and maritime vocation for the site<\/li>\n<li>The unicity of its management<\/li>\n<\/ol>\n<p>SEMIDEP-Ciotat is created in the aftermath to follow this ambitious roadmap and pilot the project, according to the principles of public service.[\/vc_column_text][\/vc_column][\/vc_row][vc_row equal_height=&#8221;yes&#8221;][vc_column offset=&#8221;vc_col-lg-6 vc_col-md-6 vc_col-xs-12&#8243;]<div id=\"ultimate-heading-157069e74664097ac\" class=\"uvc-heading ult-adjust-bottom-margin ultimate-heading-157069e74664097ac uvc-3248 \" data-hspacer=\"no_spacer\"  data-halign=\"left\" style=\"text-align:left\"><div class=\"uvc-heading-spacer no_spacer\" style=\"top\"><\/div><div class=\"uvc-main-heading ult-responsive\"  data-ultimate-target='.uvc-heading.ultimate-heading-157069e74664097ac h2'  data-responsive-json-new='{\"font-size\":\"desktop:30px;\",\"line-height\":\"desktop:40px;\"}' ><h2 style=\"font-family:&#039;Raleway&#039;;font-weight:200;margin-bottom:20px;\">From SEMIDEP to La Ciotat Shipyards, or the rebirth of the shipyards<\/h2><\/div><\/div>[vc_column_text]In 20 years, SEMIDEP-Ciotat will operate an exemplary conversion of the site, transforming it into one of the world leader for the refit of Yachts and Megayachts.<\/p>\n<p>In order to be better recognized, SEMIDEP-Ciotat becomes La Ciotat Shipyards, a name now well recognized internationally &#8230; History still goes on, for the best![\/vc_column_text][\/vc_column][vc_column offset=&#8221;vc_col-lg-6 vc_col-md-6 vc_col-xs-12&#8243;][vc_single_image image=&#8221;950&#8243; img_size=&#8221;full&#8221; alignment=&#8221;center&#8221;][\/vc_column][\/vc_row][vc_row gap=&#8221;20&#8243; css=&#8221;.vc_custom_1530709830527{padding-top: 80px !important;}&#8221;][vc_column width=&#8221;1\/3&#8243; css=&#8221;.vc_custom_1530709944691{padding-top: 0px !important;padding-right: 0px !important;padding-bottom: 0px !important;padding-left: 0px !important;background-color: #ffffff !important;}&#8221;][vc_single_image image=&#8221;991&#8243; img_size=&#8221;full&#8221; alignment=&#8221;center&#8221; onclick=&#8221;custom_link&#8221; css_animation=&#8221;fadeIn&#8221; lazy_loading=&#8221;true&#8221; link=&#8221;https:\/\/www.laciotat-shipyards.com\/en\/la-ciotat-shipyards\/&#8221; css=&#8221;.vc_custom_1534759565511{margin-top: 0px !important;margin-right: 0px !important;margin-bottom: 0px !important;margin-left: 0px !important;}&#8221;][vc_custom_heading text=&#8221;La Ciotat Shipyards, the driver of the industrial development&#8221; font_container=&#8221;tag:h3|font_size:20px|text_align:center|color:%23646771|line_height:23px&#8221; use_theme_fonts=&#8221;yes&#8221; link=&#8221;url:https%3A%2F%2Fwww.laciotat-shipyards.com%2Fen%2Fla-ciotat-shipyards%2F|||&#8221; css=&#8221;.vc_custom_1535526489257{margin-bottom: 10px !important;padding-top: 20px !important;padding-right: 20px !important;padding-bottom: 20px !important;padding-left: 20px !important;}&#8221;]<div class=\"ult-just-icon-wrapper   vc_custom_1534759588539\"><div class=\"align-icon\" style=\"text-align:center;\">\n<a class=\"aio-tooltip 69e746640995e\" href=\"https:\/\/www.laciotat-shipyards.com\/en\/la-ciotat-shipyards\/\"  data-toggle=\"tooltip\" data-placement=\"\"><div class=\"aio-icon advanced \"  style=\"color:#c69f45;border-style:solid;border-color:#c69f45;border-width:1px;width:35px;height:35px;line-height:35px;border-radius:300px;font-size:25px;display:inline-block;\">\n\t<i class=\"Defaults-angle-right\"><\/i>\n<\/div><\/a><\/div><\/div>[\/vc_column][vc_column width=&#8221;1\/3&#8243; css=&#8221;.vc_custom_1530709951688{padding-top: 0px !important;padding-right: 0px !important;padding-bottom: 0px !important;padding-left: 0px !important;background-color: #ffffff !important;}&#8221;][vc_single_image image=&#8221;988&#8243; img_size=&#8221;full&#8221; alignment=&#8221;center&#8221; onclick=&#8221;custom_link&#8221; css_animation=&#8221;fadeIn&#8221; lazy_loading=&#8221;true&#8221; link=&#8221;https:\/\/www.laciotat-shipyards.com\/en\/la-ciotat-shipyards\/values\/&#8221; css=&#8221;.vc_custom_1534759599714{margin-top: 0px !important;margin-right: 0px !important;margin-bottom: 0px !important;margin-left: 0px !important;}&#8221;][vc_custom_heading text=&#8221;Excellence &#8211; at the core of La Ciotat Shipyard\u2019s values&#8221; font_container=&#8221;tag:h3|font_size:20px|text_align:center|color:%23646771|line_height:23px&#8221; use_theme_fonts=&#8221;yes&#8221; link=&#8221;url:https%3A%2F%2Fwww.laciotat-shipyards.com%2Fen%2Fla-ciotat-shipyards%2Fvalues%2F|||&#8221; css=&#8221;.vc_custom_1534759610589{margin-bottom: 10px !important;padding-top: 20px !important;padding-right: 20px !important;padding-bottom: 20px !important;padding-left: 20px !important;}&#8221;]<div class=\"ult-just-icon-wrapper   vc_custom_1534759622154\"><div class=\"align-icon\" style=\"text-align:center;\">\n<a class=\"aio-tooltip 69e74664099d0\" href=\"https:\/\/www.laciotat-shipyards.com\/en\/la-ciotat-shipyards\/values\/\"  data-toggle=\"tooltip\" data-placement=\"\"><div class=\"aio-icon advanced \"  style=\"color:#c69f45;border-style:solid;border-color:#c69f45;border-width:1px;width:35px;height:35px;line-height:35px;border-radius:300px;font-size:25px;display:inline-block;\">\n\t<i class=\"Defaults-angle-right\"><\/i>\n<\/div><\/a><\/div><\/div>[\/vc_column][vc_column width=&#8221;1\/3&#8243; css=&#8221;.vc_custom_1530709958472{padding-top: 0px !important;padding-right: 0px !important;padding-bottom: 0px !important;padding-left: 0px !important;background-color: #ffffff !important;}&#8221;][vc_single_image image=&#8221;989&#8243; img_size=&#8221;full&#8221; alignment=&#8221;center&#8221; onclick=&#8221;custom_link&#8221; css_animation=&#8221;fadeIn&#8221; lazy_loading=&#8221;true&#8221; link=&#8221;https:\/\/www.laciotat-shipyards.com\/en\/la-ciotat-shipyards\/site\/&#8221; css=&#8221;.vc_custom_1534759633318{margin-top: 0px !important;margin-right: 0px !important;margin-bottom: 0px !important;margin-left: 0px !important;}&#8221;][vc_custom_heading text=&#8221;Versatile Infrastructure dedicated to the refit of yachts and superyachts in La Ciotat&#8221; font_container=&#8221;tag:h3|font_size:20px|text_align:center|color:%23646771|line_height:23px&#8221; use_theme_fonts=&#8221;yes&#8221; link=&#8221;url:https%3A%2F%2Fwww.laciotat-shipyards.com%2Fen%2Fla-ciotat-shipyards%2Fsite%2F|||&#8221; css=&#8221;.vc_custom_1539771737565{margin-bottom: 10px !important;padding-top: 20px !important;padding-right: 20px !important;padding-bottom: 20px !important;padding-left: 20px !important;}&#8221;]<div class=\"ult-just-icon-wrapper   vc_custom_1534759660157\"><div class=\"align-icon\" style=\"text-align:center;\">\n<a class=\"aio-tooltip 69e7466409a22\" href=\"https:\/\/www.laciotat-shipyards.com\/en\/la-ciotat-shipyards\/site\/\"  data-toggle=\"tooltip\" data-placement=\"\"><div class=\"aio-icon advanced \"  style=\"color:#c69f45;border-style:solid;border-color:#c69f45;border-width:1px;width:35px;height:35px;line-height:35px;border-radius:300px;font-size:25px;display:inline-block;\">\n\t<i class=\"Defaults-angle-right\"><\/i>\n<\/div><\/a><\/div><\/div>[\/vc_column][\/vc_row]<\/p>\n<\/div>","protected":false},"excerpt":{"rendered":"<p>[vc_row gap=&#8221;30&#8243; content_placement=&#8221;middle&#8221;][vc_column][vc_column_text] It is a long and rich history, made of innovations, expertise and great men. But the history of the shipyards of La Ciotat is first of all the story of a rebirth. [\/vc_column_text][\/vc_column][\/vc_row][vc_row equal_height=&#8221;yes&#8221;][vc_column offset=&#8221;vc_col-lg-12 vc_col-md-12 vc_col-xs-12&#8243;][vc_column_text]The activity on the site begins in the fifteenth century with the construction of small fishing&hellip;<\/p>\n","protected":false},"author":1,"featured_media":0,"parent":1539,"menu_order":0,"comment_status":"closed","ping_status":"closed","template":"","meta":{"footnotes":""},"class_list":["post-1541","page","type-page","status-publish","hentry","description-off"],"yoast_head":"<!-- This site is optimized with the Yoast SEO plugin v27.4 - https:\/\/yoast.com\/product\/yoast-seo-wordpress\/ -->\n<title>History - La Ciotat Shipyards<\/title>\n<meta name=\"description\" content=\"La Ciotat Shipyards yacht shipyards: a long and rich history, made up of innovations, know-how and great people. Discover.\" \/>\n<meta name=\"robots\" content=\"index, follow, max-snippet:-1, max-image-preview:large, max-video-preview:-1\" \/>\n<link rel=\"canonical\" href=\"https:\/\/www.laciotat-shipyards.com\/en\/la-ciotat-shipyards\/history\/\" \/>\n<meta property=\"og:locale\" content=\"en_US\" \/>\n<meta property=\"og:type\" content=\"article\" \/>\n<meta property=\"og:title\" content=\"History - La Ciotat Shipyards\" \/>\n<meta property=\"og:description\" content=\"La Ciotat Shipyards yacht shipyards: a long and rich history, made up of innovations, know-how and great people. Discover.\" \/>\n<meta property=\"og:url\" content=\"https:\/\/www.laciotat-shipyards.com\/en\/la-ciotat-shipyards\/history\/\" \/>\n<meta property=\"og:site_name\" content=\"La Ciotat Shipyards\" \/>\n<meta property=\"article:modified_time\" content=\"2019-10-14T13:27:16+00:00\" \/>\n<meta name=\"twitter:card\" content=\"summary_large_image\" \/>\n<meta name=\"twitter:label1\" content=\"Est. reading time\" \/>\n\t<meta name=\"twitter:data1\" content=\"7 minutes\" \/>\n<script type=\"application\/ld+json\" class=\"yoast-schema-graph\">{\"@context\":\"https:\\\/\\\/schema.org\",\"@graph\":[{\"@type\":\"WebPage\",\"@id\":\"https:\\\/\\\/www.laciotat-shipyards.com\\\/en\\\/la-ciotat-shipyards\\\/history\\\/\",\"url\":\"https:\\\/\\\/www.laciotat-shipyards.com\\\/en\\\/la-ciotat-shipyards\\\/history\\\/\",\"name\":\"History - La Ciotat Shipyards\",\"isPartOf\":{\"@id\":\"https:\\\/\\\/www.laciotat-shipyards.com\\\/fr\\\/#website\"},\"datePublished\":\"2018-03-30T14:46:59+00:00\",\"dateModified\":\"2019-10-14T13:27:16+00:00\",\"description\":\"La Ciotat Shipyards yacht shipyards: a long and rich history, made up of innovations, know-how and great people. Discover.\",\"breadcrumb\":{\"@id\":\"https:\\\/\\\/www.laciotat-shipyards.com\\\/en\\\/la-ciotat-shipyards\\\/history\\\/#breadcrumb\"},\"inLanguage\":\"en-US\",\"potentialAction\":[{\"@type\":\"ReadAction\",\"target\":[\"https:\\\/\\\/www.laciotat-shipyards.com\\\/en\\\/la-ciotat-shipyards\\\/history\\\/\"]}]},{\"@type\":\"BreadcrumbList\",\"@id\":\"https:\\\/\\\/www.laciotat-shipyards.com\\\/en\\\/la-ciotat-shipyards\\\/history\\\/#breadcrumb\",\"itemListElement\":[{\"@type\":\"ListItem\",\"position\":1,\"name\":\"Accueil\",\"item\":\"https:\\\/\\\/www.laciotat-shipyards.com\\\/en\\\/\"},{\"@type\":\"ListItem\",\"position\":2,\"name\":\"La Ciotat Shipyards\",\"item\":\"https:\\\/\\\/www.laciotat-shipyards.com\\\/en\\\/la-ciotat-shipyards\\\/\"},{\"@type\":\"ListItem\",\"position\":3,\"name\":\"History\"}]},{\"@type\":\"WebSite\",\"@id\":\"https:\\\/\\\/www.laciotat-shipyards.com\\\/fr\\\/#website\",\"url\":\"https:\\\/\\\/www.laciotat-shipyards.com\\\/fr\\\/\",\"name\":\"La Ciotat Shipyards\",\"description\":\"Site maritime d\u2019excellence en M\u00e9diterran\u00e9e\",\"potentialAction\":[{\"@type\":\"SearchAction\",\"target\":{\"@type\":\"EntryPoint\",\"urlTemplate\":\"https:\\\/\\\/www.laciotat-shipyards.com\\\/fr\\\/?s={search_term_string}\"},\"query-input\":{\"@type\":\"PropertyValueSpecification\",\"valueRequired\":true,\"valueName\":\"search_term_string\"}}],\"inLanguage\":\"en-US\"}]}<\/script>\n<!-- \/ Yoast SEO plugin. -->","yoast_head_json":{"title":"History - La Ciotat Shipyards","description":"La Ciotat Shipyards yacht shipyards: a long and rich history, made up of innovations, know-how and great people. Discover.","robots":{"index":"index","follow":"follow","max-snippet":"max-snippet:-1","max-image-preview":"max-image-preview:large","max-video-preview":"max-video-preview:-1"},"canonical":"https:\/\/www.laciotat-shipyards.com\/en\/la-ciotat-shipyards\/history\/","og_locale":"en_US","og_type":"article","og_title":"History - La Ciotat Shipyards","og_description":"La Ciotat Shipyards yacht shipyards: a long and rich history, made up of innovations, know-how and great people. Discover.","og_url":"https:\/\/www.laciotat-shipyards.com\/en\/la-ciotat-shipyards\/history\/","og_site_name":"La Ciotat Shipyards","article_modified_time":"2019-10-14T13:27:16+00:00","twitter_card":"summary_large_image","twitter_misc":{"Est. reading time":"7 minutes"},"schema":{"@context":"https:\/\/schema.org","@graph":[{"@type":"WebPage","@id":"https:\/\/www.laciotat-shipyards.com\/en\/la-ciotat-shipyards\/history\/","url":"https:\/\/www.laciotat-shipyards.com\/en\/la-ciotat-shipyards\/history\/","name":"History - La Ciotat Shipyards","isPartOf":{"@id":"https:\/\/www.laciotat-shipyards.com\/fr\/#website"},"datePublished":"2018-03-30T14:46:59+00:00","dateModified":"2019-10-14T13:27:16+00:00","description":"La Ciotat Shipyards yacht shipyards: a long and rich history, made up of innovations, know-how and great people. Discover.","breadcrumb":{"@id":"https:\/\/www.laciotat-shipyards.com\/en\/la-ciotat-shipyards\/history\/#breadcrumb"},"inLanguage":"en-US","potentialAction":[{"@type":"ReadAction","target":["https:\/\/www.laciotat-shipyards.com\/en\/la-ciotat-shipyards\/history\/"]}]},{"@type":"BreadcrumbList","@id":"https:\/\/www.laciotat-shipyards.com\/en\/la-ciotat-shipyards\/history\/#breadcrumb","itemListElement":[{"@type":"ListItem","position":1,"name":"Accueil","item":"https:\/\/www.laciotat-shipyards.com\/en\/"},{"@type":"ListItem","position":2,"name":"La Ciotat Shipyards","item":"https:\/\/www.laciotat-shipyards.com\/en\/la-ciotat-shipyards\/"},{"@type":"ListItem","position":3,"name":"History"}]},{"@type":"WebSite","@id":"https:\/\/www.laciotat-shipyards.com\/fr\/#website","url":"https:\/\/www.laciotat-shipyards.com\/fr\/","name":"La Ciotat Shipyards","description":"Site maritime d\u2019excellence en M\u00e9diterran\u00e9e","potentialAction":[{"@type":"SearchAction","target":{"@type":"EntryPoint","urlTemplate":"https:\/\/www.laciotat-shipyards.com\/fr\/?s={search_term_string}"},"query-input":{"@type":"PropertyValueSpecification","valueRequired":true,"valueName":"search_term_string"}}],"inLanguage":"en-US"}]}},"_links":{"self":[{"href":"https:\/\/www.laciotat-shipyards.com\/en\/wp-json\/wp\/v2\/pages\/1541","targetHints":{"allow":["GET"]}}],"collection":[{"href":"https:\/\/www.laciotat-shipyards.com\/en\/wp-json\/wp\/v2\/pages"}],"about":[{"href":"https:\/\/www.laciotat-shipyards.com\/en\/wp-json\/wp\/v2\/types\/page"}],"author":[{"embeddable":true,"href":"https:\/\/www.laciotat-shipyards.com\/en\/wp-json\/wp\/v2\/users\/1"}],"replies":[{"embeddable":true,"href":"https:\/\/www.laciotat-shipyards.com\/en\/wp-json\/wp\/v2\/comments?post=1541"}],"version-history":[{"count":0,"href":"https:\/\/www.laciotat-shipyards.com\/en\/wp-json\/wp\/v2\/pages\/1541\/revisions"}],"up":[{"embeddable":true,"href":"https:\/\/www.laciotat-shipyards.com\/en\/wp-json\/wp\/v2\/pages\/1539"}],"wp:attachment":[{"href":"https:\/\/www.laciotat-shipyards.com\/en\/wp-json\/wp\/v2\/media?parent=1541"}],"curies":[{"name":"wp","href":"https:\/\/api.w.org\/{rel}","templated":true}]}}