{"id":8049,"date":"2021-09-02T18:16:19","date_gmt":"2021-09-02T16:16:19","guid":{"rendered":"https:\/\/www.laciotat-shipyards.com\/?page_id=8049"},"modified":"2024-09-04T16:32:13","modified_gmt":"2024-09-04T14:32:13","slug":"portes-ouvertes","status":"publish","type":"page","link":"https:\/\/www.laciotat-shipyards.com\/en\/portes-ouvertes\/","title":{"rendered":""},"content":{"rendered":"<div class=\"wpb-content-wrapper\"><p>[vc_row gap=&#8221;30&#8243; content_placement=&#8221;middle&#8221; bg_type=&#8221;bg_color&#8221; bg_override=&#8221;full&#8221;][vc_column width=&#8221;5\/6&#8243; offset=&#8221;vc_col-lg-offset-1&#8243;][vc_single_image image=&#8221;13170&#8243; img_size=&#8221;full&#8221; css=&#8221;&#8221;]<div id=\"ultimate-heading-579669fb22f3cd645\" class=\"uvc-heading ult-adjust-bottom-margin ultimate-heading-579669fb22f3cd645 uvc-3459  uvc-heading-default-font-sizes\" data-hspacer=\"no_spacer\"  data-halign=\"center\" style=\"text-align:center\"><div class=\"uvc-heading-spacer no_spacer\" style=\"top\"><\/div><div class=\"uvc-main-heading ult-responsive\"  data-ultimate-target='.uvc-heading.ultimate-heading-579669fb22f3cd645 h1'  data-responsive-json-new='{\"font-size\":\"\",\"line-height\":\"\"}' ><h1 style=\"font-family:&#039;Raleway&#039;;font-weight:200;margin-bottom:20px;\">Journ\u00e9es Europ\u00e9\u00e8nnes du Patrimoine<\/h1><\/div><\/div>[vc_separator color=&#8221;custom&#8221; border_width=&#8221;2&#8243; el_width=&#8221;60&#8243; accent_color=&#8221;#c69f45&#8243;][vc_empty_space][vc_column_text css=&#8221;&#8221;]<\/p>\n<p style=\"text-align: justify;\">Les Chantiers Navals de La Ciotat ouvrent leurs portes le dimanche 22 septembre \u00e0 l&#8217;occasion des Journ\u00e9es Europ\u00e9ennes du Patrimoine. Cette 41e \u00e9dition plac\u00e9e sous le th\u00e8me du &#8220;patrimoine maritime&#8221; prend tout son sens sur le site naval de La Ciotat aujourd&#8217;hui reconverti dans la maintenance, la r\u00e9paration et le refit de superyachts.<\/p>\n<p style=\"text-align: justify;\">\u00c0 travers un itin\u00e9raire pi\u00e9ton, plongez au c\u0153ur de l&#8217;activit\u00e9 industrielle des chantiers, comprenez le fonctionnement des \u00e9quipements de levage de bateaux, contemplez des vues spectaculaires au plus pr\u00e8s des navires et d\u00e9couvrez toutes les actions entreprises par La Ciotat Shipyards pour pr\u00e9server et d\u00e9velopper ce patrimoine.<\/p>\n<p>[\/vc_column_text][vc_row_inner][vc_column_inner]<div class=\"standard-arrow list-divider bullet-top\"><ul>\n<li style=\"text-align: left;\"><strong>D\u00e9part<\/strong> :<\/li>\n<\/ul>\n<p>Entr\u00e9e pi\u00e9tonne depuis l&#8217;esplanade de la Capitainerie, contr\u00f4le de s\u00e9curit\u00e9 obligatoire<\/p>\n<ul>\n<li style=\"text-align: left;\"><strong>Distance totale<\/strong> :<\/li>\n<\/ul>\n<p>1,5 km (aller-retour)<\/p>\n<ul>\n<li style=\"text-align: left;\"><strong>Programme<\/strong> :<\/li>\n<\/ul>\n<p>&#8211; De 10h \u00e0 17h, visite libre sur circuit balis\u00e9 pi\u00e9ton<br \/>\n&#8211; 15h : tirage au sort pour monter au Grand Portique<\/p>\n<ul>\n<li style=\"text-align: left;\"><strong>Entr\u00e9e gratuite, sans r\u00e9servation<\/strong><\/li>\n<\/ul>\n<ul>\n<li><strong>Se rendre sur place :<\/strong><\/li>\n<\/ul>\n<p>&#8211; En voiture : parking indigo La Ciotat-Vieux Port<br \/>\n&#8211; En bus : depuis Marseille ligne 200 \/ depuis Aubagne ligne 69 arr\u00eat Office du Tourisme<br \/>\n&#8211; En train : depuis la gare de La Ciotat-Ceyreste ligne bus n\u00b0200 arr\u00eat Office du Tourisme ou voie douce en transport doux<br \/>\n&#8211; En v\u00e9lo\/trottinette : voie douce depuis la gare de La Ciotat jusqu&#8217;au port-vieux (les v\u00e9los et trottinettes sont interdits sur le site naval et devront \u00eatre gar\u00e9s \u00e0 l&#8217;ext\u00e9rieur)<\/p>\n<\/div>[vc_btn title=&#8221;Voir le plan de la visite&#8221; style=&#8221;custom&#8221; custom_background=&#8221;#c69f45&#8243; custom_text=&#8221;#ffffff&#8221; shape=&#8221;square&#8221; align=&#8221;center&#8221; i_align=&#8221;right&#8221; i_icon_fontawesome=&#8221;fas fa-chevron-down&#8221; css=&#8221;.vc_custom_1630593709002{margin-bottom: 5px !important;}&#8221; add_icon=&#8221;true&#8221; smooth_scroll=&#8221;true&#8221; link=&#8221;url:%23Itineraire|rel:nofollow&#8221; el_id=&#8221;#itineraire&#8221;][vc_empty_space height=&#8221;100px&#8221;][\/vc_column_inner][\/vc_row_inner][\/vc_column][\/vc_row][vc_row bg_type=&#8221;bg_color&#8221; bg_color_value=&#8221;#ffffff&#8221;][vc_column][vc_empty_space][\/vc_column][\/vc_row][vc_row bg_type=&#8221;bg_color&#8221; bg_override=&#8221;full&#8221; css=&#8221;.vc_custom_1725366243638{border-bottom-width: 20px !important;padding-top: 30px !important;}&#8221; bg_color_value=&#8221;#ffffff&#8221;][vc_column width=&#8221;5\/12&#8243; offset=&#8221;vc_col-lg-offset-1&#8243;][vc_single_image image=&#8221;11768&#8243; img_size=&#8221;full&#8221;][\/vc_column][vc_column width=&#8221;5\/12&#8243;]<div class=\"aio-icon-component    style_1\"><div id=\"Info-box-wrap-9217\" class=\"aio-icon-box default-icon\" style=\"\"  ><div class=\"aio-icon-default\"><div class=\"ult-just-icon-wrapper  \"><div class=\"align-icon\" style=\"text-align:center;\">\n<div class=\"aio-icon-img \" style=\"font-size:48px;display:inline-block;\" >\n\t<img decoding=\"async\" class=\"img-icon\" alt=\"null\" src=\"https:\/\/www.laciotat-shipyards.com\/semideplacyotat\/wp-content\/uploads\/2021\/09\/1-1.png\"\/>\n<\/div><\/div><\/div><\/div><div class=\"aio-icon-header\" ><h4 class=\"aio-icon-title ult-responsive\"  data-ultimate-target='#Info-box-wrap-9217 .aio-icon-title'  data-responsive-json-new='{\"font-size\":\"\",\"line-height\":\"\"}'  style=\"\">La plateforme Atlas et l'Ascenseur 4300t<\/h4><\/div> <!-- header --><\/div> <!-- aio-icon-box --><\/div> <!-- aio-icon-component -->[vc_column_text css=&#8221;&#8221;]<\/p>\n<p style=\"text-align: justify;\">La Ciotat Shipyards a livr\u00e9 en 2022 une nouvelle plateforme d\u00e9di\u00e9e aux superyachts de plus de 80 m\u00e8tres. Baptis\u00e9e Atlas tel le titan qui soul\u00e8ve la vo\u00fbte c\u00e9leste, elle permet l\u2019accueil simultan\u00e9 d\u2019au moins 7 grands yachts de 80m \u00e0 115m et est desservie par un ascenseur \u00e0 bateaux de 4300 tonnes. Atlas a \u00e9t\u00e9 construit sur l&#8217;embl\u00e9matique cale n\u00b01 servant historiquement au lancement des p\u00e9troliers et m\u00e9thaniers construits \u00e0 La Ciotat et vient compl\u00e9ter la gamme d&#8217;\u00e9quipements remarquables du site.<\/p>\n<p>[\/vc_column_text][\/vc_column][\/vc_row][vc_row bg_type=&#8221;bg_color&#8221; bg_override=&#8221;full&#8221; css=&#8221;.vc_custom_1725366252482{border-bottom-width: 20px !important;padding-top: 80px !important;}&#8221; bg_color_value=&#8221;#ffffff&#8221;][vc_column width=&#8221;5\/12&#8243; offset=&#8221;vc_col-lg-offset-1&#8243;]<div class=\"aio-icon-component    style_1\"><div id=\"Info-box-wrap-9415\" class=\"aio-icon-box default-icon\" style=\"\"  ><div class=\"aio-icon-default\"><div class=\"ult-just-icon-wrapper  \"><div class=\"align-icon\" style=\"text-align:center;\">\n<div class=\"aio-icon-img \" style=\"font-size:48px;display:inline-block;\" >\n\t<img decoding=\"async\" class=\"img-icon\" alt=\"null\" src=\"https:\/\/www.laciotat-shipyards.com\/semideplacyotat\/wp-content\/uploads\/2021\/09\/2.png\"\/>\n<\/div><\/div><\/div><\/div><div class=\"aio-icon-header\" ><h4 class=\"aio-icon-title ult-responsive\"  data-ultimate-target='#Info-box-wrap-9415 .aio-icon-title'  data-responsive-json-new='{\"font-size\":\"\",\"line-height\":\"\"}'  style=\"\">Le Yachting Village et la Source du Pr\u00e9<\/h4><\/div> <!-- header --><\/div> <!-- aio-icon-box --><\/div> <!-- aio-icon-component -->[vc_column_text]<\/p>\n<p style=\"text-align: justify;\">Construit au dessus de la source du pr\u00e9, Le flambant neuf &#8220;Yachting Village&#8221; accueille depuis juin 2021 une vingtaine d&#8217;entreprises constituant un v\u00e9ritable p\u00f4le d\u2019excellence industrielle en mati\u00e8re de yachting au pied des navires. T\u00e9moignage d&#8217;une reconversion r\u00e9ussie gr\u00e2ce \u00e0 une architecture se m\u00ealant parfaitement avec les embl\u00e9matiques nefs et la\u00a0 la mise en valeur d&#8217;un patrimoine historique.<\/p>\n<p>[\/vc_column_text][\/vc_column][vc_column width=&#8221;5\/12&#8243;][vc_single_image image=&#8221;8249&#8243; img_size=&#8221;full&#8221;][\/vc_column][\/vc_row][vc_row bg_type=&#8221;bg_color&#8221; bg_override=&#8221;full&#8221; css=&#8221;.vc_custom_1725366098799{border-bottom-width: 30px !important;padding-top: 80px !important;}&#8221; bg_color_value=&#8221;#ffffff&#8221;][vc_column width=&#8221;5\/12&#8243; offset=&#8221;vc_col-lg-offset-1&#8243;][vc_single_image image=&#8221;10174&#8243; img_size=&#8221;full&#8221;][\/vc_column][vc_column width=&#8221;5\/12&#8243;]<div class=\"aio-icon-component    style_1\"><div id=\"Info-box-wrap-7120\" class=\"aio-icon-box default-icon\" style=\"\"  ><div class=\"aio-icon-default\"><div class=\"ult-just-icon-wrapper  \"><div class=\"align-icon\" style=\"text-align:center;\">\n<div class=\"aio-icon-img \" style=\"font-size:48px;display:inline-block;\" >\n\t<img decoding=\"async\" class=\"img-icon\" alt=\"null\" src=\"https:\/\/www.laciotat-shipyards.com\/semideplacyotat\/wp-content\/uploads\/2021\/09\/3.png\"\/>\n<\/div><\/div><\/div><\/div><div class=\"aio-icon-header\" ><h4 class=\"aio-icon-title ult-responsive\"  data-ultimate-target='#Info-box-wrap-7120 .aio-icon-title'  data-responsive-json-new='{\"font-size\":\"\",\"line-height\":\"\"}'  style=\"\">La Grande Forme et le Grand Portique<\/h4><\/div> <!-- header --><\/div> <!-- aio-icon-box --><\/div> <!-- aio-icon-component -->[vc_column_text]Inaugur\u00e9s respectivement en 1969 et 1977, la Grande Forme et le Grand Portique qui la surplombent ont \u00e9t\u00e9 con\u00e7us pour la construction navale de p\u00e9troliers-gaziers, ces \u00e9quipements ont trouv\u00e9 une seconde vie dans le domaine de la r\u00e9paration de grands yachts. Le Portique soul\u00e8ve aujourd\u2019hui des yachts de 40m et plus et les d\u00e9pose dans le fond de la forme ou sur le terreplein adjacent.[\/vc_column_text][\/vc_column][\/vc_row][vc_row bg_type=&#8221;bg_color&#8221; bg_override=&#8221;full&#8221; css=&#8221;.vc_custom_1725366098799{border-bottom-width: 30px !important;padding-top: 80px !important;}&#8221; bg_color_value=&#8221;#ffffff&#8221;][vc_column offset=&#8221;vc_col-lg-offset-0&#8243;][vc_row_inner][vc_column_inner][\/vc_column_inner][\/vc_row_inner][\/vc_column][\/vc_row][vc_row gap=&#8221;30&#8243; content_placement=&#8221;middle&#8221; bg_type=&#8221;bg_color&#8221; bg_override=&#8221;full&#8221; css=&#8221;.vc_custom_1725455174587{padding-bottom: 50px !important;}&#8221; bg_color_value=&#8221;#d3b774&#8243;][vc_column width=&#8221;5\/6&#8243; offset=&#8221;vc_col-lg-offset-1&#8243;][vc_empty_space]<div class=\"dt-fancy-separator h2-size accent-border-color\" style=\"width: 100%;\"><div class=\"dt-fancy-title\" style=\"color: #ffffff;\"><span class=\"separator-holder separator-left\"><\/span>Gagnez votre place pour monter au Grand Portique !<span class=\"separator-holder separator-right\"><\/span><\/div><\/div>[vc_empty_space][vc_row_inner][vc_column_inner][vc_single_image image=&#8221;13649&#8243; img_size=&#8221;large&#8221; alignment=&#8221;center&#8221; css=&#8221;&#8221;][\/vc_column_inner][\/vc_row_inner][vc_column_text css=&#8221;&#8221;]<\/p>\n<p style=\"text-align: center;\"><span style=\"color: #ffffff;\">Laissez vos coordonn\u00e9es \u00e0 l&#8217;entr\u00e9e de la visite et participez au tirage au sort pour monter au Grand Portique. Les gagnants auront la chance d&#8217;admirer (avec leurs proches) l&#8217;une des plus belles vues de La Ciotat. \u00c2mes sensibles s&#8217;abstenir ! Le tirage au sort aura lieu \u00e0 15h pour une mont\u00e9e au Grand Portique \u00e0 16h.<\/span><\/p>\n<p>[\/vc_column_text][\/vc_column][\/vc_row][vc_row gap=&#8221;30&#8243; content_placement=&#8221;middle&#8221; video_bg=&#8221;yes&#8221; video_bg_url=&#8221;https:\/\/www.laciotat-shipyards.com\/semideplacyotat\/wp-content\/uploads\/2020\/02\/Atlas-sch\u00e9ma.mp4&#8243; bg_type=&#8221;bg_color&#8221; bg_override=&#8221;full&#8221; css=&#8221;.vc_custom_1630597769715{padding-top: 32px !important;padding-bottom: 100px !important;background-color: #ffffff !important;}&#8221; bg_color_value=&#8221;#ffffff&#8221; el_id=&#8221;Itineraire&#8221;][vc_column width=&#8221;5\/6&#8243; offset=&#8221;vc_col-lg-offset-1&#8243;]<div id=\"ultimate-heading-724369fb22f3ce3a0\" class=\"uvc-heading ult-adjust-bottom-margin ultimate-heading-724369fb22f3ce3a0 uvc-6838 Itineraire uvc-heading-default-font-sizes\" data-hspacer=\"no_spacer\"  data-halign=\"center\" style=\"text-align:center\"><div class=\"uvc-heading-spacer no_spacer\" style=\"top\"><\/div><div class=\"uvc-main-heading ult-responsive\"  data-ultimate-target='.uvc-heading.ultimate-heading-724369fb22f3ce3a0 h1'  data-responsive-json-new='{\"font-size\":\"\",\"line-height\":\"\"}' ><h1 style=\"font-weight:200;margin-bottom:20px;\">Le plan de la Visite<\/h1><\/div><\/div>[vc_separator color=&#8221;custom&#8221; border_width=&#8221;2&#8243; el_width=&#8221;80&#8243; accent_color=&#8221;#c69f45&#8243;]<style type=\"text\/css\" data-type=\"the7_shortcodes-inline-css\">.shortcode-single-image-wrap.shortcode-single-image-f82cfba07b5358f794bb3fefeba5faf7.enable-bg-rollover .rollover i,\n.shortcode-single-image-wrap.shortcode-single-image-f82cfba07b5358f794bb3fefeba5faf7.enable-bg-rollover .rollover-video i {\n  background: -webkit-linear-gradient();\n  background: linear-gradient();\n}\n.shortcode-single-image-wrap.shortcode-single-image-f82cfba07b5358f794bb3fefeba5faf7 .rollover-icon {\n  font-size: 32px;\n  color: #ffffff;\n  min-width: 44px;\n  min-height: 44px;\n  line-height: 44px;\n  border-radius: 100px;\n  border-style: solid;\n  border-width: 0px;\n}\n.dt-icon-bg-on.shortcode-single-image-wrap.shortcode-single-image-f82cfba07b5358f794bb3fefeba5faf7 .rollover-icon {\n  background: rgba(255,255,255,0.3);\n  box-shadow: none;\n}<\/style><div class=\"shortcode-single-image-wrap shortcode-single-image-f82cfba07b5358f794bb3fefeba5faf7 alignnone  enable-bg-rollover dt-icon-bg-off\" style=\"margin-top:0px; margin-bottom:0px; margin-left:0px; margin-right:0px;\" data-pretty-share=\"facebook,linkedin\"><div class=\"shortcode-single-image\"><div class=\"fancy-media-wrap\" style=\"\"><a class=\"layzr-bg rollover rollover-zoom dt-pswp-item pswp-image\" href=\"https:\/\/www.laciotat-shipyards.com\/semideplacyotat\/wp-content\/uploads\/2024\/09\/plan-de-la-visite-JEP-2024-2-scaled.jpg\" title=\"plan de la visite JEP 2024\" data-dt-img-description=\"\" data-large_image_width=\"2560\" data-large_image_height = \"1772\"  style=\"\"><img fetchpriority=\"high\" decoding=\"async\" class=\"preload-me lazy-load aspect\" src=\"data:image\/svg+xml,%3Csvg%20xmlns%3D&#39;http%3A%2F%2Fwww.w3.org%2F2000%2Fsvg&#39;%20viewBox%3D&#39;0%200%202560%201772&#39;%2F%3E\" data-src=\"https:\/\/www.laciotat-shipyards.com\/semideplacyotat\/wp-content\/uploads\/2024\/09\/plan-de-la-visite-JEP-2024-2-scaled.jpg\" data-srcset=\"https:\/\/www.laciotat-shipyards.com\/semideplacyotat\/wp-content\/uploads\/2024\/09\/plan-de-la-visite-JEP-2024-2-scaled.jpg 2560w\" loading=\"eager\" style=\"--ratio: 2560 \/ 1772\" sizes=\"(max-width: 2560px) 100vw, 2560px\" width=\"2560\" height=\"1772\"  data-dt-location=\"https:\/\/www.laciotat-shipyards.com\/en\/portes-ouvertes\/plan-de-la-visite-jep-2024-3\/\" alt=\"\" \/><\/a><\/div><\/div><\/div>[\/vc_column][\/vc_row]<\/p>\n<\/div>","protected":false},"excerpt":{"rendered":"<p>[vc_row gap=&#8221;30&#8243; content_placement=&#8221;middle&#8221; bg_type=&#8221;bg_color&#8221; bg_override=&#8221;full&#8221;][vc_column width=&#8221;5\/6&#8243; offset=&#8221;vc_col-lg-offset-1&#8243;][vc_single_image image=&#8221;13170&#8243; img_size=&#8221;full&#8221; css=&#8221;&#8221;][vc_separator color=&#8221;custom&#8221; border_width=&#8221;2&#8243; el_width=&#8221;60&#8243; accent_color=&#8221;#c69f45&#8243;][vc_empty_space][vc_column_text css=&#8221;&#8221;] Les Chantiers Navals de La Ciotat ouvrent leurs portes le dimanche 22 septembre \u00e0 l&#8217;occasion des Journ\u00e9es Europ\u00e9ennes du Patrimoine. Cette 41e \u00e9dition plac\u00e9e sous le th\u00e8me du &#8220;patrimoine maritime&#8221; prend tout son sens sur le site naval de La&hellip;<\/p>\n","protected":false},"author":347,"featured_media":0,"parent":0,"menu_order":0,"comment_status":"closed","ping_status":"closed","template":"","meta":{"footnotes":""},"class_list":["post-8049","page","type-page","status-publish","hentry","description-off"],"yoast_head":"<!-- This site is optimized with the Yoast SEO plugin v27.5 - https:\/\/yoast.com\/product\/yoast-seo-wordpress\/ -->\n<title>- La Ciotat Shipyards<\/title>\n<meta name=\"robots\" content=\"index, follow, max-snippet:-1, max-image-preview:large, max-video-preview:-1\" \/>\n<link rel=\"canonical\" href=\"https:\/\/www.laciotat-shipyards.com\/en\/portes-ouvertes\/\" \/>\n<meta property=\"og:locale\" content=\"en_US\" \/>\n<meta property=\"og:type\" content=\"article\" \/>\n<meta property=\"og:title\" content=\"- La Ciotat Shipyards\" \/>\n<meta property=\"og:description\" content=\"[vc_row gap=&#8221;30&#8243; content_placement=&#8221;middle&#8221; bg_type=&#8221;bg_color&#8221; bg_override=&#8221;full&#8221;][vc_column width=&#8221;5\/6&#8243; offset=&#8221;vc_col-lg-offset-1&#8243;][vc_single_image image=&#8221;13170&#8243; img_size=&#8221;full&#8221; css=&#8221;&#8221;][vc_separator color=&#8221;custom&#8221; border_width=&#8221;2&#8243; el_width=&#8221;60&#8243; accent_color=&#8221;#c69f45&#8243;][vc_empty_space][vc_column_text css=&#8221;&#8221;] Les Chantiers Navals de La Ciotat ouvrent leurs portes le dimanche 22 septembre \u00e0 l&#8217;occasion des Journ\u00e9es Europ\u00e9ennes du Patrimoine. Cette 41e \u00e9dition plac\u00e9e sous le th\u00e8me du &#8220;patrimoine maritime&#8221; prend tout son sens sur le site naval de La&hellip;\" \/>\n<meta property=\"og:url\" content=\"https:\/\/www.laciotat-shipyards.com\/en\/portes-ouvertes\/\" \/>\n<meta property=\"og:site_name\" content=\"La Ciotat Shipyards\" \/>\n<meta property=\"article:modified_time\" content=\"2024-09-04T14:32:13+00:00\" \/>\n<meta name=\"twitter:card\" content=\"summary_large_image\" \/>\n<meta name=\"twitter:label1\" content=\"Est. reading time\" \/>\n\t<meta name=\"twitter:data1\" content=\"4 minutes\" \/>\n<script type=\"application\/ld+json\" class=\"yoast-schema-graph\">{\"@context\":\"https:\\\/\\\/schema.org\",\"@graph\":[{\"@type\":\"WebPage\",\"@id\":\"https:\\\/\\\/www.laciotat-shipyards.com\\\/en\\\/portes-ouvertes\\\/\",\"url\":\"https:\\\/\\\/www.laciotat-shipyards.com\\\/en\\\/portes-ouvertes\\\/\",\"name\":\"- La Ciotat Shipyards\",\"isPartOf\":{\"@id\":\"https:\\\/\\\/www.laciotat-shipyards.com\\\/fr\\\/#website\"},\"datePublished\":\"2021-09-02T16:16:19+00:00\",\"dateModified\":\"2024-09-04T14:32:13+00:00\",\"inLanguage\":\"en-US\",\"potentialAction\":[{\"@type\":\"ReadAction\",\"target\":[\"https:\\\/\\\/www.laciotat-shipyards.com\\\/en\\\/portes-ouvertes\\\/\"]}]},{\"@type\":\"WebSite\",\"@id\":\"https:\\\/\\\/www.laciotat-shipyards.com\\\/fr\\\/#website\",\"url\":\"https:\\\/\\\/www.laciotat-shipyards.com\\\/fr\\\/\",\"name\":\"La Ciotat Shipyards\",\"description\":\"Site maritime d\u2019excellence en M\u00e9diterran\u00e9e\",\"potentialAction\":[{\"@type\":\"SearchAction\",\"target\":{\"@type\":\"EntryPoint\",\"urlTemplate\":\"https:\\\/\\\/www.laciotat-shipyards.com\\\/fr\\\/?s={search_term_string}\"},\"query-input\":{\"@type\":\"PropertyValueSpecification\",\"valueRequired\":true,\"valueName\":\"search_term_string\"}}],\"inLanguage\":\"en-US\"}]}<\/script>\n<!-- \/ Yoast SEO plugin. -->","yoast_head_json":{"title":"- La Ciotat Shipyards","robots":{"index":"index","follow":"follow","max-snippet":"max-snippet:-1","max-image-preview":"max-image-preview:large","max-video-preview":"max-video-preview:-1"},"canonical":"https:\/\/www.laciotat-shipyards.com\/en\/portes-ouvertes\/","og_locale":"en_US","og_type":"article","og_title":"- La Ciotat Shipyards","og_description":"[vc_row gap=&#8221;30&#8243; content_placement=&#8221;middle&#8221; bg_type=&#8221;bg_color&#8221; bg_override=&#8221;full&#8221;][vc_column width=&#8221;5\/6&#8243; offset=&#8221;vc_col-lg-offset-1&#8243;][vc_single_image image=&#8221;13170&#8243; img_size=&#8221;full&#8221; css=&#8221;&#8221;][vc_separator color=&#8221;custom&#8221; border_width=&#8221;2&#8243; el_width=&#8221;60&#8243; accent_color=&#8221;#c69f45&#8243;][vc_empty_space][vc_column_text css=&#8221;&#8221;] Les Chantiers Navals de La Ciotat ouvrent leurs portes le dimanche 22 septembre \u00e0 l&#8217;occasion des Journ\u00e9es Europ\u00e9ennes du Patrimoine. Cette 41e \u00e9dition plac\u00e9e sous le th\u00e8me du &#8220;patrimoine maritime&#8221; prend tout son sens sur le site naval de La&hellip;","og_url":"https:\/\/www.laciotat-shipyards.com\/en\/portes-ouvertes\/","og_site_name":"La Ciotat Shipyards","article_modified_time":"2024-09-04T14:32:13+00:00","twitter_card":"summary_large_image","twitter_misc":{"Est. reading time":"4 minutes"},"schema":{"@context":"https:\/\/schema.org","@graph":[{"@type":"WebPage","@id":"https:\/\/www.laciotat-shipyards.com\/en\/portes-ouvertes\/","url":"https:\/\/www.laciotat-shipyards.com\/en\/portes-ouvertes\/","name":"- La Ciotat Shipyards","isPartOf":{"@id":"https:\/\/www.laciotat-shipyards.com\/fr\/#website"},"datePublished":"2021-09-02T16:16:19+00:00","dateModified":"2024-09-04T14:32:13+00:00","inLanguage":"en-US","potentialAction":[{"@type":"ReadAction","target":["https:\/\/www.laciotat-shipyards.com\/en\/portes-ouvertes\/"]}]},{"@type":"WebSite","@id":"https:\/\/www.laciotat-shipyards.com\/fr\/#website","url":"https:\/\/www.laciotat-shipyards.com\/fr\/","name":"La Ciotat Shipyards","description":"Site maritime d\u2019excellence en M\u00e9diterran\u00e9e","potentialAction":[{"@type":"SearchAction","target":{"@type":"EntryPoint","urlTemplate":"https:\/\/www.laciotat-shipyards.com\/fr\/?s={search_term_string}"},"query-input":{"@type":"PropertyValueSpecification","valueRequired":true,"valueName":"search_term_string"}}],"inLanguage":"en-US"}]}},"_links":{"self":[{"href":"https:\/\/www.laciotat-shipyards.com\/en\/wp-json\/wp\/v2\/pages\/8049","targetHints":{"allow":["GET"]}}],"collection":[{"href":"https:\/\/www.laciotat-shipyards.com\/en\/wp-json\/wp\/v2\/pages"}],"about":[{"href":"https:\/\/www.laciotat-shipyards.com\/en\/wp-json\/wp\/v2\/types\/page"}],"author":[{"embeddable":true,"href":"https:\/\/www.laciotat-shipyards.com\/en\/wp-json\/wp\/v2\/users\/347"}],"replies":[{"embeddable":true,"href":"https:\/\/www.laciotat-shipyards.com\/en\/wp-json\/wp\/v2\/comments?post=8049"}],"version-history":[{"count":204,"href":"https:\/\/www.laciotat-shipyards.com\/en\/wp-json\/wp\/v2\/pages\/8049\/revisions"}],"predecessor-version":[{"id":13713,"href":"https:\/\/www.laciotat-shipyards.com\/en\/wp-json\/wp\/v2\/pages\/8049\/revisions\/13713"}],"wp:attachment":[{"href":"https:\/\/www.laciotat-shipyards.com\/en\/wp-json\/wp\/v2\/media?parent=8049"}],"curies":[{"name":"wp","href":"https:\/\/api.w.org\/{rel}","templated":true}]}}