{"id":11585,"date":"2023-07-26T16:55:12","date_gmt":"2023-07-26T14:55:12","guid":{"rendered":"https:\/\/www.laciotat-shipyards.com\/?page_id=11585"},"modified":"2023-11-02T15:25:57","modified_gmt":"2023-11-02T14:25:57","slug":"visite-virtuelle-360","status":"publish","type":"page","link":"https:\/\/www.laciotat-shipyards.com\/fr\/visite-virtuelle-360\/","title":{"rendered":"Visite virtuelle \u00e0 360\u00b0"},"content":{"rendered":"<div class=\"wpb-content-wrapper\"><p>[vc_row][vc_column][vc_raw_html css=\u00a0\u00bb.vc_custom_1694176096112{margin-top: 0px !important;margin-right: 0px !important;margin-bottom: 0px !important;margin-left: 0px !important;border-top-width: 0px !important;border-right-width: 0px !important;border-bottom-width: 0px !important;border-left-width: 0px !important;padding-top: 0px !important;padding-right: 0px !important;padding-bottom: 0px !important;padding-left: 0px !important;}\u00a0\u00bb]JTNDb2JqZWN0JTIwd2lkdGglM0QlMjIxMDAlMjUlMjIlMjBoZWlnaHQlM0QlMjIxMDAlMjUlMjIlM0UlMEElM0NlbWJlZCUyMHNyYyUzRCUyMmh0dHBzJTNBJTJGJTJGc2l0ZWRlZGVtby5ldSUyRjM2MCUyRmNpb3RhdC1zaGlweWFyZHMtdGVtcC5odG1sJTIyJTIwd2lkdGglM0QlMjIxMjAwJTIyJTIwaGVpZ2h0JTNEJTIyNzAwJTIyJTIwYWxsb3dGdWxsU2NyZWVuJTNEJTIydHJ1ZSUyMiUzRSUzQyUyRmVtYmVkJTNFJTBBJTNDJTJGb2JqZWN0JTNF[\/vc_raw_html][vc_column_text css=\u00a0\u00bb.vc_custom_1698935153870{margin-bottom: 0px !important;border-bottom-width: 0px !important;padding-bottom: 0px !important;}\u00a0\u00bb]<\/p>\n<p style=\"font-size: 12px;\"><em>Visite virtuelle r\u00e9alis\u00e9e par <a href=\"https:\/\/pytweb.fr\/\" target=\"_blank\" rel=\"noopener\">PYTWEB<\/a><\/em><\/p>\n<p>[\/vc_column_text][\/vc_column][\/vc_row]<\/p>\n<\/div>","protected":false},"excerpt":{"rendered":"<p>[vc_row][vc_column][vc_raw_html css=\u00a0\u00bb.vc_custom_1694176096112{margin-top: 0px !important;margin-right: 0px !important;margin-bottom: 0px !important;margin-left: 0px !important;border-top-width: 0px !important;border-right-width: 0px !important;border-bottom-width: 0px !important;border-left-width: 0px !important;padding-top: 0px !important;padding-right: 0px !important;padding-bottom: 0px !important;padding-left: 0px !important;}\u00a0\u00bb]JTNDb2JqZWN0JTIwd2lkdGglM0QlMjIxMDAlMjUlMjIlMjBoZWlnaHQlM0QlMjIxMDAlMjUlMjIlM0UlMEElM0NlbWJlZCUyMHNyYyUzRCUyMmh0dHBzJTNBJTJGJTJGc2l0ZWRlZGVtby5ldSUyRjM2MCUyRmNpb3RhdC1zaGlweWFyZHMtdGVtcC5odG1sJTIyJTIwd2lkdGglM0QlMjIxMjAwJTIyJTIwaGVpZ2h0JTNEJTIyNzAwJTIyJTIwYWxsb3dGdWxsU2NyZWVuJTNEJTIydHJ1ZSUyMiUzRSUzQyUyRmVtYmVkJTNFJTBBJTNDJTJGb2JqZWN0JTNF[\/vc_raw_html][vc_column_text css=\u00a0\u00bb.vc_custom_1698935153870{margin-bottom: 0px !important;border-bottom-width: 0px !important;padding-bottom: 0px !important;}\u00a0\u00bb] Visite virtuelle r\u00e9alis\u00e9e par PYTWEB [\/vc_column_text][\/vc_column][\/vc_row]<\/p>\n","protected":false},"author":347,"featured_media":0,"parent":0,"menu_order":0,"comment_status":"closed","ping_status":"closed","template":"","meta":{"footnotes":""},"class_list":["post-11585","page","type-page","status-publish","hentry","description-off"],"yoast_head":"<!-- This site is optimized with the Yoast SEO plugin v27.5 - https:\/\/yoast.com\/product\/yoast-seo-wordpress\/ -->\n<title>Visite virtuelle \u00e0 360\u00b0 - La Ciotat Shipyards<\/title>\n<meta name=\"description\" content=\"Immersion au c\u0153ur des chantiers navals de La Ciotat gr\u00e2ce \u00e0 une visite virtuelle \u00e0 360\u00b0 dans les lieux strat\u00e9giques du site naval\" \/>\n<meta name=\"robots\" content=\"index, follow, max-snippet:-1, max-image-preview:large, max-video-preview:-1\" \/>\n<link rel=\"canonical\" href=\"https:\/\/www.laciotat-shipyards.com\/fr\/visite-virtuelle-360\/\" \/>\n<meta property=\"og:locale\" content=\"fr_FR\" \/>\n<meta property=\"og:type\" content=\"article\" \/>\n<meta property=\"og:title\" content=\"Visite virtuelle \u00e0 360\u00b0 - La Ciotat Shipyards\" \/>\n<meta property=\"og:description\" content=\"Immersion au c\u0153ur des chantiers navals de La Ciotat gr\u00e2ce \u00e0 une visite virtuelle \u00e0 360\u00b0 dans les lieux strat\u00e9giques du site naval\" \/>\n<meta property=\"og:url\" content=\"https:\/\/www.laciotat-shipyards.com\/fr\/visite-virtuelle-360\/\" \/>\n<meta property=\"og:site_name\" content=\"La Ciotat Shipyards\" \/>\n<meta property=\"article:modified_time\" content=\"2023-11-02T14:25:57+00:00\" \/>\n<meta name=\"twitter:card\" content=\"summary_large_image\" \/>\n<meta name=\"twitter:label1\" content=\"Dur\u00e9e de lecture estim\u00e9e\" \/>\n\t<meta name=\"twitter:data1\" content=\"1 minute\" \/>\n<script type=\"application\/ld+json\" class=\"yoast-schema-graph\">{\"@context\":\"https:\\\/\\\/schema.org\",\"@graph\":[{\"@type\":\"WebPage\",\"@id\":\"https:\\\/\\\/www.laciotat-shipyards.com\\\/fr\\\/visite-virtuelle-360\\\/\",\"url\":\"https:\\\/\\\/www.laciotat-shipyards.com\\\/fr\\\/visite-virtuelle-360\\\/\",\"name\":\"Visite virtuelle \u00e0 360\u00b0 - La Ciotat Shipyards\",\"isPartOf\":{\"@id\":\"https:\\\/\\\/www.laciotat-shipyards.com\\\/fr\\\/#website\"},\"datePublished\":\"2023-07-26T14:55:12+00:00\",\"dateModified\":\"2023-11-02T14:25:57+00:00\",\"description\":\"Immersion au c\u0153ur des chantiers navals de La Ciotat gr\u00e2ce \u00e0 une visite virtuelle \u00e0 360\u00b0 dans les lieux strat\u00e9giques du site naval\",\"breadcrumb\":{\"@id\":\"https:\\\/\\\/www.laciotat-shipyards.com\\\/fr\\\/visite-virtuelle-360\\\/#breadcrumb\"},\"inLanguage\":\"fr-FR\",\"potentialAction\":[{\"@type\":\"ReadAction\",\"target\":[\"https:\\\/\\\/www.laciotat-shipyards.com\\\/fr\\\/visite-virtuelle-360\\\/\"]}]},{\"@type\":\"BreadcrumbList\",\"@id\":\"https:\\\/\\\/www.laciotat-shipyards.com\\\/fr\\\/visite-virtuelle-360\\\/#breadcrumb\",\"itemListElement\":[{\"@type\":\"ListItem\",\"position\":1,\"name\":\"Accueil\",\"item\":\"https:\\\/\\\/www.laciotat-shipyards.com\\\/fr\\\/\"},{\"@type\":\"ListItem\",\"position\":2,\"name\":\"Visite virtuelle \u00e0 360\u00b0\"}]},{\"@type\":\"WebSite\",\"@id\":\"https:\\\/\\\/www.laciotat-shipyards.com\\\/fr\\\/#website\",\"url\":\"https:\\\/\\\/www.laciotat-shipyards.com\\\/fr\\\/\",\"name\":\"La Ciotat Shipyards\",\"description\":\"Site maritime d\u2019excellence en M\u00e9diterran\u00e9e\",\"potentialAction\":[{\"@type\":\"SearchAction\",\"target\":{\"@type\":\"EntryPoint\",\"urlTemplate\":\"https:\\\/\\\/www.laciotat-shipyards.com\\\/fr\\\/?s={search_term_string}\"},\"query-input\":{\"@type\":\"PropertyValueSpecification\",\"valueRequired\":true,\"valueName\":\"search_term_string\"}}],\"inLanguage\":\"fr-FR\"}]}<\/script>\n<!-- \/ Yoast SEO plugin. -->","yoast_head_json":{"title":"Visite virtuelle \u00e0 360\u00b0 - La Ciotat Shipyards","description":"Immersion au c\u0153ur des chantiers navals de La Ciotat gr\u00e2ce \u00e0 une visite virtuelle \u00e0 360\u00b0 dans les lieux strat\u00e9giques du site naval","robots":{"index":"index","follow":"follow","max-snippet":"max-snippet:-1","max-image-preview":"max-image-preview:large","max-video-preview":"max-video-preview:-1"},"canonical":"https:\/\/www.laciotat-shipyards.com\/fr\/visite-virtuelle-360\/","og_locale":"fr_FR","og_type":"article","og_title":"Visite virtuelle \u00e0 360\u00b0 - La Ciotat Shipyards","og_description":"Immersion au c\u0153ur des chantiers navals de La Ciotat gr\u00e2ce \u00e0 une visite virtuelle \u00e0 360\u00b0 dans les lieux strat\u00e9giques du site naval","og_url":"https:\/\/www.laciotat-shipyards.com\/fr\/visite-virtuelle-360\/","og_site_name":"La Ciotat Shipyards","article_modified_time":"2023-11-02T14:25:57+00:00","twitter_card":"summary_large_image","twitter_misc":{"Dur\u00e9e de lecture estim\u00e9e":"1 minute"},"schema":{"@context":"https:\/\/schema.org","@graph":[{"@type":"WebPage","@id":"https:\/\/www.laciotat-shipyards.com\/fr\/visite-virtuelle-360\/","url":"https:\/\/www.laciotat-shipyards.com\/fr\/visite-virtuelle-360\/","name":"Visite virtuelle \u00e0 360\u00b0 - La Ciotat Shipyards","isPartOf":{"@id":"https:\/\/www.laciotat-shipyards.com\/fr\/#website"},"datePublished":"2023-07-26T14:55:12+00:00","dateModified":"2023-11-02T14:25:57+00:00","description":"Immersion au c\u0153ur des chantiers navals de La Ciotat gr\u00e2ce \u00e0 une visite virtuelle \u00e0 360\u00b0 dans les lieux strat\u00e9giques du site naval","breadcrumb":{"@id":"https:\/\/www.laciotat-shipyards.com\/fr\/visite-virtuelle-360\/#breadcrumb"},"inLanguage":"fr-FR","potentialAction":[{"@type":"ReadAction","target":["https:\/\/www.laciotat-shipyards.com\/fr\/visite-virtuelle-360\/"]}]},{"@type":"BreadcrumbList","@id":"https:\/\/www.laciotat-shipyards.com\/fr\/visite-virtuelle-360\/#breadcrumb","itemListElement":[{"@type":"ListItem","position":1,"name":"Accueil","item":"https:\/\/www.laciotat-shipyards.com\/fr\/"},{"@type":"ListItem","position":2,"name":"Visite virtuelle \u00e0 360\u00b0"}]},{"@type":"WebSite","@id":"https:\/\/www.laciotat-shipyards.com\/fr\/#website","url":"https:\/\/www.laciotat-shipyards.com\/fr\/","name":"La Ciotat Shipyards","description":"Site maritime d\u2019excellence en M\u00e9diterran\u00e9e","potentialAction":[{"@type":"SearchAction","target":{"@type":"EntryPoint","urlTemplate":"https:\/\/www.laciotat-shipyards.com\/fr\/?s={search_term_string}"},"query-input":{"@type":"PropertyValueSpecification","valueRequired":true,"valueName":"search_term_string"}}],"inLanguage":"fr-FR"}]}},"_links":{"self":[{"href":"https:\/\/www.laciotat-shipyards.com\/fr\/wp-json\/wp\/v2\/pages\/11585","targetHints":{"allow":["GET"]}}],"collection":[{"href":"https:\/\/www.laciotat-shipyards.com\/fr\/wp-json\/wp\/v2\/pages"}],"about":[{"href":"https:\/\/www.laciotat-shipyards.com\/fr\/wp-json\/wp\/v2\/types\/page"}],"author":[{"embeddable":true,"href":"https:\/\/www.laciotat-shipyards.com\/fr\/wp-json\/wp\/v2\/users\/347"}],"replies":[{"embeddable":true,"href":"https:\/\/www.laciotat-shipyards.com\/fr\/wp-json\/wp\/v2\/comments?post=11585"}],"version-history":[{"count":61,"href":"https:\/\/www.laciotat-shipyards.com\/fr\/wp-json\/wp\/v2\/pages\/11585\/revisions"}],"predecessor-version":[{"id":12420,"href":"https:\/\/www.laciotat-shipyards.com\/fr\/wp-json\/wp\/v2\/pages\/11585\/revisions\/12420"}],"wp:attachment":[{"href":"https:\/\/www.laciotat-shipyards.com\/fr\/wp-json\/wp\/v2\/media?parent=11585"}],"curies":[{"name":"wp","href":"https:\/\/api.w.org\/{rel}","templated":true}]}}