{"id":1270,"date":"2018-07-12T15:53:41","date_gmt":"2018-07-12T13:53:41","guid":{"rendered":"https:\/\/www.laciotat-shipyards.com\/semideplacyotat\/?page_id=1270"},"modified":"2025-10-25T19:37:52","modified_gmt":"2025-10-25T17:37:52","slug":"espace-candidat","status":"publish","type":"page","link":"https:\/\/www.laciotat-shipyards.com\/fr\/recrutement\/espace-candidat\/","title":{"rendered":"Espace candidat"},"content":{"rendered":"<div class=\"wpb-content-wrapper\"><p>[vc_row][vc_column]<div class=\" vc_custom_1761413866740 ubtn-ctn-left \"><a class=\"ubtn-link ult-adjust-bottom-margin ubtn-left ubtn-custom \" href=\"https:\/\/www.laciotat-shipyards.com\/fr\/recrutement\" ><button type=\"button\" id=\"ubtn-6048\"  class=\"ubtn ult-adjust-bottom-margin ult-responsive ubtn-custom ubtn-right-bg  none  ubtn-sep-icon ubtn-sep-icon-left  ubtn-left   tooltip-69f5d62d62ba8\"  data-hover=\"#ffffff\" data-border-color=\"\" data-bg=\"#c69f45\" data-hover-bg=\"#646771\" data-border-hover=\"\" data-shadow-hover=\"\" data-shadow-click=\"none\" data-shadow=\"\" data-shd-shadow=\"\"  data-ultimate-target='#ubtn-6048'  data-responsive-json-new='{\"font-size\":\"desktop:15px;\",\"line-height\":\"desktop:18px;\"}'  style=\"font-family:&#039;Raleway&#039;;font-weight:500;width:250px;min-height:35px;padding:5px 10px;border:none;background: #c69f45;color: #ffffff;\"><span class=\"ubtn-data ubtn-icon\"><i class=\"Defaults-chevron-left\" style=\"font-size:15px;color:#ffffff;\"><\/i><\/span><span class=\"ubtn-hover\" style=\"background-color:#646771\"><\/span><span class=\"ubtn-data ubtn-text \" >Voir les offres d&#039;emploi<\/span><\/button><\/a><\/div>[\/vc_column][\/vc_row][vc_row][vc_column][vc_column_text][\/vc_column_text][vc_column_text]<\/p>\n<h2>D\u00e9poser un CV<\/h2>\n<p>Pour r\u00e9pondre \u00e0 ma demande, j\u2019autorise La Ciotat Shipyards \u00e0 stocker mes donn\u00e9es renseign\u00e9es dans ce formulaire.<\/p>\n<p><form action=\"\/fr\/wp-json\/wp\/v2\/pages\/1270\" method=\"post\" id=\"submit-resume-form\" class=\"job-manager-form\" enctype=\"multipart\/form-data\"  >\n\n\t<input type=\"hidden\" id=\"_wpjm_nonce\" name=\"_wpjm_nonce\" value=\"15b1805f65\" \/><input type=\"hidden\" name=\"_wp_http_referer\" value=\"\/fr\/wp-json\/wp\/v2\/pages\/1270\" \/>\n\t\n\t\t\t<fieldset>\n\t\t<label>Vous avez d\u00e9j\u00e0 un compte ?<\/label>\n\t\t<div class=\"field account-sign-in\">\n\t\t\t<a class=\"button\" href=\"https:\/\/www.laciotat-shipyards.com\/semideplacyotat\/wp-login.php?redirect_to=https%3A%2F%2Fwww.laciotat-shipyards.com%2Ffr%2Frecrutement%2Fespace-candidat%2F%3Fjob_id%3D0\">Connectez-vous<\/a>\n\n\t\t\t\n\t\t\t\tSi vous n\u2019avez pas de compte, vous pouvez en cr\u00e9er un ci-dessous en saisissant votre adresse e-mail. Les d\u00e9tails de votre compte seront confirm\u00e9s par e-mail.\n\t\t\t\t\t<\/div>\n\t<\/fieldset>\n\t\n\n\t\n\t\n\t\t<!-- Resume Fields -->\n\t\t\n\t\t\t\t\t<fieldset class=\"fieldset-candidate_name\">\n\t\t\t\t<label for=\"candidate_name\">Vos nom\u00a0et pr\u00e9nom<\/label>\n\t\t\t\t<div class=\"field\">\n\t\t\t\t\t<input type=\"text\" class=\"input-text\" name=\"candidate_name\" id=\"candidate_name\" placeholder=\"Nom et pr\u00e9nom\" value=\"\" maxlength=\"\" required \/>\n\t\t\t\t<\/div>\n\t\t\t<\/fieldset>\n\t\t\t\t\t<fieldset class=\"fieldset-candidate_email\">\n\t\t\t\t<label for=\"candidate_email\">Votre adresse mail<\/label>\n\t\t\t\t<div class=\"field\">\n\t\t\t\t\t<input type=\"text\" class=\"input-text\" name=\"candidate_email\" id=\"candidate_email\" placeholder=\"you@yourdomain.com\" value=\"\" maxlength=\"\" required \/>\n\t\t\t\t<\/div>\n\t\t\t<\/fieldset>\n\t\t\t\t\t<fieldset class=\"fieldset-candidate_title\">\n\t\t\t\t<label for=\"candidate_title\">Titre professionnel<\/label>\n\t\t\t\t<div class=\"field\">\n\t\t\t\t\t<input type=\"text\" class=\"input-text\" name=\"candidate_title\" id=\"candidate_title\" placeholder=\"ex. &quot;Ing\u00e9nieur moteur&quot;\" value=\"\" maxlength=\"\" required \/>\n\t\t\t\t<\/div>\n\t\t\t<\/fieldset>\n\t\t\t\t\t<fieldset class=\"fieldset-candidate_location\">\n\t\t\t\t<label for=\"candidate_location\">Localisation<\/label>\n\t\t\t\t<div class=\"field\">\n\t\t\t\t\t<input type=\"text\" class=\"input-text\" name=\"candidate_location\" id=\"candidate_location\" placeholder=\"ex. &quot;La Ciotat FR&quot;, &quot;New York&quot;, &quot;London, UK&quot;\" value=\"\" maxlength=\"\" required \/>\n\t\t\t\t<\/div>\n\t\t\t<\/fieldset>\n\t\t\t\t\t<fieldset class=\"fieldset-candidate_photo\">\n\t\t\t\t<label for=\"candidate_photo\">Photo <small>(optionnel)<\/small><\/label>\n\t\t\t\t<div class=\"field\">\n\t\t\t\t\t<div class=\"job-manager-uploaded-files\">\n\t<\/div>\n\n<input\n\ttype=\"file\"\n\tclass=\"input-text\"\n\tdata-file_types=\"jpg|jpeg|gif|png\"\n\t\t\t\t\tname=\"candidate_photo\"\n\tid=\"candidate_photo\"\n\tplaceholder=\"\"\n\/>\n<small class=\"description\">\n\t\t\tTaille maximale du fichier\u00a0: 39 Mo.\t<\/small>\n\t\t\t\t<\/div>\n\t\t\t<\/fieldset>\n\t\t\t\t\t<fieldset class=\"fieldset-candidate_video\">\n\t\t\t\t<label for=\"candidate_video\">Vid\u00e9o <small>(optionnel)<\/small><\/label>\n\t\t\t\t<div class=\"field\">\n\t\t\t\t\t<input type=\"text\" class=\"input-text\" name=\"candidate_video\" id=\"candidate_video\" placeholder=\"Un lien vers une vid\u00e9o sur vous-m\u00eame\" value=\"\" maxlength=\"\"  \/>\n\t\t\t\t<\/div>\n\t\t\t<\/fieldset>\n\t\t\t\t\t<fieldset class=\"fieldset-resume_category\">\n\t\t\t\t<label for=\"resume_category\">Vous recherchez<\/label>\n\t\t\t\t<div class=\"field\">\n\t\t\t\t\t<select name='resume_category[]' id='resume_category' class='job-manager-category-dropdown ' multiple='multiple' data-placeholder='Choisissez une cat\u00e9gorie&hellip;' data-no_results_text='Aucun r\u00e9sultat' data-multiple_text='Choisir une option'>\n\t<option class=\"level-0\" value=\"52\">Emploi<\/option>\n\t<option class=\"level-0\" value=\"53\">Stage<\/option>\n\t<option class=\"level-0\" value=\"52\">Emploi<\/option>\n\t<option class=\"level-0\" value=\"53\">Stage<\/option>\n<\/select>\n\t\t\t\t<\/div>\n\t\t\t<\/fieldset>\n\t\t\t\t\t<fieldset class=\"fieldset-resume_content\">\n\t\t\t\t<label for=\"resume_content\">Contenu du CV<\/label>\n\t\t\t\t<div class=\"field\">\n\t\t\t\t\t<div id=\"wp-resume_content-wrap\" class=\"wp-core-ui wp-editor-wrap tmce-active\"><link rel='stylesheet' id='dashicons-css' href='https:\/\/www.laciotat-shipyards.com\/semideplacyotat\/wp-includes\/css\/dashicons.min.css?ver=d3e0f086aef64d0246f2e4d4c477060a' media='all' \/>\n<link rel='stylesheet' id='editor-buttons-css' href='https:\/\/www.laciotat-shipyards.com\/semideplacyotat\/wp-includes\/css\/editor.min.css?ver=d3e0f086aef64d0246f2e4d4c477060a' media='all' \/>\n<style> .mce-top-part button { background-color: rgba(0,0,0,0.0) !important; } <\/style>\n<div id=\"wp-resume_content-editor-container\" class=\"wp-editor-container\"><textarea class=\"wp-editor-area\" rows=\"8\" autocomplete=\"off\" cols=\"40\" name=\"resume_content\" id=\"resume_content\"><\/textarea><\/div>\n<\/div>\n\n\t\t\t\t<\/div>\n\t\t\t<\/fieldset>\n\t\t\t\t\t<fieldset class=\"fieldset-links\">\n\t\t\t\t<label for=\"links\">URL(s) <small>(optionnel)<\/small><\/label>\n\t\t\t\t<div class=\"field\">\n\t\t\t\t\t\n<a href=\"#\" class=\"resume-manager-add-row\" data-row=\"\n\t\t&lt;div class=&quot;resume-manager-data-row&quot;&gt;\n\t\t\t&lt;input type=&quot;hidden&quot; class=&quot;repeated-row-index&quot; name=&quot;repeated-row-links[]&quot; value=&quot;%%repeated-row-index%%&quot; \/&gt;\n\t\t\t&lt;a href=&quot;#&quot; class=&quot;resume-manager-remove-row&quot;&gt;Supprimer&lt;\/a&gt;\n\t\t\t\t\t\t\t&lt;fieldset class=&quot;fieldset-name&quot;&gt;\n\t\t\t\t\t&lt;label for=&quot;links_name_%%repeated-row-index%%&quot;&gt;Nom&lt;\/label&gt;\n\t\t\t\t\t&lt;div class=&quot;field&quot;&gt;\n\t\t\t\t\t\t&lt;input type=&quot;text&quot; class=&quot;input-text&quot; name=&quot;links_name_%%repeated-row-index%%&quot; id=&quot;links_name_%%repeated-row-index%%&quot; placeholder=&quot;&quot; value=&quot;&quot; maxlength=&quot;&quot; required \/&gt;\n\t\t\t\t\t&lt;\/div&gt;\n\t\t\t\t&lt;\/fieldset&gt;\n\t\t\t\t\t\t\t&lt;fieldset class=&quot;fieldset-url&quot;&gt;\n\t\t\t\t\t&lt;label for=&quot;links_url_%%repeated-row-index%%&quot;&gt;URL&lt;\/label&gt;\n\t\t\t\t\t&lt;div class=&quot;field&quot;&gt;\n\t\t\t\t\t\t&lt;input type=&quot;text&quot; class=&quot;input-text&quot; name=&quot;links_url_%%repeated-row-index%%&quot; id=&quot;links_url_%%repeated-row-index%%&quot; placeholder=&quot;&quot; value=&quot;&quot; maxlength=&quot;&quot; required \/&gt;\n\t\t\t\t\t&lt;\/div&gt;\n\t\t\t\t&lt;\/fieldset&gt;\n\t\t\t\t\t&lt;\/div&gt;\n\t\t\">+ Ajouter une URL<\/a>\n\t<small class=\"description\">Vous pouvez optionnellement mettre un lien vers votre site internet ou vos profils sur les r\u00e9seaux sociaux.<\/small>\t\t\t\t<\/div>\n\t\t\t<\/fieldset>\n\t\t\t\t\t<fieldset class=\"fieldset-candidate_education\">\n\t\t\t\t<label for=\"candidate_education\">Formation <small>(optionnel)<\/small><\/label>\n\t\t\t\t<div class=\"field\">\n\t\t\t\t\t\n<a href=\"#\" class=\"resume-manager-add-row\" data-row=\"\n\t\t&lt;div class=&quot;resume-manager-data-row&quot;&gt;\n\t\t\t&lt;input type=&quot;hidden&quot; class=&quot;repeated-row-index&quot; name=&quot;repeated-row-candidate_education[]&quot; value=&quot;%%repeated-row-index%%&quot; \/&gt;\n\t\t\t&lt;a href=&quot;#&quot; class=&quot;resume-manager-remove-row&quot;&gt;Supprimer&lt;\/a&gt;\n\t\t\t\t\t\t\t&lt;fieldset class=&quot;fieldset-location&quot;&gt;\n\t\t\t\t\t&lt;label for=&quot;candidate_education_location_%%repeated-row-index%%&quot;&gt;\u00c9tablissement&lt;\/label&gt;\n\t\t\t\t\t&lt;div class=&quot;field&quot;&gt;\n\t\t\t\t\t\t&lt;input type=&quot;text&quot; class=&quot;input-text&quot; name=&quot;candidate_education_location_%%repeated-row-index%%&quot; id=&quot;candidate_education_location_%%repeated-row-index%%&quot; placeholder=&quot;&quot; value=&quot;&quot; maxlength=&quot;&quot; required \/&gt;\n\t\t\t\t\t&lt;\/div&gt;\n\t\t\t\t&lt;\/fieldset&gt;\n\t\t\t\t\t\t\t&lt;fieldset class=&quot;fieldset-qualification&quot;&gt;\n\t\t\t\t\t&lt;label for=&quot;candidate_education_qualification_%%repeated-row-index%%&quot;&gt;Dipl\u00f4me(s)&lt;\/label&gt;\n\t\t\t\t\t&lt;div class=&quot;field&quot;&gt;\n\t\t\t\t\t\t&lt;input type=&quot;text&quot; class=&quot;input-text&quot; name=&quot;candidate_education_qualification_%%repeated-row-index%%&quot; id=&quot;candidate_education_qualification_%%repeated-row-index%%&quot; placeholder=&quot;&quot; value=&quot;&quot; maxlength=&quot;&quot; required \/&gt;\n\t\t\t\t\t&lt;\/div&gt;\n\t\t\t\t&lt;\/fieldset&gt;\n\t\t\t\t\t\t\t&lt;fieldset class=&quot;fieldset-date&quot;&gt;\n\t\t\t\t\t&lt;label for=&quot;candidate_education_date_%%repeated-row-index%%&quot;&gt;Date de d\u00e9but\/fin&lt;\/label&gt;\n\t\t\t\t\t&lt;div class=&quot;field&quot;&gt;\n\t\t\t\t\t\t&lt;input type=&quot;text&quot; class=&quot;input-text&quot; name=&quot;candidate_education_date_%%repeated-row-index%%&quot; id=&quot;candidate_education_date_%%repeated-row-index%%&quot; placeholder=&quot;&quot; value=&quot;&quot; maxlength=&quot;&quot; required \/&gt;\n\t\t\t\t\t&lt;\/div&gt;\n\t\t\t\t&lt;\/fieldset&gt;\n\t\t\t\t\t\t\t&lt;fieldset class=&quot;fieldset-notes&quot;&gt;\n\t\t\t\t\t&lt;label for=&quot;candidate_education_notes_%%repeated-row-index%%&quot;&gt;Notes &lt;small&gt;(optionnel)&lt;\/small&gt;&lt;\/label&gt;\n\t\t\t\t\t&lt;div class=&quot;field&quot;&gt;\n\t\t\t\t\t\t&lt;textarea cols=&quot;20&quot; rows=&quot;3&quot; class=&quot;input-text&quot; name=&quot;candidate_education_notes_%%repeated-row-index%%&quot; id=&quot;candidate_education_notes_%%repeated-row-index%%&quot; placeholder=&quot;&quot; maxlength=&quot;&quot; &gt;&lt;\/textarea&gt;\n\t\t\t\t\t&lt;\/div&gt;\n\t\t\t\t&lt;\/fieldset&gt;\n\t\t\t\t\t&lt;\/div&gt;\n\t\t\">+ Ajouter dipl\u00f4me<\/a>\n\t\t\t\t<\/div>\n\t\t\t<\/fieldset>\n\t\t\t\t\t<fieldset class=\"fieldset-candidate_experience\">\n\t\t\t\t<label for=\"candidate_experience\">Experience <small>(optionnel)<\/small><\/label>\n\t\t\t\t<div class=\"field\">\n\t\t\t\t\t\n<a href=\"#\" class=\"resume-manager-add-row\" data-row=\"\n\t\t&lt;div class=&quot;resume-manager-data-row&quot;&gt;\n\t\t\t&lt;input type=&quot;hidden&quot; class=&quot;repeated-row-index&quot; name=&quot;repeated-row-candidate_experience[]&quot; value=&quot;%%repeated-row-index%%&quot; \/&gt;\n\t\t\t&lt;a href=&quot;#&quot; class=&quot;resume-manager-remove-row&quot;&gt;Supprimer&lt;\/a&gt;\n\t\t\t\t\t\t\t&lt;fieldset class=&quot;fieldset-employer&quot;&gt;\n\t\t\t\t\t&lt;label for=&quot;candidate_experience_employer_%%repeated-row-index%%&quot;&gt;Employeur&lt;\/label&gt;\n\t\t\t\t\t&lt;div class=&quot;field&quot;&gt;\n\t\t\t\t\t\t&lt;input type=&quot;text&quot; class=&quot;input-text&quot; name=&quot;candidate_experience_employer_%%repeated-row-index%%&quot; id=&quot;candidate_experience_employer_%%repeated-row-index%%&quot; placeholder=&quot;&quot; value=&quot;&quot; maxlength=&quot;&quot; required \/&gt;\n\t\t\t\t\t&lt;\/div&gt;\n\t\t\t\t&lt;\/fieldset&gt;\n\t\t\t\t\t\t\t&lt;fieldset class=&quot;fieldset-job_title&quot;&gt;\n\t\t\t\t\t&lt;label for=&quot;candidate_experience_job_title_%%repeated-row-index%%&quot;&gt;Nom du poste&lt;\/label&gt;\n\t\t\t\t\t&lt;div class=&quot;field&quot;&gt;\n\t\t\t\t\t\t&lt;input type=&quot;text&quot; class=&quot;input-text&quot; name=&quot;candidate_experience_job_title_%%repeated-row-index%%&quot; id=&quot;candidate_experience_job_title_%%repeated-row-index%%&quot; placeholder=&quot;&quot; value=&quot;&quot; maxlength=&quot;&quot; required \/&gt;\n\t\t\t\t\t&lt;\/div&gt;\n\t\t\t\t&lt;\/fieldset&gt;\n\t\t\t\t\t\t\t&lt;fieldset class=&quot;fieldset-date&quot;&gt;\n\t\t\t\t\t&lt;label for=&quot;candidate_experience_date_%%repeated-row-index%%&quot;&gt;Date de d\u00e9but\/fin&lt;\/label&gt;\n\t\t\t\t\t&lt;div class=&quot;field&quot;&gt;\n\t\t\t\t\t\t&lt;input type=&quot;text&quot; class=&quot;input-text&quot; name=&quot;candidate_experience_date_%%repeated-row-index%%&quot; id=&quot;candidate_experience_date_%%repeated-row-index%%&quot; placeholder=&quot;&quot; value=&quot;&quot; maxlength=&quot;&quot; required \/&gt;\n\t\t\t\t\t&lt;\/div&gt;\n\t\t\t\t&lt;\/fieldset&gt;\n\t\t\t\t\t\t\t&lt;fieldset class=&quot;fieldset-notes&quot;&gt;\n\t\t\t\t\t&lt;label for=&quot;candidate_experience_notes_%%repeated-row-index%%&quot;&gt;Notes &lt;small&gt;(optionnel)&lt;\/small&gt;&lt;\/label&gt;\n\t\t\t\t\t&lt;div class=&quot;field&quot;&gt;\n\t\t\t\t\t\t&lt;textarea cols=&quot;20&quot; rows=&quot;3&quot; class=&quot;input-text&quot; name=&quot;candidate_experience_notes_%%repeated-row-index%%&quot; id=&quot;candidate_experience_notes_%%repeated-row-index%%&quot; placeholder=&quot;&quot; maxlength=&quot;&quot; &gt;&lt;\/textarea&gt;\n\t\t\t\t\t&lt;\/div&gt;\n\t\t\t\t&lt;\/fieldset&gt;\n\t\t\t\t\t&lt;\/div&gt;\n\t\t\">+ Ajouter une exp\u00e9rience<\/a>\n\t\t\t\t<\/div>\n\t\t\t<\/fieldset>\n\t\t\t\t\t<fieldset class=\"fieldset-resume_file\">\n\t\t\t\t<label for=\"resume_file\">Votre CV <small>(optionnel)<\/small><\/label>\n\t\t\t\t<div class=\"field\">\n\t\t\t\t\t<div class=\"job-manager-uploaded-files\">\n\t<\/div>\n\n<input\n\ttype=\"file\"\n\tclass=\"input-text\"\n\tdata-file_types=\"jpg|jpeg|jpe|gif|png|bmp|tiff|tif|webp|avif|ico|heic|heif|heics|heifs|asf|asx|wmv|wmx|wm|avi|divx|flv|mov|qt|mpeg|mpg|mpe|mp4|m4v|ogv|webm|mkv|3gp|3gpp|3g2|3gp2|txt|asc|c|cc|h|srt|csv|tsv|ics|rtx|css|vtt|dfxp|mp3|m4a|m4b|aac|ra|ram|wav|x-wav|ogg|oga|flac|mid|midi|wma|wax|mka|rtf|pdf|class|tar|zip|gz|gzip|rar|7z|psd|xcf|doc|pot|pps|ppt|wri|xla|xls|xlt|xlw|mdb|mpp|docx|docm|dotx|dotm|xlsx|xlsm|xlsb|xltx|xltm|xlam|pptx|pptm|ppsx|ppsm|potx|potm|ppam|sldx|sldm|onetoc|onetoc2|onetmp|onepkg|oxps|xps|odt|odp|ods|odg|odc|odb|odf|wp|wpd|key|numbers|pages|pub\"\n\t\t\t\t\tname=\"resume_file\"\n\tid=\"resume_file\"\n\tplaceholder=\"\"\n\/>\n<small class=\"description\">\n\t\t\tT\u00e9l\u00e9charger votre CV. Taille max. du fichier: 39 Mo.\t<\/small>\n\t\t\t\t<\/div>\n\t\t\t<\/fieldset>\n\t\t\n\t\t\n\t\t<p>\n\t\t\t<input type=\"hidden\" name=\"resume_manager_form\" value=\"submit-resume\" \/>\n\t\t\t<input type=\"hidden\" name=\"resume_id\" value=\"0\" \/>\n\t\t\t<input type=\"hidden\" name=\"job_id\" value=\"0\" \/>\n\t\t\t<input type=\"hidden\" name=\"step\" value=\"0\" \/>\n\t\t\t<input type=\"submit\" name=\"submit_resume\" class=\"button\"\n\t\t\tvalue=\"Aper\u00e7u \u2192\" \/>\n\n\t\t<\/p>\n\n\t\n\t<\/form>\n[\/vc_column_text][\/vc_column][\/vc_row]<\/p>\n<\/div>","protected":false},"excerpt":{"rendered":"<p>[vc_row][vc_column][\/vc_column][\/vc_row][vc_row][vc_column][vc_column_text][\/vc_column_text][vc_column_text] D\u00e9poser un CV Pour r\u00e9pondre \u00e0 ma demande, j\u2019autorise La Ciotat Shipyards \u00e0 stocker mes donn\u00e9es renseign\u00e9es dans ce formulaire. [\/vc_column_text][\/vc_column][\/vc_row]<\/p>\n","protected":false},"author":1,"featured_media":0,"parent":42,"menu_order":0,"comment_status":"closed","ping_status":"closed","template":"","meta":{"footnotes":""},"class_list":["post-1270","page","type-page","status-publish","hentry","description-off"],"yoast_head":"<!-- This site is optimized with the Yoast SEO plugin v27.5 - https:\/\/yoast.com\/product\/yoast-seo-wordpress\/ -->\n<title>Espace candidat - La Ciotat Shipyards<\/title>\n<meta name=\"robots\" content=\"index, follow, max-snippet:-1, max-image-preview:large, max-video-preview:-1\" \/>\n<link rel=\"canonical\" href=\"https:\/\/www.laciotat-shipyards.com\/fr\/recrutement\/espace-candidat\/\" \/>\n<meta property=\"og:locale\" content=\"fr_FR\" \/>\n<meta property=\"og:type\" content=\"article\" \/>\n<meta property=\"og:title\" content=\"Espace candidat - La Ciotat Shipyards\" \/>\n<meta property=\"og:description\" content=\"[vc_row][vc_column][\/vc_column][\/vc_row][vc_row][vc_column][vc_column_text][\/vc_column_text][vc_column_text] D\u00e9poser un CV Pour r\u00e9pondre \u00e0 ma demande, j\u2019autorise La Ciotat Shipyards \u00e0 stocker mes donn\u00e9es renseign\u00e9es dans ce formulaire. [\/vc_column_text][\/vc_column][\/vc_row]\" \/>\n<meta property=\"og:url\" content=\"https:\/\/www.laciotat-shipyards.com\/fr\/recrutement\/espace-candidat\/\" \/>\n<meta property=\"og:site_name\" content=\"La Ciotat Shipyards\" \/>\n<meta property=\"article:modified_time\" content=\"2025-10-25T17:37:52+00:00\" \/>\n<meta name=\"twitter:card\" content=\"summary_large_image\" \/>\n<meta name=\"twitter:label1\" content=\"Dur\u00e9e de lecture estim\u00e9e\" \/>\n\t<meta name=\"twitter:data1\" content=\"1 minute\" \/>\n<script type=\"application\/ld+json\" class=\"yoast-schema-graph\">{\"@context\":\"https:\\\/\\\/schema.org\",\"@graph\":[{\"@type\":\"WebPage\",\"@id\":\"https:\\\/\\\/www.laciotat-shipyards.com\\\/fr\\\/recrutement\\\/espace-candidat\\\/\",\"url\":\"https:\\\/\\\/www.laciotat-shipyards.com\\\/fr\\\/recrutement\\\/espace-candidat\\\/\",\"name\":\"Espace candidat - La Ciotat Shipyards\",\"isPartOf\":{\"@id\":\"https:\\\/\\\/www.laciotat-shipyards.com\\\/fr\\\/#website\"},\"datePublished\":\"2018-07-12T13:53:41+00:00\",\"dateModified\":\"2025-10-25T17:37:52+00:00\",\"breadcrumb\":{\"@id\":\"https:\\\/\\\/www.laciotat-shipyards.com\\\/fr\\\/recrutement\\\/espace-candidat\\\/#breadcrumb\"},\"inLanguage\":\"fr-FR\",\"potentialAction\":[{\"@type\":\"ReadAction\",\"target\":[\"https:\\\/\\\/www.laciotat-shipyards.com\\\/fr\\\/recrutement\\\/espace-candidat\\\/\"]}]},{\"@type\":\"BreadcrumbList\",\"@id\":\"https:\\\/\\\/www.laciotat-shipyards.com\\\/fr\\\/recrutement\\\/espace-candidat\\\/#breadcrumb\",\"itemListElement\":[{\"@type\":\"ListItem\",\"position\":1,\"name\":\"Accueil\",\"item\":\"https:\\\/\\\/www.laciotat-shipyards.com\\\/fr\\\/\"},{\"@type\":\"ListItem\",\"position\":2,\"name\":\"Recrutement\",\"item\":\"https:\\\/\\\/www.laciotat-shipyards.com\\\/fr\\\/recrutement\\\/\"},{\"@type\":\"ListItem\",\"position\":3,\"name\":\"Espace candidat\"}]},{\"@type\":\"WebSite\",\"@id\":\"https:\\\/\\\/www.laciotat-shipyards.com\\\/fr\\\/#website\",\"url\":\"https:\\\/\\\/www.laciotat-shipyards.com\\\/fr\\\/\",\"name\":\"La Ciotat Shipyards\",\"description\":\"Site maritime d\u2019excellence en M\u00e9diterran\u00e9e\",\"potentialAction\":[{\"@type\":\"SearchAction\",\"target\":{\"@type\":\"EntryPoint\",\"urlTemplate\":\"https:\\\/\\\/www.laciotat-shipyards.com\\\/fr\\\/?s={search_term_string}\"},\"query-input\":{\"@type\":\"PropertyValueSpecification\",\"valueRequired\":true,\"valueName\":\"search_term_string\"}}],\"inLanguage\":\"fr-FR\"}]}<\/script>\n<!-- \/ Yoast SEO plugin. -->","yoast_head_json":{"title":"Espace candidat - La Ciotat Shipyards","robots":{"index":"index","follow":"follow","max-snippet":"max-snippet:-1","max-image-preview":"max-image-preview:large","max-video-preview":"max-video-preview:-1"},"canonical":"https:\/\/www.laciotat-shipyards.com\/fr\/recrutement\/espace-candidat\/","og_locale":"fr_FR","og_type":"article","og_title":"Espace candidat - La Ciotat Shipyards","og_description":"[vc_row][vc_column][\/vc_column][\/vc_row][vc_row][vc_column][vc_column_text][\/vc_column_text][vc_column_text] D\u00e9poser un CV Pour r\u00e9pondre \u00e0 ma demande, j\u2019autorise La Ciotat Shipyards \u00e0 stocker mes donn\u00e9es renseign\u00e9es dans ce formulaire. [\/vc_column_text][\/vc_column][\/vc_row]","og_url":"https:\/\/www.laciotat-shipyards.com\/fr\/recrutement\/espace-candidat\/","og_site_name":"La Ciotat Shipyards","article_modified_time":"2025-10-25T17:37:52+00:00","twitter_card":"summary_large_image","twitter_misc":{"Dur\u00e9e de lecture estim\u00e9e":"1 minute"},"schema":{"@context":"https:\/\/schema.org","@graph":[{"@type":"WebPage","@id":"https:\/\/www.laciotat-shipyards.com\/fr\/recrutement\/espace-candidat\/","url":"https:\/\/www.laciotat-shipyards.com\/fr\/recrutement\/espace-candidat\/","name":"Espace candidat - La Ciotat Shipyards","isPartOf":{"@id":"https:\/\/www.laciotat-shipyards.com\/fr\/#website"},"datePublished":"2018-07-12T13:53:41+00:00","dateModified":"2025-10-25T17:37:52+00:00","breadcrumb":{"@id":"https:\/\/www.laciotat-shipyards.com\/fr\/recrutement\/espace-candidat\/#breadcrumb"},"inLanguage":"fr-FR","potentialAction":[{"@type":"ReadAction","target":["https:\/\/www.laciotat-shipyards.com\/fr\/recrutement\/espace-candidat\/"]}]},{"@type":"BreadcrumbList","@id":"https:\/\/www.laciotat-shipyards.com\/fr\/recrutement\/espace-candidat\/#breadcrumb","itemListElement":[{"@type":"ListItem","position":1,"name":"Accueil","item":"https:\/\/www.laciotat-shipyards.com\/fr\/"},{"@type":"ListItem","position":2,"name":"Recrutement","item":"https:\/\/www.laciotat-shipyards.com\/fr\/recrutement\/"},{"@type":"ListItem","position":3,"name":"Espace candidat"}]},{"@type":"WebSite","@id":"https:\/\/www.laciotat-shipyards.com\/fr\/#website","url":"https:\/\/www.laciotat-shipyards.com\/fr\/","name":"La Ciotat Shipyards","description":"Site maritime d\u2019excellence en M\u00e9diterran\u00e9e","potentialAction":[{"@type":"SearchAction","target":{"@type":"EntryPoint","urlTemplate":"https:\/\/www.laciotat-shipyards.com\/fr\/?s={search_term_string}"},"query-input":{"@type":"PropertyValueSpecification","valueRequired":true,"valueName":"search_term_string"}}],"inLanguage":"fr-FR"}]}},"_links":{"self":[{"href":"https:\/\/www.laciotat-shipyards.com\/fr\/wp-json\/wp\/v2\/pages\/1270","targetHints":{"allow":["GET"]}}],"collection":[{"href":"https:\/\/www.laciotat-shipyards.com\/fr\/wp-json\/wp\/v2\/pages"}],"about":[{"href":"https:\/\/www.laciotat-shipyards.com\/fr\/wp-json\/wp\/v2\/types\/page"}],"author":[{"embeddable":true,"href":"https:\/\/www.laciotat-shipyards.com\/fr\/wp-json\/wp\/v2\/users\/1"}],"replies":[{"embeddable":true,"href":"https:\/\/www.laciotat-shipyards.com\/fr\/wp-json\/wp\/v2\/comments?post=1270"}],"version-history":[{"count":1,"href":"https:\/\/www.laciotat-shipyards.com\/fr\/wp-json\/wp\/v2\/pages\/1270\/revisions"}],"predecessor-version":[{"id":15686,"href":"https:\/\/www.laciotat-shipyards.com\/fr\/wp-json\/wp\/v2\/pages\/1270\/revisions\/15686"}],"up":[{"embeddable":true,"href":"https:\/\/www.laciotat-shipyards.com\/fr\/wp-json\/wp\/v2\/pages\/42"}],"wp:attachment":[{"href":"https:\/\/www.laciotat-shipyards.com\/fr\/wp-json\/wp\/v2\/media?parent=1270"}],"curies":[{"name":"wp","href":"https:\/\/api.w.org\/{rel}","templated":true}]}}