{"id":14,"date":"2018-03-28T14:39:52","date_gmt":"2018-03-28T12:39:52","guid":{"rendered":"https:\/\/www.laciotat-shipyards.com\/semideplacyotat\/?page_id=14"},"modified":"2021-02-24T13:42:14","modified_gmt":"2021-02-24T12:42:14","slug":"amenagements-en-cours","status":"publish","type":"page","link":"https:\/\/www.laciotat-shipyards.com\/fr\/amenagements-en-cours\/","title":{"rendered":"Am\u00e9nagements en cours"},"content":{"rendered":"<div class=\"wpb-content-wrapper\"><p>[vc_row gap=\u00a0\u00bb30&Prime; content_placement=\u00a0\u00bbmiddle\u00a0\u00bb][vc_column][vc_custom_heading text=\u00a0\u00bb#Bigger<br \/>\n#Better<br \/>\n#Friendlier\u00a0\u00bb font_container=\u00a0\u00bbtag:h2|font_size:35px|text_align:center|line_height:40px\u00a0\u00bb use_theme_fonts=\u00a0\u00bbyes\u00a0\u00bb][vc_separator color=\u00a0\u00bbcustom\u00a0\u00bb border_width=\u00a0\u00bb2&Prime; el_width=\u00a0\u00bb30&Prime; accent_color=\u00a0\u00bb#c69f45&Prime; css=\u00a0\u00bb.vc_custom_1530705794330{margin-top: 40px !important;}\u00a0\u00bb][vc_column_text]<\/p>\n<p style=\"text-align: center;\"><em>Ces 3 mots cl\u00e9s r\u00e9sument les ambitions de La Ciotat Shipyards pour 2022. Ils consistent \u00e0 consolider les trois points forts du Port de La Ciotat pour en faire le site de r\u00e9f\u00e9rence incontournable en M\u00e9diterran\u00e9e et dans le monde pour le refit et la r\u00e9paration de Super Yachts et Mega yachts.<\/em><\/p>\n<p>[\/vc_column_text][\/vc_column][\/vc_row][vc_row equal_height=\u00a0\u00bbyes\u00a0\u00bb][vc_column offset=\u00a0\u00bbvc_col-lg-6 vc_col-md-6 vc_col-xs-12&Prime;]<div class=\"uavc-list-icon uavc-list-icon-wrapper ult-adjust-bottom-margin   \"><ul class=\"uavc-list\"><li><div class=\"uavc-list-content\" id=\"list-icon-wrap-4841\">\n<div class=\"uavc-list-icon  \" data-animation=\"\" data-animation-delay=\"03\" style=\"margin-right:10px;\"><div class=\"ult-just-icon-wrapper  \"><div class=\"align-icon\" style=\"text-align:center;\">\n<div class=\"aio-icon none \"  style=\"color:#c69f45;font-size:20px;display:inline-block;\">\n\t<i class=\"Defaults-chevron-right\"><\/i>\n<\/div><\/div><\/div>\n<\/div><span  data-ultimate-target='#list-icon-wrap-4841 .uavc-list-desc'  data-responsive-json-new='{\"font-size\":\"\",\"line-height\":\"\"}'  class=\"uavc-list-desc ult-responsive\" style=\"\">Profiter des espaces disponibles pour augmenter encore les capacit\u00e9s d\u2019accueil\u00a0;<\/span><\/div><\/li><li><div class=\"uavc-list-content\" id=\"list-icon-wrap-9154\">\n<div class=\"uavc-list-icon  \" data-animation=\"\" data-animation-delay=\"03\" style=\"margin-right:10px;\"><div class=\"ult-just-icon-wrapper  \"><div class=\"align-icon\" style=\"text-align:center;\">\n<div class=\"aio-icon none \"  style=\"color:#c69f45;font-size:20px;display:inline-block;\">\n\t<i class=\"Defaults-chevron-right\"><\/i>\n<\/div><\/div><\/div>\n<\/div><span  data-ultimate-target='#list-icon-wrap-9154 .uavc-list-desc'  data-responsive-json-new='{\"font-size\":\"\",\"line-height\":\"\"}'  class=\"uavc-list-desc ult-responsive\" style=\"\">Construire un \u00e9cosyst\u00e8me d\u2019excellence tourn\u00e9 vers le luxe et la haute technologie\u00a0;<\/span><\/div><\/li><li><div class=\"uavc-list-content\" id=\"list-icon-wrap-8725\">\n<div class=\"uavc-list-icon  \" data-animation=\"\" data-animation-delay=\"03\" style=\"margin-right:10px;\"><div class=\"ult-just-icon-wrapper  \"><div class=\"align-icon\" style=\"text-align:center;\">\n<div class=\"aio-icon none \"  style=\"color:#c69f45;font-size:20px;display:inline-block;\">\n\t<i class=\"Defaults-chevron-right\"><\/i>\n<\/div><\/div><\/div>\n<\/div><span  data-ultimate-target='#list-icon-wrap-8725 .uavc-list-desc'  data-responsive-json-new='{\"font-size\":\"\",\"line-height\":\"\"}'  class=\"uavc-list-desc ult-responsive\" style=\"\">Satisfaire au plus pr\u00e8s les besoins des yachts et de leurs \u00e9quipages pendant leur escale.<\/span><\/div><\/li><\/ul><\/div>[vc_column_text]Pour traduire concr\u00e8tement ce triple objectif, LCS est engag\u00e9e dans des projets pluriannuels d\u2019investissements jamais vus \u00e0 La Ciotat depuis les ann\u00e9es 1970 et notamment :<\/p>\n<ul>\n<li style=\"list-style-type: none;\">\n<ul>\n<li>L\u2019extension des infrastructures portuaires, \u00e0 l\u2019image de ce qui est r\u00e9alis\u00e9 dans le cadre du <a href=\"https:\/\/www.laciotat-shipyards.com\/fr\/horizon-2022\/plateforme-megayacht\/\">projet ATLAS-4300t<\/a>, afin d\u2019adapter les capacit\u00e9s d\u2019accueil du site \u00e0 l\u2019\u00e9volution de la flotte ;<\/li>\n<\/ul>\n<\/li>\n<\/ul>\n<ul>\n<li style=\"list-style-type: none;\">\n<ul>\n<li>Le d\u00e9veloppement de locaux d\u2019activit\u00e9s modernes, r\u00e9pondant aux besoins des entreprises, dont l\u2019arch\u00e9type est le <a href=\"https:\/\/www.laciotat-shipyards.com\/fr\/horizon-2020\/lcs-yachting-village\/\">Yachting Village ;<\/a><\/li>\n<\/ul>\n<\/li>\n<\/ul>\n<ul>\n<li style=\"list-style-type: none;\">\n<ul>\n<li>L\u2019am\u00e9lioration qualitative de l\u2019environnement du site, dans une optique de d\u00e9veloppement durable ;<\/li>\n<\/ul>\n<\/li>\n<\/ul>\n<p>[\/vc_column_text][\/vc_column][vc_column offset=\u00a0\u00bbvc_col-lg-6 vc_col-md-6 vc_col-xs-12&Prime;][vc_row_inner][vc_column_inner width=\u00a0\u00bb1\/2&Prime; offset=\u00a0\u00bbvc_col-lg-12 vc_col-md-12 vc_col-xs-12&Prime;][vc_single_image image=\u00a0\u00bb6953&Prime; img_size=\u00a0\u00bbfull\u00a0\u00bb alignment=\u00a0\u00bbcenter\u00a0\u00bb][\/vc_column_inner][\/vc_row_inner][\/vc_column][\/vc_row][vc_row gap=\u00a0\u00bb20&Prime; css=\u00a0\u00bb.vc_custom_1530709830527{padding-top: 80px !important;}\u00a0\u00bb][vc_column width=\u00a0\u00bb1\/3&Prime; css=\u00a0\u00bb.vc_custom_1530709944691{padding-top: 0px !important;padding-right: 0px !important;padding-bottom: 0px !important;padding-left: 0px !important;background-color: #ffffff !important;}\u00a0\u00bb][vc_single_image image=\u00a0\u00bb1432&Prime; img_size=\u00a0\u00bbfull\u00a0\u00bb alignment=\u00a0\u00bbcenter\u00a0\u00bb onclick=\u00a0\u00bbcustom_link\u00a0\u00bb css_animation=\u00a0\u00bbfadeIn\u00a0\u00bb lazy_loading=\u00a0\u00bbtrue\u00a0\u00bb link=\u00a0\u00bbhttps:\/\/www.laciotat-shipyards.com\/fr\/amenagements-en-cours\/plateforme-megayacht\/\u00a0\u00bb css=\u00a0\u00bb.vc_custom_1605621955711{margin-top: 0px !important;margin-right: 0px !important;margin-bottom: 0px !important;margin-left: 0px !important;}\u00a0\u00bb][vc_custom_heading text=\u00a0\u00bbPlateforme Megayacht : un \u00e9quipement d&rsquo;envergure desservi par un ascenseur \u00e0 bateau\u00a0\u00bb font_container=\u00a0\u00bbtag:h3|font_size:20px|text_align:center|color:%23646771|line_height:23px\u00a0\u00bb use_theme_fonts=\u00a0\u00bbyes\u00a0\u00bb link=\u00a0\u00bburl:https%3A%2F%2Fwww.laciotat-shipyards.com%2Ffr%2Famenagements-en-cours%2Fplateforme-megayacht%2F\u00a0\u00bb css=\u00a0\u00bb.vc_custom_1605621964447{margin-bottom: 10px !important;padding-top: 20px !important;padding-right: 20px !important;padding-bottom: 20px !important;padding-left: 20px !important;}\u00a0\u00bb]<div class=\"ult-just-icon-wrapper   vc_custom_1605621975950\"><div class=\"align-icon\" style=\"text-align:center;\">\n<a class=\"aio-tooltip 6a01f739151e1\" href=\"https:\/\/www.laciotat-shipyards.com\/fr\/amenagements-en-cours\/plateforme-megayacht\/\"  data-toggle=\"tooltip\" data-placement=\"\"><div class=\"aio-icon advanced \"  style=\"color:#c69f45;border-style:solid;border-color:#c69f45;border-width:1px;width:35px;height:35px;line-height:35px;border-radius:300px;font-size:25px;display:inline-block;\">\n\t<i class=\"Defaults-angle-right\"><\/i>\n<\/div><\/a><\/div><\/div>[\/vc_column][vc_column width=\u00a0\u00bb1\/3&Prime; css=\u00a0\u00bb.vc_custom_1530709951688{padding-top: 0px !important;padding-right: 0px !important;padding-bottom: 0px !important;padding-left: 0px !important;background-color: #ffffff !important;}\u00a0\u00bb][vc_single_image image=\u00a0\u00bb6216&Prime; img_size=\u00a0\u00bbfull\u00a0\u00bb alignment=\u00a0\u00bbcenter\u00a0\u00bb onclick=\u00a0\u00bbcustom_link\u00a0\u00bb css_animation=\u00a0\u00bbfadeIn\u00a0\u00bb lazy_loading=\u00a0\u00bbtrue\u00a0\u00bb link=\u00a0\u00bbhttps:\/\/www.laciotat-shipyards.com\/fr\/amenagements-en-cours\/lcs-yachting-village\/\u00a0\u00bb css=\u00a0\u00bb.vc_custom_1605621861286{margin-top: 0px !important;margin-right: 0px !important;margin-bottom: 0px !important;margin-left: 0px !important;}\u00a0\u00bb][vc_custom_heading text=\u00a0\u00bbLCS Yachting Village : un concentr\u00e9 de savoir-faire d\u00e9di\u00e9 aux yachts d\u2019exception\u00a0\u00bb font_container=\u00a0\u00bbtag:h3|font_size:20px|text_align:center|color:%23646771|line_height:23px\u00a0\u00bb use_theme_fonts=\u00a0\u00bbyes\u00a0\u00bb link=\u00a0\u00bburl:https%3A%2F%2Fwww.laciotat-shipyards.com%2Ffr%2Famenagements-en-cours%2Flcs-yachting-village%2F\u00a0\u00bb css=\u00a0\u00bb.vc_custom_1605621869894{margin-bottom: 10px !important;padding-top: 20px !important;padding-right: 20px !important;padding-bottom: 20px !important;padding-left: 20px !important;}\u00a0\u00bb]<div class=\"ult-just-icon-wrapper   vc_custom_1605621880405\"><div class=\"align-icon\" style=\"text-align:center;\">\n<a class=\"aio-tooltip 6a01f73915228\" href=\"https:\/\/www.laciotat-shipyards.com\/fr\/amenagements-en-cours\/lcs-yachting-village\/\"  data-toggle=\"tooltip\" data-placement=\"\"><div class=\"aio-icon advanced \"  style=\"color:#c69f45;border-style:solid;border-color:#c69f45;border-width:1px;width:35px;height:35px;line-height:35px;border-radius:300px;font-size:25px;display:inline-block;\">\n\t<i class=\"Defaults-angle-right\"><\/i>\n<\/div><\/a><\/div><\/div>[\/vc_column][vc_column width=\u00a0\u00bb1\/3&Prime; css=\u00a0\u00bb.vc_custom_1530709958472{padding-top: 0px !important;padding-right: 0px !important;padding-bottom: 0px !important;padding-left: 0px !important;background-color: #ffffff !important;}\u00a0\u00bb][vc_single_image image=\u00a0\u00bb1434&Prime; img_size=\u00a0\u00bbfull\u00a0\u00bb alignment=\u00a0\u00bbcenter\u00a0\u00bb onclick=\u00a0\u00bbcustom_link\u00a0\u00bb css_animation=\u00a0\u00bbfadeIn\u00a0\u00bb lazy_loading=\u00a0\u00bbtrue\u00a0\u00bb link=\u00a0\u00bbhttps:\/\/www.laciotat-shipyards.com\/fr\/amenagements-en-cours\/accueil-sur-site\/\u00a0\u00bb css=\u00a0\u00bb.vc_custom_1605622008117{margin-top: 0px !important;margin-right: 0px !important;margin-bottom: 0px !important;margin-left: 0px !important;}\u00a0\u00bb][vc_custom_heading text=\u00a0\u00bbAccueil sur site\u00a0\u00bb font_container=\u00a0\u00bbtag:h3|font_size:20px|text_align:center|color:%23646771|line_height:23px\u00a0\u00bb use_theme_fonts=\u00a0\u00bbyes\u00a0\u00bb link=\u00a0\u00bburl:https%3A%2F%2Fwww.laciotat-shipyards.com%2Ffr%2Famenagements-en-cours%2Faccueil-sur-site%2F\u00a0\u00bb css=\u00a0\u00bb.vc_custom_1605622014981{margin-bottom: 10px !important;padding-top: 20px !important;padding-right: 20px !important;padding-bottom: 20px !important;padding-left: 20px !important;}\u00a0\u00bb]<div class=\"ult-just-icon-wrapper   vc_custom_1605622022759\"><div class=\"align-icon\" style=\"text-align:center;\">\n<a class=\"aio-tooltip 6a01f73915264\" href=\"https:\/\/www.laciotat-shipyards.com\/fr\/amenagements-en-cours\/accueil-sur-site\/\"  data-toggle=\"tooltip\" data-placement=\"\"><div class=\"aio-icon advanced \"  style=\"color:#c69f45;border-style:solid;border-color:#c69f45;border-width:1px;width:35px;height:35px;line-height:35px;border-radius:300px;font-size:25px;display:inline-block;\">\n\t<i class=\"Defaults-angle-right\"><\/i>\n<\/div><\/a><\/div><\/div>[\/vc_column][\/vc_row]<\/p>\n<\/div>","protected":false},"excerpt":{"rendered":"<p>[vc_row gap=\u00a0\u00bb30&Prime; content_placement=\u00a0\u00bbmiddle\u00a0\u00bb][vc_column][vc_custom_heading text=\u00a0\u00bb#Bigger #Better #Friendlier\u00a0\u00bb font_container=\u00a0\u00bbtag:h2|font_size:35px|text_align:center|line_height:40px\u00a0\u00bb use_theme_fonts=\u00a0\u00bbyes\u00a0\u00bb][vc_separator color=\u00a0\u00bbcustom\u00a0\u00bb border_width=\u00a0\u00bb2&Prime; el_width=\u00a0\u00bb30&Prime; accent_color=\u00a0\u00bb#c69f45&Prime; css=\u00a0\u00bb.vc_custom_1530705794330{margin-top: 40px !important;}\u00a0\u00bb][vc_column_text] Ces 3 mots cl\u00e9s r\u00e9sument les ambitions de La Ciotat Shipyards pour 2022. Ils consistent \u00e0 consolider les trois points forts du Port de La Ciotat pour en faire le site de r\u00e9f\u00e9rence incontournable en M\u00e9diterran\u00e9e et dans le monde&hellip;<\/p>\n","protected":false},"author":1,"featured_media":0,"parent":0,"menu_order":0,"comment_status":"closed","ping_status":"closed","template":"","meta":{"footnotes":""},"class_list":["post-14","page","type-page","status-publish","hentry","description-off"],"yoast_head":"<!-- This site is optimized with the Yoast SEO plugin v27.5 - https:\/\/yoast.com\/product\/yoast-seo-wordpress\/ -->\n<title>Le site leader du refit de m\u00e9gayacht - La Ciotat Shipyards<\/title>\n<meta name=\"description\" content=\"La Ciotat Shipyards est engag\u00e9e dans des projets d\u2019investissements jamais vus \u00e0 La Ciotat depuis les ann\u00e9es 1970\" \/>\n<meta name=\"robots\" content=\"index, follow, max-snippet:-1, max-image-preview:large, max-video-preview:-1\" \/>\n<link rel=\"canonical\" href=\"https:\/\/www.laciotat-shipyards.com\/fr\/amenagements-en-cours\/\" \/>\n<meta property=\"og:locale\" content=\"fr_FR\" \/>\n<meta property=\"og:type\" content=\"article\" \/>\n<meta property=\"og:title\" content=\"Le site leader du refit de m\u00e9gayacht - La Ciotat Shipyards\" \/>\n<meta property=\"og:description\" content=\"La Ciotat Shipyards est engag\u00e9e dans des projets d\u2019investissements jamais vus \u00e0 La Ciotat depuis les ann\u00e9es 1970\" \/>\n<meta property=\"og:url\" content=\"https:\/\/www.laciotat-shipyards.com\/fr\/amenagements-en-cours\/\" \/>\n<meta property=\"og:site_name\" content=\"La Ciotat Shipyards\" \/>\n<meta property=\"article:modified_time\" content=\"2021-02-24T12:42:14+00:00\" \/>\n<meta name=\"twitter:card\" content=\"summary_large_image\" \/>\n<meta name=\"twitter:label1\" content=\"Dur\u00e9e de lecture estim\u00e9e\" \/>\n\t<meta name=\"twitter:data1\" content=\"2 minutes\" \/>\n<script type=\"application\/ld+json\" class=\"yoast-schema-graph\">{\"@context\":\"https:\\\/\\\/schema.org\",\"@graph\":[{\"@type\":\"WebPage\",\"@id\":\"https:\\\/\\\/www.laciotat-shipyards.com\\\/fr\\\/amenagements-en-cours\\\/\",\"url\":\"https:\\\/\\\/www.laciotat-shipyards.com\\\/fr\\\/amenagements-en-cours\\\/\",\"name\":\"Le site leader du refit de m\u00e9gayacht - La Ciotat Shipyards\",\"isPartOf\":{\"@id\":\"https:\\\/\\\/www.laciotat-shipyards.com\\\/fr\\\/#website\"},\"datePublished\":\"2018-03-28T12:39:52+00:00\",\"dateModified\":\"2021-02-24T12:42:14+00:00\",\"description\":\"La Ciotat Shipyards est engag\u00e9e dans des projets d\u2019investissements jamais vus \u00e0 La Ciotat depuis les ann\u00e9es 1970\",\"breadcrumb\":{\"@id\":\"https:\\\/\\\/www.laciotat-shipyards.com\\\/fr\\\/amenagements-en-cours\\\/#breadcrumb\"},\"inLanguage\":\"fr-FR\",\"potentialAction\":[{\"@type\":\"ReadAction\",\"target\":[\"https:\\\/\\\/www.laciotat-shipyards.com\\\/fr\\\/amenagements-en-cours\\\/\"]}]},{\"@type\":\"BreadcrumbList\",\"@id\":\"https:\\\/\\\/www.laciotat-shipyards.com\\\/fr\\\/amenagements-en-cours\\\/#breadcrumb\",\"itemListElement\":[{\"@type\":\"ListItem\",\"position\":1,\"name\":\"Accueil\",\"item\":\"https:\\\/\\\/www.laciotat-shipyards.com\\\/fr\\\/\"},{\"@type\":\"ListItem\",\"position\":2,\"name\":\"Am\u00e9nagements en cours\"}]},{\"@type\":\"WebSite\",\"@id\":\"https:\\\/\\\/www.laciotat-shipyards.com\\\/fr\\\/#website\",\"url\":\"https:\\\/\\\/www.laciotat-shipyards.com\\\/fr\\\/\",\"name\":\"La Ciotat Shipyards\",\"description\":\"Site maritime d\u2019excellence en M\u00e9diterran\u00e9e\",\"potentialAction\":[{\"@type\":\"SearchAction\",\"target\":{\"@type\":\"EntryPoint\",\"urlTemplate\":\"https:\\\/\\\/www.laciotat-shipyards.com\\\/fr\\\/?s={search_term_string}\"},\"query-input\":{\"@type\":\"PropertyValueSpecification\",\"valueRequired\":true,\"valueName\":\"search_term_string\"}}],\"inLanguage\":\"fr-FR\"}]}<\/script>\n<!-- \/ Yoast SEO plugin. -->","yoast_head_json":{"title":"Le site leader du refit de m\u00e9gayacht - La Ciotat Shipyards","description":"La Ciotat Shipyards est engag\u00e9e dans des projets d\u2019investissements jamais vus \u00e0 La Ciotat depuis les ann\u00e9es 1970","robots":{"index":"index","follow":"follow","max-snippet":"max-snippet:-1","max-image-preview":"max-image-preview:large","max-video-preview":"max-video-preview:-1"},"canonical":"https:\/\/www.laciotat-shipyards.com\/fr\/amenagements-en-cours\/","og_locale":"fr_FR","og_type":"article","og_title":"Le site leader du refit de m\u00e9gayacht - La Ciotat Shipyards","og_description":"La Ciotat Shipyards est engag\u00e9e dans des projets d\u2019investissements jamais vus \u00e0 La Ciotat depuis les ann\u00e9es 1970","og_url":"https:\/\/www.laciotat-shipyards.com\/fr\/amenagements-en-cours\/","og_site_name":"La Ciotat Shipyards","article_modified_time":"2021-02-24T12:42:14+00:00","twitter_card":"summary_large_image","twitter_misc":{"Dur\u00e9e de lecture estim\u00e9e":"2 minutes"},"schema":{"@context":"https:\/\/schema.org","@graph":[{"@type":"WebPage","@id":"https:\/\/www.laciotat-shipyards.com\/fr\/amenagements-en-cours\/","url":"https:\/\/www.laciotat-shipyards.com\/fr\/amenagements-en-cours\/","name":"Le site leader du refit de m\u00e9gayacht - La Ciotat Shipyards","isPartOf":{"@id":"https:\/\/www.laciotat-shipyards.com\/fr\/#website"},"datePublished":"2018-03-28T12:39:52+00:00","dateModified":"2021-02-24T12:42:14+00:00","description":"La Ciotat Shipyards est engag\u00e9e dans des projets d\u2019investissements jamais vus \u00e0 La Ciotat depuis les ann\u00e9es 1970","breadcrumb":{"@id":"https:\/\/www.laciotat-shipyards.com\/fr\/amenagements-en-cours\/#breadcrumb"},"inLanguage":"fr-FR","potentialAction":[{"@type":"ReadAction","target":["https:\/\/www.laciotat-shipyards.com\/fr\/amenagements-en-cours\/"]}]},{"@type":"BreadcrumbList","@id":"https:\/\/www.laciotat-shipyards.com\/fr\/amenagements-en-cours\/#breadcrumb","itemListElement":[{"@type":"ListItem","position":1,"name":"Accueil","item":"https:\/\/www.laciotat-shipyards.com\/fr\/"},{"@type":"ListItem","position":2,"name":"Am\u00e9nagements en cours"}]},{"@type":"WebSite","@id":"https:\/\/www.laciotat-shipyards.com\/fr\/#website","url":"https:\/\/www.laciotat-shipyards.com\/fr\/","name":"La Ciotat Shipyards","description":"Site maritime d\u2019excellence en M\u00e9diterran\u00e9e","potentialAction":[{"@type":"SearchAction","target":{"@type":"EntryPoint","urlTemplate":"https:\/\/www.laciotat-shipyards.com\/fr\/?s={search_term_string}"},"query-input":{"@type":"PropertyValueSpecification","valueRequired":true,"valueName":"search_term_string"}}],"inLanguage":"fr-FR"}]}},"_links":{"self":[{"href":"https:\/\/www.laciotat-shipyards.com\/fr\/wp-json\/wp\/v2\/pages\/14","targetHints":{"allow":["GET"]}}],"collection":[{"href":"https:\/\/www.laciotat-shipyards.com\/fr\/wp-json\/wp\/v2\/pages"}],"about":[{"href":"https:\/\/www.laciotat-shipyards.com\/fr\/wp-json\/wp\/v2\/types\/page"}],"author":[{"embeddable":true,"href":"https:\/\/www.laciotat-shipyards.com\/fr\/wp-json\/wp\/v2\/users\/1"}],"replies":[{"embeddable":true,"href":"https:\/\/www.laciotat-shipyards.com\/fr\/wp-json\/wp\/v2\/comments?post=14"}],"version-history":[{"count":7,"href":"https:\/\/www.laciotat-shipyards.com\/fr\/wp-json\/wp\/v2\/pages\/14\/revisions"}],"predecessor-version":[{"id":6955,"href":"https:\/\/www.laciotat-shipyards.com\/fr\/wp-json\/wp\/v2\/pages\/14\/revisions\/6955"}],"wp:attachment":[{"href":"https:\/\/www.laciotat-shipyards.com\/fr\/wp-json\/wp\/v2\/media?parent=14"}],"curies":[{"name":"wp","href":"https:\/\/api.w.org\/{rel}","templated":true}]}}