{"id":1484,"date":"2018-07-31T10:54:16","date_gmt":"2018-07-31T08:54:16","guid":{"rendered":"https:\/\/www.laciotat-shipyards.com\/semideplacyotat\/?page_id=1484"},"modified":"2018-08-24T11:39:49","modified_gmt":"2018-08-24T09:39:49","slug":"mentions-legales-donnees-personnelles","status":"publish","type":"page","link":"https:\/\/www.laciotat-shipyards.com\/fr\/mentions-legales-donnees-personnelles\/","title":{"rendered":"Mentions l\u00e9gales &#038; donn\u00e9es personnelles"},"content":{"rendered":"<div class=\"wpb-content-wrapper\"><p>[vc_row][vc_column][vc_column_text]<\/p>\n<h3>Article 1 \u2013 Objet<\/h3>\n<p>Les pr\u00e9sentes conditions (ci-apr\u00e8s \u00ab\u00a0les Conditions\u00a0\u00bb) ont pour objet de d\u00e9finir les modalit\u00e9s et conditions dans lesquelles d\u2019une part, l\u2019Editeur met \u00e0 la disposition de ses utilisateurs le Site et d\u2019autre part, la mani\u00e8re par laquelle l\u2019Utilisateur acc\u00e8de au Site. Toute connexion au Site est subordonn\u00e9e au respect des pr\u00e9sentes Conditions.<\/p>\n<p>Le simple acc\u00e8s au Site implique pour l\u2019Utilisateur l\u2019acceptation de l\u2019ensemble des Conditions d\u00e9crites ci-apr\u00e8s.<\/p>\n<h3>Article 2 \u2013 D\u00e9finitions<\/h3>\n<p>\u00ab\u00a0L\u2019H\u00e9bergeur\u00a0\u00bb d\u00e9signe FIRSTCOM, soci\u00e9t\u00e9 fran\u00e7aise enregistr\u00e9e au <b>Registre du Commerce et des Soci\u00e9t\u00e9s de Marseille sous le num\u00e9ro de Siren 415 038 975 <\/b>et dont le si\u00e8ge social est 579, avenue du Prado \u2013 13008 Marseille \u2013 France.<\/p>\n<p>\u00ab\u00a0L\u2019Editeur\u00a0\u00bb d\u00e9signe La Ciotat Shipyards, situ\u00e9 au 46 Quai Mitterrand \u2013 13703 La Ciotat Cedex \u2013 France<\/p>\n<p>\u00ab\u00a0Le Site\u00a0\u00bb d\u00e9signe https:\/\/www.laciotat-shipyards.com<\/p>\n<p>\u00ab L\u2019Editeur \u00bb d\u00e9signe La Ciotat Shipyards, situ\u00e9 au 46 Quai Mitterrand 13703 La Ciotat Cedex \u2013 France | TVA intracommunautaire FR83401974555 | RCS 401 974 555 R.C.S. Marseille | SIRET 401 974 555 000 13 | Ape 5222Z | T\u00e9l. +33 (0)4.42.83.80.20 \u2013 Fax. +33(0)4.42.83.80.24 &#8211; Email : infos(@)laciotat-shipyards.com &#8211; Directeur de la publication : Jean-Yves Saussol<\/p>\n<h3>Article 3 \u2013 Conditions G\u00e9n\u00e9rales d\u2019Utilisation<\/h3>\n<p>L\u2019utilisation du site implique l\u2019acceptation pleine et enti\u00e8re des conditions g\u00e9n\u00e9rales ci-apr\u00e8s d\u00e9crites. Elles sont susceptibles de changer ou d\u2019\u00eatre compl\u00e9t\u00e9es \u00e0 tout moment, les utilisateurs du site sont donc invit\u00e9s \u00e0 les consulter r\u00e9guli\u00e8rement.<\/p>\n<p>Le site a pour objet de fournir une information concernant l\u2019ensemble des activit\u00e9s de l\u2019entreprise. La Ciotat Shipyards s\u2019efforce de fournir des informations aussi pr\u00e9cises que possible. Toutefois il ne pourra \u00eatre tenu responsable des omissions, des inexactitudes, et des carences dans les mises \u00e0 jour qu\u2019elles soient de son fait ou de ses partenaires qui lui fournissent ces informations. Toutes les informations sont donn\u00e9es \u00e0 titre indicatif et sont susceptibles d\u2019\u00e9voluer. Par ailleurs les renseignements figurant sur le site Ciotat Shipyards ne sont pas exhaustifs et sont donn\u00e9s sous r\u00e9serves de modifications apport\u00e9es depuis leur publication.<\/p>\n<p>Le site internet ne pourra \u00eatre tenu responsable de dommages mat\u00e9riels li\u00e9s \u00e0 son utilisation. L\u2019utilisateur du site s\u2019engage \u00e0 acc\u00e9der au site en utilisant un mat\u00e9riel r\u00e9cent, ne comportant pas de virus et un navigateur de derni\u00e8re g\u00e9n\u00e9ration.<\/p>\n<p>La Ciotat Shipyards ne pourra \u00eatre tenue responsable des dommages directs et indirects caus\u00e9s au mat\u00e9riel de l\u2019utilisateur, lors de l\u2019acc\u00e8s au site La Ciotat Shipyards et r\u00e9sultant soit de l\u2019utilisation d\u2019un mat\u00e9riel ne r\u00e9pondant pas aux sp\u00e9cifications indiqu\u00e9es, soit de l\u2019apparition d\u2019un bug ou d\u2019une incompatibilit\u00e9.<\/p>\n<p>La Ciotat Shipyards ne pourra \u00e9galement \u00eatre tenu responsable des dommages indirects (tels par exemple qu\u2019une perte de march\u00e9 ou perte d\u2019une chance) cons\u00e9cutifs \u00e0 l\u2019utilisation du site.<\/p>\n<p>La Ciotat Shipyards est propri\u00e9taire des droits d\u2019usage pour tous les \u00e9l\u00e9ments accessibles sur le site, notamment les textes, images, graphismes, logos, ic\u00f4nes, sons, vid\u00e9os. Toute reproduction, repr\u00e9sentation, modification, publication, adaptation de tout ou partie des \u00e9l\u00e9ments du site, quel que soit le moyen ou le proc\u00e9d\u00e9 utilis\u00e9, est interdite, sauf autorisation \u00e9crite pr\u00e9alable de La Ciotat Shipyards.<\/p>\n<p>Des espaces interactifs (possibilit\u00e9 de poser des questions dans l\u2019espace contact) sont \u00e0 la disposition des utilisateurs. La Ciotat Shipyards se r\u00e9serve le droit de supprimer, sans mise en demeure pr\u00e9alable, tout contenu d\u00e9pos\u00e9 dans cet espace qui contreviendrait \u00e0 la l\u00e9gislation applicable en France, en particulier aux dispositions relatives \u00e0 la protection des donn\u00e9es. Le cas \u00e9ch\u00e9ant, La Ciotat Shipyards se r\u00e9serve \u00e9galement la possibilit\u00e9 de mettre en cause la responsabilit\u00e9 civile et\/ou p\u00e9nale de l\u2019utilisateur, notamment en cas de message \u00e0 caract\u00e8re raciste, injurieux, diffamant, ou pornographique, quel que soit le support utilis\u00e9 (texte, photographie\u2026).<\/p>\n<p>Les informations fournies sur ces espaces ne sont pas collect\u00e9es par La Ciotat Shipyards, et l\u2019utilisateur fournit ces informations en toutes connaissances de cause, lorsqu\u2019il proc\u00e8de par lui-m\u00eame \u00e0 leur saisie.<\/p>\n<p>Attribution de juridiction\u00a0: Tout litige en relation avec l\u2019utilisation du site www.laciotat-shipyards.com est soumis au droit fran\u00e7ais. Il est fait attribution exclusive de juridiction aux tribunaux comp\u00e9tents.<\/p>\n<p>Principales lois Concern\u00e9es\u00a0: Loi n\u00b0 78-87 du 6 janvier 1978, notamment modifi\u00e9e par la loi n\u00b0 2004-801 du 6 ao\u00fbt 2004 relative \u00e0 l\u2019informatique, aux fichiers et aux libert\u00e9s. Loi n\u00b0 2004-575 du 21 juin 2004 pour la confiance dans l\u2019\u00e9conomie num\u00e9rique.<\/p>\n<h3>Article 4 \u2013 Droits de propri\u00e9t\u00e9 intellectuelle<\/h3>\n<p>Ce Site ainsi que tout logiciel utilis\u00e9 \u00a0en relation avec ce Site peut contenir des informations confidentielles et prot\u00e9g\u00e9es par la l\u00e9gislation existante sur la propri\u00e9t\u00e9 intellectuelle ou toute autre loi. Par cons\u00e9quent, sauf indication contraire, les droits de propri\u00e9t\u00e9 intellectuelle sur les documents contenus dans le Site et chacun des \u00e9l\u00e9ments cr\u00e9\u00e9s pour ce Site sont la propri\u00e9t\u00e9 exclusive de l\u2019Editeur, \u00e9tant donn\u00e9 que l\u2019Editeur ne conc\u00e8de aucune licence ni aucun autre droit autre que celui de consulter aux Utilisateurs. En particulier, les marques et autres droits de propri\u00e9t\u00e9 intellectuelle cit\u00e9s sur le Site sont la propri\u00e9t\u00e9 de l\u2019Editeur.<\/p>\n<p>La reproduction de tous documents publi\u00e9s sur le Site est autoris\u00e9e uniquement pour un usage personnel et priv\u00e9. Toute reproduction et toute utilisation de copies r\u00e9alis\u00e9es \u00e0 d\u2019autres fins sont express\u00e9ment interdites.<\/p>\n<p>En mati\u00e8re de logiciels, il est interdit de copier, modifier, cr\u00e9er une \u0153uvre d\u00e9riv\u00e9e, inverser la conception ou l\u2019assemblage \u2013 ou tenter, d\u2019une quelconque fa\u00e7on, de trouver le code source (\u00e0 l\u2019exception des cas pr\u00e9vus par la loi), vendre, d\u2019accorder, sous-licencier, de modifier ou de transf\u00e9rer les droits de propri\u00e9t\u00e9 du logiciel.<\/p>\n<p>Il est \u00e9galement interdit de modifier le logiciel ou d\u2019utiliser de versions modifi\u00e9es du logiciel, en particulier mais non exclusivement dans le but d\u2019acc\u00e9der au Site par une autre interface autre que celle pr\u00e9vue par l\u2019Editeur.<\/p>\n<h3>Article 5 \u2013 Hyperliens<\/h3>\n<p>Le site www.laciotat-shipyards.com contient un certain nombre de liens vers d\u2019autres sites, mis en place avec l\u2019autorisation de La Ciotat Shipyards. Cependant, La Ciotat Shipyards n\u2019a pas la possibilit\u00e9 de v\u00e9rifier le contenu des sites ainsi visit\u00e9s, et n\u2019assumera en cons\u00e9quence aucune responsabilit\u00e9 de ce fait.<\/p>\n<p>Par cons\u00e9quent, l\u2019Editeur ne peut \u00eatre tenu responsable de ces sites ou sources externes, et d\u00e9cline toute responsabilit\u00e9 quant au contenu, publicit\u00e9s, produits, services et tout autre mat\u00e9riel disponible sur ou \u00e0 partir de ces sites ou sources externes.<\/p>\n<p>En outre, l\u2019Editeur ne peut \u00eatre tenu responsable de tous dommages ou pertes, av\u00e9r\u00e9s ou all\u00e9gu\u00e9s, d\u00e9coulant de l\u2019utilisation ou d\u2019avoir fait confiance au contenu, \u00e0 des biens ou des services disponibles sur ces sites ou sources externes.<\/p>\n<h3>Article 6 \u2013 Donn\u00e9es personnelles<\/h3>\n<p>L\u2019Editeur s\u2019engage \u00e0 pr\u00e9server la confidentialit\u00e9 des renseignements personnels et les donn\u00e9es fournies par les Utilisateurs. Toute fourniture au Site de renseignements personnels et de donn\u00e9es par l\u2019Utilisateur implique pour ce dernier l\u2019acceptation de la politique de protection des donn\u00e9es d\u00e9crite ci-apr\u00e8s. Cette politique de protection des donn\u00e9es s\u2019applique \u00e0 toutes les donn\u00e9es personnelles fournies par les Utilisateurs sur le Site.<\/p>\n<p><strong>6.1 Les informations recueillies par l\u2019Editeur et les destinataires de ces donn\u00e9es<\/strong><\/p>\n<p>L\u2019Editeur peut recueillir, enregistrer et utiliser les informations personnelles de nature suivante\u00a0:<\/p>\n<p>a) des informations sur l\u2019ordinateur de l\u2019Utilisateur et sur ses visites sur le Site (notamment adresse IP, situation g\u00e9ographique, type et version de navigateur, syst\u00e8me d\u2019exploitation, source de r\u00e9f\u00e9rence, dur\u00e9e de la visite, consultations des pages et navigation sur le Site)\u00a0;<\/p>\n<p>b) toutes informations que l\u2019Utilisateur communique \u00e0 l\u2019Editeur via le formulaire de contact.<\/p>\n<p>Les destinataires des informations recueillies par l\u2019Editeur sont les personnes charg\u00e9es du service marketing, du service commercial, des services charg\u00e9s de traiter la relation client et la prospection, des services administratifs, des services logistiques et informatiques ainsi que leurs responsables hi\u00e9rarchiques.<\/p>\n<p><strong>6.2 Cookies<\/strong><\/p>\n<p>Un cookie est un fichier texte qui, sous r\u00e9serve des choix exprim\u00e9s par l\u2019Utilisateur, est envoy\u00e9 et temporairement enregistr\u00e9 par un serveur web dans un espace d\u00e9di\u00e9 du disque dur du terminal de l\u2019Utilisateur (ci-apr\u00e8s, un \u00ab\u00a0Cookie\u00a0\u00bb). Un Cookie permet \u00e0 son \u00e9metteur d\u2019identifier le navigateur du terminal de l\u2019Utilisateur pendant la dur\u00e9e de validit\u00e9 du Cookie concern\u00e9. Seul l\u2019\u00e9metteur du Cookie peut lire et modifier les informations contenues dans le Cookie.<\/p>\n<p>Lorsqu\u2019un Utilisateur visite le Site, l\u2019Editeur peut \u00eatre amen\u00e9, sous r\u00e9serve des choix op\u00e9r\u00e9s par cet Utilisateur r\u00e9sultant des param\u00e8tres du logiciel de navigation utilis\u00e9 lors de sa visite sur le Site, \u00e0 installer diff\u00e9rents Cookies sur son terminal (ordinateur, smartphone, tablette\u2026).<\/p>\n<p><strong>6.2.1 Cookies \u00e9mis par l\u2019Editeur<\/strong><\/p>\n<p>Les Cookies \u00e9mis par l\u2019Editeur sur le Site sont utilis\u00e9s aux seules fins indiqu\u00e9es ci-dessous\u00a0:<\/p>\n<ul>\n<li>analyse des comportements de navigation sur le Site (rubriques et contenus visit\u00e9s, parcours), permettant \u00e0 l\u2019Editeur d\u2019am\u00e9liorer l\u2019int\u00e9r\u00eat et l\u2019ergonomie de ses services\u00a0;<\/li>\n<li>m\u00e9morisation des informations relatives \u00e0 un formulaire rempli par l\u2019Utilisateur sur le Site (formulaire de contact).<\/li>\n<\/ul>\n<p><strong>6.2.2 Cookies de mesure d\u2019audience \u00e9mis par Google<\/strong><\/p>\n<p>L\u2019utilisation du Site est analys\u00e9e par Google Analytics. Google Analytics g\u00e9n\u00e8re des statistiques et d\u2019autres informations sur l\u2019utilisation du Site par le biais de Cookies enregistr\u00e9s sur le terminal des Utilisateurs. Les informations g\u00e9n\u00e9r\u00e9es servent \u00e0 la r\u00e9daction de rapports sur l\u2019utilisation du Site. Google conserve ces informations.<\/p>\n<p>Les r\u00e8gles de confidentialit\u00e9 de Google et les moyens offerts aux Utilisateurs pour s\u2019opposer aux Cookies de mesure d\u2019audience de Google sont consultables sur la page suivante\u00a0:\u00a0<a href=\"http:\/\/www.google.com\/intl\/fr\/policies\/privacy\/\" target=\"_blank\" rel=\"noopener\">http:\/\/www.google.com\/intl\/fr\/policies\/privacy\/<\/a><\/p>\n<p><strong>6.2.3 La gestion des Cookies par les Utilisateurs<\/strong><\/p>\n<p>L\u2019Utilisateur a la possibilit\u00e9 de choisir sa politique de gestion des Cookies en modifiant les param\u00e9trages de son logiciel de navigation. Il peut ainsi s\u2019opposer \u00e0 l\u2019enregistrement des Cookies en configurant les pr\u00e9f\u00e9rences de son logiciel de navigation. La configuration de chaque navigateur diff\u00e8re suivant le logiciel de navigation\u00a0utilis\u00e9 :<\/p>\n<p>Sous Microsoft Internet Explorer\u00a0:\u00a0<a href=\"http:\/\/windows.microsoft.com\/fr-fr\/windows-vista\/block-or-allow-cookies\" target=\"_blank\" rel=\"noopener\">http:\/\/windows.microsoft.com\/fr-fr\/windows-vista\/block-or-allow-cookies<\/a><\/p>\n<p>Sous Safari\u00a0:\u00a0<a href=\"http:\/\/support.apple.com\/kb\/PH17191?viewlocale=fr_FR\" target=\"_blank\" rel=\"noopener\">http:\/\/support.apple.com\/kb\/PH17191?viewlocale=fr_FR<\/a><\/p>\n<p>Sous Chrome\u00a0: \u00a0<a href=\"https:\/\/support.google.com\/chrome\/answer\/95647?hl=fr\" target=\"_blank\" rel=\"noopener\">https:\/\/support.google.com\/chrome\/answer\/95647?hl=fr<\/a><\/p>\n<p>Sous Firefox\u00a0:\u00a0<a href=\"https:\/\/support.mozilla.org\/fr\/kb\/activer-desactiver-cookies\" target=\"_blank\" rel=\"noopener\">https:\/\/support.mozilla.org\/fr\/kb\/activer-desactiver-cookies<\/a><\/p>\n<p>Sous Opera\u00a0:\u00a0<a href=\"http:\/\/help.opera.com\/Windows\/10.20\/fr\/cookies.html\" target=\"_blank\" rel=\"noopener\">http:\/\/help.opera.com\/Windows\/10.20\/fr\/cookies.html<\/a><\/p>\n<p>Le fait de refuser les Cookies peut cependant emp\u00eacher l\u2019Utilisateur d\u2019acc\u00e9der \u00e0 certaines fonctionnalit\u00e9s du Site.<\/p>\n<p><strong>6.3 S\u00e9curisation des donn\u00e9es<\/strong><\/p>\n<p>L\u2019Editeur s\u2019engage \u00e0 mettre en place les mesures ad\u00e9quates visant \u00e0 pr\u00e9server la s\u00e9curit\u00e9 et la confidentialit\u00e9 des donn\u00e9es personnelles des Utilisateurs, et \u00e0 emp\u00eacher qu\u2019elles ne soient d\u00e9form\u00e9es, endommag\u00e9es, d\u00e9truites ou accessibles par des tiers non autoris\u00e9s.<\/p>\n<p>Les donn\u00e9es personnelles fournies par les Utilisateurs sont enregistr\u00e9es sur les serveurs s\u00e9curis\u00e9s de l\u2019H\u00e9bergeur.<\/p>\n<p>Cependant, le transfert de donn\u00e9es personnelles sur Internet est intrins\u00e8quement ins\u00e9curis\u00e9 et l\u2019Editeur ne peut totalement garantir la s\u00e9curit\u00e9 des donn\u00e9es ainsi envoy\u00e9es. L\u2019Editeur met donc en garde les Utilisateurs sur les risques potentiels impliqu\u00e9s dans le fonctionnement et l\u2019utilisation du Site.<\/p>\n<h3>Article 7 \u2013 Responsabilit\u00e9 de l\u2019Editeur<\/h3>\n<p>L\u2019Editeur met en \u0153uvre des efforts raisonnables afin d\u2019ins\u00e9rer des informations exactes et \u00e0 jour sur le Site, mais se r\u00e9serve le droit d\u2019en modifier le contenu \u00e0 tout moment, et ce, sans pr\u00e9avis. L\u2019Editeur ne fournit aucune garantie ni assurance s\u2019agissant de l\u2019exactitude ou du caract\u00e8re complet du Site, ce qui inclut les Hyperliens ou toute autre lien \u00e9lectronique disponible directement ou indirectement \u00e0 partir du Site. Il rel\u00e8ve de la responsabilit\u00e9 de l\u2019Utilisateur de v\u00e9rifier l\u2019exactitude des informations par des moyens auxiliaires, et notamment par la prise de contact direct avec l\u2019Editeur.<\/p>\n<p>En cons\u00e9quence, l\u2019Editeur n\u2019assume aucune responsabilit\u00e9 d\u00e9coulant de :<\/p>\n<ul>\n<li>toute inexactitude ou omission dans le contenu du Site ;<\/li>\n<li>toute inaccessibilit\u00e9 du Site ;<\/li>\n<li>toute survenance de bug ;<\/li>\n<li>toute erreur relative au contenu disponible sur le Site\u00a0;<\/li>\n<li>tous dommages r\u00e9sultant de l\u2019intrusion frauduleuse d\u2019une tierce-partie causant des modifications des informations contenues sur le Site ;<\/li>\n<li>tout pr\u00e9judice ou dommage caus\u00e9 par des changements non autoris\u00e9s ou illicites apport\u00e9s au contenu du Site ;<\/li>\n<li>plus g\u00e9n\u00e9ralement, tout pr\u00e9judice ou dommage, direct ou indirect, et ind\u00e9pendamment de la cause, origine, nature ou cons\u00e9quence, r\u00e9sultant de l\u2019acc\u00e8s ou de l\u2019impossibilit\u00e9 d\u2019acc\u00e8s au Site et\/ou de l\u2019utilisation des informations mises \u00e0 disposition directement ou indirectement sur le Site.<\/li>\n<\/ul>\n<h3>Article 8 \u2013 Modification des Conditions<\/h3>\n<p>L\u2019Editeur se r\u00e9serve la possibilit\u00e9 de modifier, \u00e0 tout moment et sans pr\u00e9avis, les pr\u00e9sentes Conditions afin de les adapter aux \u00e9volutions du Site et\/ou de son exploitation.<br \/>\nL\u2019Editeur mettra tout en \u0153uvre pour informer les Utilisateurs de ces changements par l\u2019interm\u00e9diaire d\u2019un message sp\u00e9cial sur le Site.<\/p>\n<h3>Article 9 \u2013 Droit applicable<\/h3>\n<p>Le Site et les Conditions sont r\u00e9gis par le droit fran\u00e7ais quel que soit le lieu d\u2019utilisation. En cas de contestation \u00e9ventuelle, et apr\u00e8s l\u2019\u00e9chec de toute tentative de recherche d\u2019une solution amiable, les tribunaux fran\u00e7ais seront seuls comp\u00e9tents pour conna\u00eetre de ce litige.[\/vc_column_text][\/vc_column][\/vc_row]<\/p>\n<\/div>","protected":false},"excerpt":{"rendered":"<p>[vc_row][vc_column][vc_column_text] Article 1 \u2013 Objet Les pr\u00e9sentes conditions (ci-apr\u00e8s \u00ab\u00a0les Conditions\u00a0\u00bb) ont pour objet de d\u00e9finir les modalit\u00e9s et conditions dans lesquelles d\u2019une part, l\u2019Editeur met \u00e0 la disposition de ses utilisateurs le Site et d\u2019autre part, la mani\u00e8re par laquelle l\u2019Utilisateur acc\u00e8de au Site. Toute connexion au Site est subordonn\u00e9e au respect des pr\u00e9sentes&hellip;<\/p>\n","protected":false},"author":1,"featured_media":0,"parent":0,"menu_order":0,"comment_status":"closed","ping_status":"closed","template":"","meta":{"footnotes":""},"class_list":["post-1484","page","type-page","status-publish","hentry","description-off"],"yoast_head":"<!-- This site is optimized with the Yoast SEO plugin v27.3 - https:\/\/yoast.com\/product\/yoast-seo-wordpress\/ -->\n<title>Mentions l\u00e9gales &amp; donn\u00e9es personnelles - La Ciotat Shipyards<\/title>\n<meta name=\"robots\" content=\"index, follow, max-snippet:-1, max-image-preview:large, max-video-preview:-1\" \/>\n<link rel=\"canonical\" href=\"https:\/\/www.laciotat-shipyards.com\/fr\/mentions-legales-donnees-personnelles\/\" \/>\n<meta property=\"og:locale\" content=\"fr_FR\" \/>\n<meta property=\"og:type\" content=\"article\" \/>\n<meta property=\"og:title\" content=\"Mentions l\u00e9gales &amp; donn\u00e9es personnelles - La Ciotat Shipyards\" \/>\n<meta property=\"og:description\" content=\"[vc_row][vc_column][vc_column_text] Article 1 \u2013 Objet Les pr\u00e9sentes conditions (ci-apr\u00e8s \u00ab\u00a0les Conditions\u00a0\u00bb) ont pour objet de d\u00e9finir les modalit\u00e9s et conditions dans lesquelles d\u2019une part, l\u2019Editeur met \u00e0 la disposition de ses utilisateurs le Site et d\u2019autre part, la mani\u00e8re par laquelle l\u2019Utilisateur acc\u00e8de au Site. Toute connexion au Site est subordonn\u00e9e au respect des pr\u00e9sentes&hellip;\" \/>\n<meta property=\"og:url\" content=\"https:\/\/www.laciotat-shipyards.com\/fr\/mentions-legales-donnees-personnelles\/\" \/>\n<meta property=\"og:site_name\" content=\"La Ciotat Shipyards\" \/>\n<meta property=\"article:modified_time\" content=\"2018-08-24T09:39:49+00:00\" \/>\n<meta name=\"twitter:card\" content=\"summary_large_image\" \/>\n<meta name=\"twitter:label1\" content=\"Dur\u00e9e de lecture estim\u00e9e\" \/>\n\t<meta name=\"twitter:data1\" content=\"12 minutes\" \/>\n<script type=\"application\/ld+json\" class=\"yoast-schema-graph\">{\"@context\":\"https:\\\/\\\/schema.org\",\"@graph\":[{\"@type\":\"WebPage\",\"@id\":\"https:\\\/\\\/www.laciotat-shipyards.com\\\/fr\\\/mentions-legales-donnees-personnelles\\\/\",\"url\":\"https:\\\/\\\/www.laciotat-shipyards.com\\\/fr\\\/mentions-legales-donnees-personnelles\\\/\",\"name\":\"Mentions l\u00e9gales & donn\u00e9es personnelles - La Ciotat Shipyards\",\"isPartOf\":{\"@id\":\"https:\\\/\\\/www.laciotat-shipyards.com\\\/fr\\\/#website\"},\"datePublished\":\"2018-07-31T08:54:16+00:00\",\"dateModified\":\"2018-08-24T09:39:49+00:00\",\"breadcrumb\":{\"@id\":\"https:\\\/\\\/www.laciotat-shipyards.com\\\/fr\\\/mentions-legales-donnees-personnelles\\\/#breadcrumb\"},\"inLanguage\":\"fr-FR\",\"potentialAction\":[{\"@type\":\"ReadAction\",\"target\":[\"https:\\\/\\\/www.laciotat-shipyards.com\\\/fr\\\/mentions-legales-donnees-personnelles\\\/\"]}]},{\"@type\":\"BreadcrumbList\",\"@id\":\"https:\\\/\\\/www.laciotat-shipyards.com\\\/fr\\\/mentions-legales-donnees-personnelles\\\/#breadcrumb\",\"itemListElement\":[{\"@type\":\"ListItem\",\"position\":1,\"name\":\"Accueil\",\"item\":\"https:\\\/\\\/www.laciotat-shipyards.com\\\/fr\\\/\"},{\"@type\":\"ListItem\",\"position\":2,\"name\":\"Mentions l\u00e9gales &#038; donn\u00e9es personnelles\"}]},{\"@type\":\"WebSite\",\"@id\":\"https:\\\/\\\/www.laciotat-shipyards.com\\\/fr\\\/#website\",\"url\":\"https:\\\/\\\/www.laciotat-shipyards.com\\\/fr\\\/\",\"name\":\"La Ciotat Shipyards\",\"description\":\"Site maritime d\u2019excellence en M\u00e9diterran\u00e9e\",\"potentialAction\":[{\"@type\":\"SearchAction\",\"target\":{\"@type\":\"EntryPoint\",\"urlTemplate\":\"https:\\\/\\\/www.laciotat-shipyards.com\\\/fr\\\/?s={search_term_string}\"},\"query-input\":{\"@type\":\"PropertyValueSpecification\",\"valueRequired\":true,\"valueName\":\"search_term_string\"}}],\"inLanguage\":\"fr-FR\"}]}<\/script>\n<!-- \/ Yoast SEO plugin. -->","yoast_head_json":{"title":"Mentions l\u00e9gales & donn\u00e9es personnelles - La Ciotat Shipyards","robots":{"index":"index","follow":"follow","max-snippet":"max-snippet:-1","max-image-preview":"max-image-preview:large","max-video-preview":"max-video-preview:-1"},"canonical":"https:\/\/www.laciotat-shipyards.com\/fr\/mentions-legales-donnees-personnelles\/","og_locale":"fr_FR","og_type":"article","og_title":"Mentions l\u00e9gales & donn\u00e9es personnelles - La Ciotat Shipyards","og_description":"[vc_row][vc_column][vc_column_text] Article 1 \u2013 Objet Les pr\u00e9sentes conditions (ci-apr\u00e8s \u00ab\u00a0les Conditions\u00a0\u00bb) ont pour objet de d\u00e9finir les modalit\u00e9s et conditions dans lesquelles d\u2019une part, l\u2019Editeur met \u00e0 la disposition de ses utilisateurs le Site et d\u2019autre part, la mani\u00e8re par laquelle l\u2019Utilisateur acc\u00e8de au Site. Toute connexion au Site est subordonn\u00e9e au respect des pr\u00e9sentes&hellip;","og_url":"https:\/\/www.laciotat-shipyards.com\/fr\/mentions-legales-donnees-personnelles\/","og_site_name":"La Ciotat Shipyards","article_modified_time":"2018-08-24T09:39:49+00:00","twitter_card":"summary_large_image","twitter_misc":{"Dur\u00e9e de lecture estim\u00e9e":"12 minutes"},"schema":{"@context":"https:\/\/schema.org","@graph":[{"@type":"WebPage","@id":"https:\/\/www.laciotat-shipyards.com\/fr\/mentions-legales-donnees-personnelles\/","url":"https:\/\/www.laciotat-shipyards.com\/fr\/mentions-legales-donnees-personnelles\/","name":"Mentions l\u00e9gales & donn\u00e9es personnelles - La Ciotat Shipyards","isPartOf":{"@id":"https:\/\/www.laciotat-shipyards.com\/fr\/#website"},"datePublished":"2018-07-31T08:54:16+00:00","dateModified":"2018-08-24T09:39:49+00:00","breadcrumb":{"@id":"https:\/\/www.laciotat-shipyards.com\/fr\/mentions-legales-donnees-personnelles\/#breadcrumb"},"inLanguage":"fr-FR","potentialAction":[{"@type":"ReadAction","target":["https:\/\/www.laciotat-shipyards.com\/fr\/mentions-legales-donnees-personnelles\/"]}]},{"@type":"BreadcrumbList","@id":"https:\/\/www.laciotat-shipyards.com\/fr\/mentions-legales-donnees-personnelles\/#breadcrumb","itemListElement":[{"@type":"ListItem","position":1,"name":"Accueil","item":"https:\/\/www.laciotat-shipyards.com\/fr\/"},{"@type":"ListItem","position":2,"name":"Mentions l\u00e9gales &#038; donn\u00e9es personnelles"}]},{"@type":"WebSite","@id":"https:\/\/www.laciotat-shipyards.com\/fr\/#website","url":"https:\/\/www.laciotat-shipyards.com\/fr\/","name":"La Ciotat Shipyards","description":"Site maritime d\u2019excellence en M\u00e9diterran\u00e9e","potentialAction":[{"@type":"SearchAction","target":{"@type":"EntryPoint","urlTemplate":"https:\/\/www.laciotat-shipyards.com\/fr\/?s={search_term_string}"},"query-input":{"@type":"PropertyValueSpecification","valueRequired":true,"valueName":"search_term_string"}}],"inLanguage":"fr-FR"}]}},"_links":{"self":[{"href":"https:\/\/www.laciotat-shipyards.com\/fr\/wp-json\/wp\/v2\/pages\/1484","targetHints":{"allow":["GET"]}}],"collection":[{"href":"https:\/\/www.laciotat-shipyards.com\/fr\/wp-json\/wp\/v2\/pages"}],"about":[{"href":"https:\/\/www.laciotat-shipyards.com\/fr\/wp-json\/wp\/v2\/types\/page"}],"author":[{"embeddable":true,"href":"https:\/\/www.laciotat-shipyards.com\/fr\/wp-json\/wp\/v2\/users\/1"}],"replies":[{"embeddable":true,"href":"https:\/\/www.laciotat-shipyards.com\/fr\/wp-json\/wp\/v2\/comments?post=1484"}],"version-history":[{"count":0,"href":"https:\/\/www.laciotat-shipyards.com\/fr\/wp-json\/wp\/v2\/pages\/1484\/revisions"}],"wp:attachment":[{"href":"https:\/\/www.laciotat-shipyards.com\/fr\/wp-json\/wp\/v2\/media?parent=1484"}],"curies":[{"name":"wp","href":"https:\/\/api.w.org\/{rel}","templated":true}]}}