{"id":15723,"date":"2025-11-06T14:25:59","date_gmt":"2025-11-06T13:25:59","guid":{"rendered":"https:\/\/www.laciotat-shipyards.com\/?page_id=15723"},"modified":"2025-11-19T14:02:46","modified_gmt":"2025-11-19T13:02:46","slug":"portail-plaisance","status":"publish","type":"page","link":"https:\/\/www.laciotat-shipyards.com\/fr\/portail-plaisance\/","title":{"rendered":"Portail Plaisance"},"content":{"rendered":"<div class=\"wpb-content-wrapper\"><p>[vc_row bg_type=\u00a0\u00bbbg_color\u00a0\u00bb bg_override=\u00a0\u00bbfull\u00a0\u00bb bg_color_value=\u00a0\u00bb#0C3455&Prime;][vc_column][vc_column_text css=\u00a0\u00bb\u00a0\u00bb]<\/p>\n<h3 style=\"color: #ffffff; font-size: 35px; text-align: center;\"><strong>D\u00e9couvrez le nouveau Portail Plaisance !<\/strong><\/h3>\n<p>[\/vc_column_text][vc_column_text css=\u00a0\u00bb\u00a0\u00bb]<\/p>\n<p style=\"text-align: center; color: #ffffff;\">Pour simplifier la gestion de vos contrats, renouvellement et paiements, nous avons cr\u00e9\u00e9 une toute nouvelle interface en ligne : <strong>le Portail Plaisance.<\/strong><\/p>\n<p style=\"text-align: center; color: #ffffff;\">Ce service est exclusivement r\u00e9serv\u00e9 aux plaisanciers d\u00e9j\u00e0 titulaires d\u2019un emplacement au Port-Vieux ou au Port \u00e0 Sec de La Ciotat. Connectez-vous d\u00e8s maintenant pour profiter d\u2019une exp\u00e9rience plus fluide, rapide et s\u00e9curis\u00e9e.<\/p>\n<p>[\/vc_column_text][vc_row_inner][vc_column_inner width=\u00a0\u00bb1\/6&Prime;][\/vc_column_inner][vc_column_inner width=\u00a0\u00bb1\/4&Prime;]<div class=\" vc_custom_1762446586765 ubtn-ctn-center \"><a class=\"ubtn-link ult-adjust-bottom-margin ubtn-center ubtn-normal \" href=\"https:\/\/laciotat-shipyards.seaportportail.fr\/fr\/\" target=\"_blank\" rel=\"noopener\" ><button type=\"button\" id=\"ubtn-7554\"  class=\"ubtn ult-adjust-bottom-margin ult-responsive ubtn-normal ubtn-left-bg  none  ubtn-center   tooltip-69fbc8e95e12c\"  data-hover=\"\" data-border-color=\"\" data-bg=\"#C69F45\" data-hover-bg=\"#C69F45\" data-border-hover=\"\" data-shadow-hover=\"\" data-shadow-click=\"none\" data-shadow=\"\" data-shd-shadow=\"\"  data-ultimate-target='#ubtn-7554'  data-responsive-json-new='{\"font-size\":\"desktop:18px;\",\"line-height\":\"desktop:22px;\"}'  style=\"font-family:&#039;Raleway&#039;;font-weight:500;border:none;background: #C69F45;color: #FFFFFF;\"><span class=\"ubtn-hover\" style=\"background-color:#C69F45\"><\/span><span class=\"ubtn-data ubtn-text \" >Acc\u00e9der au Portail Plaisance<\/span><\/button><\/a><\/div>[\/vc_column_inner][vc_column_inner width=\u00a0\u00bb1\/6&Prime;][\/vc_column_inner][vc_column_inner width=\u00a0\u00bb1\/4&Prime;]<div class=\" vc_custom_1763464563698 ubtn-ctn-center \"><a class=\"ubtn-link ult-adjust-bottom-margin ubtn-center ubtn-normal \" href=\"#tutovideo\" ><button type=\"button\" id=\"ubtn-3805\"  class=\"ubtn ult-adjust-bottom-margin ult-responsive ubtn-normal ubtn-left-bg  none  ubtn-center   tooltip-69fbc8e95e20d\"  data-hover=\"\" data-border-color=\"\" data-bg=\"#C69F45\" data-hover-bg=\"#C69F45\" data-border-hover=\"\" data-shadow-hover=\"\" data-shadow-click=\"none\" data-shadow=\"\" data-shd-shadow=\"\"  data-ultimate-target='#ubtn-3805'  data-responsive-json-new='{\"font-size\":\"desktop:18px;\",\"line-height\":\"desktop:22px;\"}'  style=\"font-family:&#039;Raleway&#039;;font-weight:500;border:none;background: #C69F45;color: #FFFFFF;\"><span class=\"ubtn-hover\" style=\"background-color:#C69F45\"><\/span><span class=\"ubtn-data ubtn-text \" >Voir le tuto en vid\u00e9o<\/span><\/button><\/a><\/div>[\/vc_column_inner][vc_column_inner width=\u00a0\u00bb1\/6&Prime;][\/vc_column_inner][\/vc_row_inner][vc_empty_space][\/vc_column][\/vc_row][vc_row bg_type=\u00a0\u00bbbg_color\u00a0\u00bb bg_override=\u00a0\u00bbfull\u00a0\u00bb bg_color_value=\u00a0\u00bb#FFFFFF\u00a0\u00bb][vc_column][vc_column_text css=\u00a0\u00bb\u00a0\u00bb]<\/p>\n<h3 style=\"text-align: center;\">Comment \u00e7a marche ?<\/h3>\n<p>[\/vc_column_text]<div class=\"smile-icon-timeline-wrap csstime   \"     style=\"\"><div class=\"timeline-line \" style=\"border-right-color:;\"><span><\/span><\/div><div class=\"timeline-wrapper\"><\/div><div class=\"timeline-feature-item feat-item  \"><div class=\"feat-dot \"><div class=\"timeline-dot\"><\/div><\/div><div class=\"ult-timeline-arrow \"><s><\/s><l><\/l><\/div><div class=\"timeline-icon-block\"><div class=\"ult-timeline-icon tl-icon-no-bg\" style=\"   \"><\/div> <!-- icon --><\/div><div class=\"timeline-header-block\" >\n\t\t\t\t\t\t\t<div class=\"timeline-header\" id=\"timeline-featured-7564\"  style=\"\"><h4\n\t\t\t class=\"ult-timeline-title ult-responsive\"   data-ultimate-target='#timeline-featured-7564 .ult-timeline-title'  data-responsive-json-new='{\"font-size\":\"\",\"line-height\":\"\"}'  style=\"\">ETAPE 1 : INITIALISATION DU COMPTE<\/h4><div class=\"ult-responsive custom-lht\"  data-ultimate-target='#timeline-featured-7564 .custom-lht'  data-responsive-json-new='{\"font-size\":\"\",\"line-height\":\"\"}'  style=\"\"><\/p>\n<ol>\n<li style=\"text-align: left;\">Acc\u00e9dez \u00e0 la nouvelle interface :\u00a0 <a href=\"https:\/\/laciotat-shipyards.seaportportail.fr\/fr\/\"><strong>Votre Portail client<\/strong><\/a><\/li>\n<li style=\"text-align: left;\">Dans la barre de menu,\u00a0cliquez sur Initialisez votre compte<\/li>\n<li style=\"text-align: left;\">Saisissez les informations suivantes :<\/li>\n<\/ol>\n<ul style=\"text-align: left;\">\n<li>Num\u00e9ro de client :\u00a0XXXXXXX<\/li>\n<li>Num\u00e9ro de contrat\u00a0:XXXXXX<\/li>\n<li>Adresse mail\u00a0: XXXXXX<\/li>\n<\/ul>\n<p style=\"text-align: left;\"><strong>Choisissez un <u>mot de passe<\/u><\/strong><\/p>\n<p><\/div><\/div> <!-- header --><\/div><\/div><div class=\"timeline-wrapper \"><\/div><div class=\"timeline-feature-item feat-item  \"><div class=\"feat-dot \"><div class=\"timeline-dot\"><\/div><\/div><div class=\"ult-timeline-arrow \"><s><\/s><l><\/l><\/div><div class=\"timeline-icon-block\"><div class=\"ult-timeline-icon tl-icon-no-bg\" style=\"   \"><\/div> <!-- icon --><\/div><div class=\"timeline-header-block\" >\n\t\t\t\t\t\t\t<div class=\"timeline-header\" id=\"timeline-featured-3760\"  style=\"\"><h4\n\t\t\t class=\"ult-timeline-title ult-responsive\"   data-ultimate-target='#timeline-featured-3760 .ult-timeline-title'  data-responsive-json-new='{\"font-size\":\"\",\"line-height\":\"\"}'  style=\"\">ETAPE 2 : DEPOT DES DOCUMENTS<\/h4><div class=\"ult-responsive custom-lht\"  data-ultimate-target='#timeline-featured-3760 .custom-lht'  data-responsive-json-new='{\"font-size\":\"\",\"line-height\":\"\"}'  style=\"\"><\/p>\n<ol>\n<li style=\"text-align: left;\">Connectez-vous avec adresse mail et mot de passe<\/li>\n<li style=\"text-align: left;\">Onglet \u00ab\u00a0Mes Contrats\u00a0\u00bb<\/li>\n<li style=\"text-align: left;\">\u00ab\u00a0G\u00e9rer mon contrat\u00a0\u00bb<\/li>\n<li style=\"text-align: left;\">D\u00e9poser vos documents<\/li>\n<li style=\"text-align: left;\">Valider votre d\u00e9marche en ligne<\/li>\n<li style=\"list-style-type: none;\"><\/li>\n<\/ol>\n<p><\/div><\/div> <!-- header --><\/div><\/div><div class=\"timeline-wrapper \"><\/div><div class=\"timeline-feature-item feat-item  \"><div class=\"feat-dot \"><div class=\"timeline-dot\"><\/div><\/div><div class=\"ult-timeline-arrow \"><s><\/s><l><\/l><\/div><div class=\"timeline-icon-block\"><div class=\"ult-timeline-icon tl-icon-no-bg\" style=\"   \"><\/div> <!-- icon --><\/div><div class=\"timeline-header-block\" >\n\t\t\t\t\t\t\t<div class=\"timeline-header\" id=\"timeline-featured-6448\"  style=\"\"><h4\n\t\t\t class=\"ult-timeline-title ult-responsive\"   data-ultimate-target='#timeline-featured-6448 .ult-timeline-title'  data-responsive-json-new='{\"font-size\":\"\",\"line-height\":\"\"}'  style=\"\">ETAPE 3 : VALIDATION DES DOCUMENTS PAR LA CAPITAINERIE<\/h4><div class=\"ult-responsive custom-lht\"  data-ultimate-target='#timeline-featured-6448 .custom-lht'  data-responsive-json-new='{\"font-size\":\"\",\"line-height\":\"\"}'  style=\"\">Un mail vous sera envoy\u00e9 d\u00e8s validation.<\/div><\/div> <!-- header --><\/div><\/div><div class=\"timeline-wrapper \"><\/div><div class=\"timeline-feature-item feat-item  \"><div class=\"feat-dot \"><div class=\"timeline-dot\"><\/div><\/div><div class=\"ult-timeline-arrow \"><s><\/s><l><\/l><\/div><div class=\"timeline-icon-block\"><div class=\"ult-timeline-icon tl-icon-no-bg\" style=\"   \"><\/div> <!-- icon --><\/div><div class=\"timeline-header-block\" >\n\t\t\t\t\t\t\t<div class=\"timeline-header\" id=\"timeline-featured-2562\"  style=\"\"><h4\n\t\t\t class=\"ult-timeline-title ult-responsive\"   data-ultimate-target='#timeline-featured-2562 .ult-timeline-title'  data-responsive-json-new='{\"font-size\":\"\",\"line-height\":\"\"}'  style=\"\">ETAPE 4 : FINALISATION DES DEPOTS DE DOCUMENTS<\/h4><div class=\"ult-responsive custom-lht\"  data-ultimate-target='#timeline-featured-2562 .custom-lht'  data-responsive-json-new='{\"font-size\":\"\",\"line-height\":\"\"}'  style=\"\"><\/p>\n<ol>\n<li style=\"text-align: left;\">Connectez-vous avec adresse mail et mot de passe<\/li>\n<li style=\"text-align: left;\">Onglet \u00ab\u00a0Mes Contrats\u00a0\u00bb<\/li>\n<li style=\"text-align: left;\">\u00ab\u00a0G\u00e9rer mon contrat\u00a0\u00bb<\/li>\n<li style=\"text-align: left;\">\u00ab\u00a0Demander la reconduction de mon contrat en ligne \u00bb<\/li>\n<li style=\"text-align: left;\">\u00ab\u00a0Valider les donn\u00e9es \u00bb<\/li>\n<li style=\"text-align: left;\">\u00ab\u00a0Finaliser la demande de reconduction du contrat en ligne\u00a0\u00bb<\/li>\n<\/ol>\n<p>Un mail de confirmation vous sera envoy\u00e9, merci de le conserver pour pr\u00e9sentation en capitainerie, vous serez seul d\u00e9tenteur de ce courrier.<\/div><\/div> <!-- header --><\/div><\/div><div class=\"timeline-wrapper \"><\/div><div class=\"timeline-feature-item feat-item  \"><div class=\"feat-dot \"><div class=\"timeline-dot\"><\/div><\/div><div class=\"ult-timeline-arrow \"><s><\/s><l><\/l><\/div><div class=\"timeline-icon-block\"><div class=\"ult-timeline-icon tl-icon-no-bg\" style=\"   \"><\/div> <!-- icon --><\/div><div class=\"timeline-header-block\" >\n\t\t\t\t\t\t\t<div class=\"timeline-header\" id=\"timeline-featured-5911\"  style=\"\"><h4\n\t\t\t class=\"ult-timeline-title ult-responsive\"   data-ultimate-target='#timeline-featured-5911 .ult-timeline-title'  data-responsive-json-new='{\"font-size\":\"\",\"line-height\":\"\"}'  style=\"\">ETAPE 5 : DEMANDE DE RENOUVELLEMENT (en capitainerie uniquement)<\/h4><div class=\"ult-responsive custom-lht\"  data-ultimate-target='#timeline-featured-5911 .custom-lht'  data-responsive-json-new='{\"font-size\":\"\",\"line-height\":\"\"}'  style=\"\"><\/p>\n<ol>\n<li style=\"text-align: left;\">Se pr\u00e9senter en capitainerie avec\u00a0:<\/li>\n<\/ol>\n<ul style=\"text-align: left;\">\n<li>Mail de confirmation<\/li>\n<li>Pi\u00e8ce d\u2019identit\u00e9<\/li>\n<\/ul>\n<ol start=\"2\">\n<li style=\"text-align: left;\">Signer votre demande de renouvellement<\/li>\n<\/ol>\n<p><\/div><\/div> <!-- header --><\/div><\/div><div class=\"timeline-wrapper \"><\/div><div class=\"timeline-feature-item feat-item  \"><div class=\"feat-dot \"><div class=\"timeline-dot\"><\/div><\/div><div class=\"ult-timeline-arrow \"><s><\/s><l><\/l><\/div><div class=\"timeline-icon-block\"><div class=\"ult-timeline-icon tl-icon-no-bg\" style=\"   \"><\/div> <!-- icon --><\/div><div class=\"timeline-header-block\" >\n\t\t\t\t\t\t\t<div class=\"timeline-header\" id=\"timeline-featured-3156\"  style=\"\"><h4\n\t\t\t class=\"ult-timeline-title ult-responsive\"   data-ultimate-target='#timeline-featured-3156 .ult-timeline-title'  data-responsive-json-new='{\"font-size\":\"\",\"line-height\":\"\"}'  style=\"\">ETAPE 6 : SIGNATURE DU CONTRAT (en ligne uniquement)<\/h4><div class=\"ult-responsive custom-lht\"  data-ultimate-target='#timeline-featured-3156 .custom-lht'  data-responsive-json-new='{\"font-size\":\"\",\"line-height\":\"\"}'  style=\"\"><\/p>\n<ol>\n<li style=\"text-align: left;\">Se connecter<\/li>\n<li style=\"text-align: left;\">Signer votre contrat en ligne<\/li>\n<\/ol>\n<p><\/div><\/div> <!-- header --><\/div><\/div><div class=\"timeline-wrapper \"><\/div><div class=\"timeline-feature-item feat-item  \"><div class=\"feat-dot \"><div class=\"timeline-dot\"><\/div><\/div><div class=\"ult-timeline-arrow \"><s><\/s><l><\/l><\/div><div class=\"timeline-icon-block\"><div class=\"ult-timeline-icon tl-icon-no-bg\" style=\"   \"><\/div> <!-- icon --><\/div><div class=\"timeline-header-block\" >\n\t\t\t\t\t\t\t<div class=\"timeline-header\" id=\"timeline-featured-1331\"  style=\"\"><h4\n\t\t\t class=\"ult-timeline-title ult-responsive\"   data-ultimate-target='#timeline-featured-1331 .ult-timeline-title'  data-responsive-json-new='{\"font-size\":\"\",\"line-height\":\"\"}'  style=\"\">ETAPE 7 : REGLEMENT<\/h4><div class=\"ult-responsive custom-lht\"  data-ultimate-target='#timeline-featured-1331 .custom-lht'  data-responsive-json-new='{\"font-size\":\"\",\"line-height\":\"\"}'  style=\"\"><\/p>\n<ol>\n<li style=\"text-align: left;\">Choisir votre mode de paiement<\/li>\n<\/ol>\n<p><\/div><\/div> <!-- header --><\/div><\/div><div class=\"timeline-wrapper \"><\/div><\/div>[\/vc_column][\/vc_row][vc_row el_id=\u00a0\u00bbtutovideo\u00a0\u00bb][vc_column][vc_video link=\u00a0\u00bbhttps:\/\/youtu.be\/dLsWz5auB8E\u00a0\u00bb css=\u00a0\u00bb\u00a0\u00bb][\/vc_column][\/vc_row]<\/p>\n<\/div>","protected":false},"excerpt":{"rendered":"<p>[vc_row bg_type=\u00a0\u00bbbg_color\u00a0\u00bb bg_override=\u00a0\u00bbfull\u00a0\u00bb bg_color_value=\u00a0\u00bb#0C3455&Prime;][vc_column][vc_column_text css=\u00a0\u00bb\u00a0\u00bb] D\u00e9couvrez le nouveau Portail Plaisance ! [\/vc_column_text][vc_column_text css=\u00a0\u00bb\u00a0\u00bb] Pour simplifier la gestion de vos contrats, renouvellement et paiements, nous avons cr\u00e9\u00e9 une toute nouvelle interface en ligne : le Portail Plaisance. Ce service est exclusivement r\u00e9serv\u00e9 aux plaisanciers d\u00e9j\u00e0 titulaires d\u2019un emplacement au Port-Vieux ou au Port \u00e0 Sec de&hellip;<\/p>\n","protected":false},"author":347,"featured_media":0,"parent":0,"menu_order":0,"comment_status":"closed","ping_status":"closed","template":"","meta":{"footnotes":""},"class_list":["post-15723","page","type-page","status-publish","hentry","description-off"],"yoast_head":"<!-- This site is optimized with the Yoast SEO plugin v27.5 - https:\/\/yoast.com\/product\/yoast-seo-wordpress\/ -->\n<title>Portail Plaisance - La Ciotat Shipyards<\/title>\n<meta name=\"description\" content=\"Le Portail plaisance permet aux plaisanciers titulaires d&#039;une AOT au Port Vieux de g\u00e9rer en ligne les contrats, renouv\u00e8lements et paiements.\" \/>\n<meta name=\"robots\" content=\"index, follow, max-snippet:-1, max-image-preview:large, max-video-preview:-1\" \/>\n<link rel=\"canonical\" href=\"https:\/\/www.laciotat-shipyards.com\/fr\/portail-plaisance\/\" \/>\n<meta property=\"og:locale\" content=\"fr_FR\" \/>\n<meta property=\"og:type\" content=\"article\" \/>\n<meta property=\"og:title\" content=\"Portail Plaisance - La Ciotat Shipyards\" \/>\n<meta property=\"og:description\" content=\"Le Portail plaisance permet aux plaisanciers titulaires d&#039;une AOT au Port Vieux de g\u00e9rer en ligne les contrats, renouv\u00e8lements et paiements.\" \/>\n<meta property=\"og:url\" content=\"https:\/\/www.laciotat-shipyards.com\/fr\/portail-plaisance\/\" \/>\n<meta property=\"og:site_name\" content=\"La Ciotat Shipyards\" \/>\n<meta property=\"article:modified_time\" content=\"2025-11-19T13:02:46+00:00\" \/>\n<meta name=\"twitter:card\" content=\"summary_large_image\" \/>\n<meta name=\"twitter:label1\" content=\"Dur\u00e9e de lecture estim\u00e9e\" \/>\n\t<meta name=\"twitter:data1\" content=\"2 minutes\" \/>\n<script type=\"application\/ld+json\" class=\"yoast-schema-graph\">{\"@context\":\"https:\\\/\\\/schema.org\",\"@graph\":[{\"@type\":\"WebPage\",\"@id\":\"https:\\\/\\\/www.laciotat-shipyards.com\\\/fr\\\/portail-plaisance\\\/\",\"url\":\"https:\\\/\\\/www.laciotat-shipyards.com\\\/fr\\\/portail-plaisance\\\/\",\"name\":\"Portail Plaisance - La Ciotat Shipyards\",\"isPartOf\":{\"@id\":\"https:\\\/\\\/www.laciotat-shipyards.com\\\/fr\\\/#website\"},\"datePublished\":\"2025-11-06T13:25:59+00:00\",\"dateModified\":\"2025-11-19T13:02:46+00:00\",\"description\":\"Le Portail plaisance permet aux plaisanciers titulaires d'une AOT au Port Vieux de g\u00e9rer en ligne les contrats, renouv\u00e8lements et paiements.\",\"breadcrumb\":{\"@id\":\"https:\\\/\\\/www.laciotat-shipyards.com\\\/fr\\\/portail-plaisance\\\/#breadcrumb\"},\"inLanguage\":\"fr-FR\",\"potentialAction\":[{\"@type\":\"ReadAction\",\"target\":[\"https:\\\/\\\/www.laciotat-shipyards.com\\\/fr\\\/portail-plaisance\\\/\"]}]},{\"@type\":\"BreadcrumbList\",\"@id\":\"https:\\\/\\\/www.laciotat-shipyards.com\\\/fr\\\/portail-plaisance\\\/#breadcrumb\",\"itemListElement\":[{\"@type\":\"ListItem\",\"position\":1,\"name\":\"Accueil\",\"item\":\"https:\\\/\\\/www.laciotat-shipyards.com\\\/fr\\\/\"},{\"@type\":\"ListItem\",\"position\":2,\"name\":\"Portail Plaisance\"}]},{\"@type\":\"WebSite\",\"@id\":\"https:\\\/\\\/www.laciotat-shipyards.com\\\/fr\\\/#website\",\"url\":\"https:\\\/\\\/www.laciotat-shipyards.com\\\/fr\\\/\",\"name\":\"La Ciotat Shipyards\",\"description\":\"Site maritime d\u2019excellence en M\u00e9diterran\u00e9e\",\"potentialAction\":[{\"@type\":\"SearchAction\",\"target\":{\"@type\":\"EntryPoint\",\"urlTemplate\":\"https:\\\/\\\/www.laciotat-shipyards.com\\\/fr\\\/?s={search_term_string}\"},\"query-input\":{\"@type\":\"PropertyValueSpecification\",\"valueRequired\":true,\"valueName\":\"search_term_string\"}}],\"inLanguage\":\"fr-FR\"}]}<\/script>\n<!-- \/ Yoast SEO plugin. -->","yoast_head_json":{"title":"Portail Plaisance - La Ciotat Shipyards","description":"Le Portail plaisance permet aux plaisanciers titulaires d'une AOT au Port Vieux de g\u00e9rer en ligne les contrats, renouv\u00e8lements et paiements.","robots":{"index":"index","follow":"follow","max-snippet":"max-snippet:-1","max-image-preview":"max-image-preview:large","max-video-preview":"max-video-preview:-1"},"canonical":"https:\/\/www.laciotat-shipyards.com\/fr\/portail-plaisance\/","og_locale":"fr_FR","og_type":"article","og_title":"Portail Plaisance - La Ciotat Shipyards","og_description":"Le Portail plaisance permet aux plaisanciers titulaires d'une AOT au Port Vieux de g\u00e9rer en ligne les contrats, renouv\u00e8lements et paiements.","og_url":"https:\/\/www.laciotat-shipyards.com\/fr\/portail-plaisance\/","og_site_name":"La Ciotat Shipyards","article_modified_time":"2025-11-19T13:02:46+00:00","twitter_card":"summary_large_image","twitter_misc":{"Dur\u00e9e de lecture estim\u00e9e":"2 minutes"},"schema":{"@context":"https:\/\/schema.org","@graph":[{"@type":"WebPage","@id":"https:\/\/www.laciotat-shipyards.com\/fr\/portail-plaisance\/","url":"https:\/\/www.laciotat-shipyards.com\/fr\/portail-plaisance\/","name":"Portail Plaisance - La Ciotat Shipyards","isPartOf":{"@id":"https:\/\/www.laciotat-shipyards.com\/fr\/#website"},"datePublished":"2025-11-06T13:25:59+00:00","dateModified":"2025-11-19T13:02:46+00:00","description":"Le Portail plaisance permet aux plaisanciers titulaires d'une AOT au Port Vieux de g\u00e9rer en ligne les contrats, renouv\u00e8lements et paiements.","breadcrumb":{"@id":"https:\/\/www.laciotat-shipyards.com\/fr\/portail-plaisance\/#breadcrumb"},"inLanguage":"fr-FR","potentialAction":[{"@type":"ReadAction","target":["https:\/\/www.laciotat-shipyards.com\/fr\/portail-plaisance\/"]}]},{"@type":"BreadcrumbList","@id":"https:\/\/www.laciotat-shipyards.com\/fr\/portail-plaisance\/#breadcrumb","itemListElement":[{"@type":"ListItem","position":1,"name":"Accueil","item":"https:\/\/www.laciotat-shipyards.com\/fr\/"},{"@type":"ListItem","position":2,"name":"Portail Plaisance"}]},{"@type":"WebSite","@id":"https:\/\/www.laciotat-shipyards.com\/fr\/#website","url":"https:\/\/www.laciotat-shipyards.com\/fr\/","name":"La Ciotat Shipyards","description":"Site maritime d\u2019excellence en M\u00e9diterran\u00e9e","potentialAction":[{"@type":"SearchAction","target":{"@type":"EntryPoint","urlTemplate":"https:\/\/www.laciotat-shipyards.com\/fr\/?s={search_term_string}"},"query-input":{"@type":"PropertyValueSpecification","valueRequired":true,"valueName":"search_term_string"}}],"inLanguage":"fr-FR"}]}},"_links":{"self":[{"href":"https:\/\/www.laciotat-shipyards.com\/fr\/wp-json\/wp\/v2\/pages\/15723","targetHints":{"allow":["GET"]}}],"collection":[{"href":"https:\/\/www.laciotat-shipyards.com\/fr\/wp-json\/wp\/v2\/pages"}],"about":[{"href":"https:\/\/www.laciotat-shipyards.com\/fr\/wp-json\/wp\/v2\/types\/page"}],"author":[{"embeddable":true,"href":"https:\/\/www.laciotat-shipyards.com\/fr\/wp-json\/wp\/v2\/users\/347"}],"replies":[{"embeddable":true,"href":"https:\/\/www.laciotat-shipyards.com\/fr\/wp-json\/wp\/v2\/comments?post=15723"}],"version-history":[{"count":15,"href":"https:\/\/www.laciotat-shipyards.com\/fr\/wp-json\/wp\/v2\/pages\/15723\/revisions"}],"predecessor-version":[{"id":15795,"href":"https:\/\/www.laciotat-shipyards.com\/fr\/wp-json\/wp\/v2\/pages\/15723\/revisions\/15795"}],"wp:attachment":[{"href":"https:\/\/www.laciotat-shipyards.com\/fr\/wp-json\/wp\/v2\/media?parent=15723"}],"curies":[{"name":"wp","href":"https:\/\/api.w.org\/{rel}","templated":true}]}}