{"id":203,"date":"2018-03-30T16:47:23","date_gmt":"2018-03-30T14:47:23","guid":{"rendered":"https:\/\/www.laciotat-shipyards.com\/semideplacyotat\/?page_id=203"},"modified":"2026-03-19T11:09:43","modified_gmt":"2026-03-19T10:09:43","slug":"valeurs","status":"publish","type":"page","link":"https:\/\/www.laciotat-shipyards.com\/fr\/la-ciotat-shipyards\/valeurs\/","title":{"rendered":"Valeurs"},"content":{"rendered":"<div class=\"wpb-content-wrapper\"><p>[vc_row gap=\u00a0\u00bb30&Prime; content_placement=\u00a0\u00bbmiddle\u00a0\u00bb][vc_column][vc_column_text]<\/p>\n<h4>De par son histoire, mais aussi par la singularit\u00e9 de son mode de gestion fond\u00e9 sur le service public,<br \/>\nLa Ciotat Shipyards porte avec fiert\u00e9 ses valeurs\u00a0:<\/h4>\n<p>[\/vc_column_text][\/vc_column][\/vc_row][vc_row gap=\u00a0\u00bb10&Prime; content_placement=\u00a0\u00bbmiddle\u00a0\u00bb][vc_column width=\u00a0\u00bb7\/12&Prime; offset=\u00a0\u00bbvc_col-lg-offset-0&Prime;][vc_column_text css_animation=\u00a0\u00bbzoomIn\u00a0\u00bb]<\/p>\n<h2 style=\"text-align: left;\">L&rsquo;excellence<\/h2>\n<p>[\/vc_column_text]<div class=\"hr-thin style-line\" style=\"width: 100%;border-top-width: 1px;\"><\/div>[vc_column_text css_animation=\u00a0\u00bbnone\u00a0\u00bb css=\u00a0\u00bb\u00a0\u00bb]<\/p>\n<p style=\"text-align: justify;\">L\u2019excellence est une valeur cardinale dans le secteur du Yachting o\u00f9 la m\u00e9diocrit\u00e9 n\u2019a pas sa place. Pour La Ciotat Shipyards, cette exigence vaut d\u2019abord pour elle-m\u00eame. Le site n\u2019a jamais connu d\u2019interruption de service pour quelque motif que ce soit en 30 ans. Ses \u00e9quipes d\u2019exploitation font preuve tous les jours d\u2019un savoir-faire rare en mati\u00e8re de levage, permettant de mettre \u00e0 sec sans incidents les navires de toutes sortes.<\/p>\n<p style=\"text-align: justify;\">En retour, La Ciotat Shipyards attend bien s\u00fbr de ses partenaires le m\u00eame niveau d\u2019exigence. Les appels \u00e0 projet qu\u2019elle lance sont ainsi ax\u00e9s sur l\u2019expertise en mati\u00e8re de yachting, le s\u00e9rieux financier et le respect des engagements en mati\u00e8re de d\u00e9veloppement de l\u2019activit\u00e9 et de l\u2019emploi local.<\/p>\n<p>[\/vc_column_text][\/vc_column][vc_column width=\u00a0\u00bb5\/12&Prime;][vc_single_image image=\u00a0\u00bb4907&Prime; img_size=\u00a0\u00bbfull\u00a0\u00bb alignment=\u00a0\u00bbcenter\u00a0\u00bb css_animation=\u00a0\u00bbzoomIn\u00a0\u00bb][\/vc_column][\/vc_row][vc_row gap=\u00a0\u00bb15&Prime; content_placement=\u00a0\u00bbmiddle\u00a0\u00bb][vc_column width=\u00a0\u00bb5\/12&Prime; offset=\u00a0\u00bbvc_col-lg-offset-0&Prime;][vc_single_image image=\u00a0\u00bb4990&Prime; img_size=\u00a0\u00bbfull\u00a0\u00bb alignment=\u00a0\u00bbcenter\u00a0\u00bb css_animation=\u00a0\u00bbzoomIn\u00a0\u00bb][\/vc_column][vc_column width=\u00a0\u00bb7\/12&Prime;][vc_column_text css_animation=\u00a0\u00bbzoomIn\u00a0\u00bb]<\/p>\n<h2 style=\"text-align: left;\">La durabilit\u00e9<\/h2>\n<p>[\/vc_column_text]<div class=\"hr-thin style-line\" style=\"width: 100%;border-top-width: 1px;\"><\/div>[vc_column_text]<\/p>\n<p style=\"text-align: justify;\">Les chantiers navals de La Ciotat existent depuis des si\u00e8cles. Cette p\u00e9rennit\u00e9 r\u00e9sulte non seulement de son dynamisme \u00e9conomique et d\u2019une capacit\u00e9 \u00e0 se r\u00e9inventer r\u00e9guli\u00e8rement pour s\u2019adapter aux \u00e9volutions de l\u2019industrie maritime, mais aussi d\u2019un consensus social extr\u00eamement fort, qui s\u2019est notamment exprim\u00e9 avec force au moment des crises sociales des ann\u00e9es 80. La Ciotat Shipyards est attach\u00e9e \u00e0 pr\u00e9server ce consensus, via une gestion \u00e9conomique audacieuse toujours soucieuse d\u2019associer les salari\u00e9s aux grandes d\u00e9cisions strat\u00e9giques. La soci\u00e9t\u00e9 est ainsi une des rares soci\u00e9t\u00e9s publiques locales \u00e0 compter un repr\u00e9sentant permanent des salari\u00e9s au sein de son conseil d\u2019administration. Aujourd\u2019hui cette durabilit\u00e9 doit inclure une nouvelle dimension : la protection de l\u2019environnement. La Ciotat Shipyards veut \u00eatre un chantier mod\u00e8le sur ce point. C\u2019est \u00e0 cette condition que les chantiers de La Ciotat continueront \u00e0 exister pour les d\u00e9cennies \u00e0 venir.<\/p>\n<p>[\/vc_column_text][\/vc_column][\/vc_row][vc_row gap=\u00a0\u00bb15&Prime; content_placement=\u00a0\u00bbmiddle\u00a0\u00bb][vc_column width=\u00a0\u00bb7\/12&Prime; offset=\u00a0\u00bbvc_col-lg-offset-0&Prime;][vc_column_text css_animation=\u00a0\u00bbzoomIn\u00a0\u00bb]<\/p>\n<h2 style=\"text-align: left;\">La transparence<\/h2>\n<p>[\/vc_column_text]<div class=\"hr-thin style-line\" style=\"width: 100%;border-top-width: 1px;\"><\/div>[vc_column_text]<\/p>\n<p style=\"text-align: justify;\">En tant que gestionnaire d\u2019un \u00e9quipement embl\u00e9matique sur le domaine public, qui appartient \u00e0 tous, La Ciotat Shipyards est particuli\u00e8rement attach\u00e9e \u00e0 la transparence de son action vis-\u00e0-vis de l\u2019ensemble des parties prenantes. La Ciotat Shipyards est une soci\u00e9t\u00e9 publique locale (SPL) enti\u00e8rement contr\u00f4l\u00e9e par les collectivit\u00e9s territoriales qui en sont actionnaires. Son conseil d\u2019administration, instance au sein de laquelle se prennent toutes les d\u00e9cisions strat\u00e9giques, est compos\u00e9 d\u2019\u00e9lus locaux garants de la transparence d\u00e9mocratique de son fonctionnement. Les salari\u00e9s sont \u00e9galement associ\u00e9s \u00e0 toutes les d\u00e9cisions majeures par le biais de leur repr\u00e9sentant permanent au conseil d\u2019administration. Comme toutes les SPL, LCS est \u00e9galement soumise \u00e0 des proc\u00e9dures de \u00ab contr\u00f4le analogue \u00bb des administrations municipales, m\u00e9tropolitaines, d\u00e9partementales et r\u00e9gionales destin\u00e9es \u00e0 v\u00e9rifier la r\u00e9gularit\u00e9 des actes qu\u2019elle prend. Outre ces \u00e9l\u00e9ments de contr\u00f4le interne, la soci\u00e9t\u00e9 a tr\u00e8s t\u00f4t souhait\u00e9 g\u00e9n\u00e9raliser les proc\u00e9dures de mise en concurrence, avant m\u00eame qu\u2019elles ne deviennent obligatoires, pour toutes les autorisations d\u2019occupations domaniale accord\u00e9es au sein du domaine public. Ces proc\u00e9dures sont organis\u00e9es de mani\u00e8re publique via le site internet de la soci\u00e9t\u00e9 avec des crit\u00e8res de s\u00e9lection transparents. Enfin, LCS est au nombre des rares chantiers navals, <em>a fortiori<\/em> dans le monde du yachtisme, \u00e0 publier l\u2019int\u00e9gralit\u00e9 de sa grille tarifaire sur Internet.<\/p>\n<p>[\/vc_column_text][\/vc_column][vc_column width=\u00a0\u00bb5\/12&Prime;][vc_single_image image=\u00a0\u00bb8040&Prime; img_size=\u00a0\u00bbfull\u00a0\u00bb alignment=\u00a0\u00bbcenter\u00a0\u00bb css_animation=\u00a0\u00bbzoomIn\u00a0\u00bb][\/vc_column][\/vc_row][vc_row gap=\u00a0\u00bb20&Prime; css=\u00a0\u00bb.vc_custom_1690537514277{margin-bottom: 80px !important;padding-top: 80px !important;}\u00a0\u00bb][vc_column width=\u00a0\u00bb1\/3&Prime; css=\u00a0\u00bb.vc_custom_1530709951688{padding-top: 0px !important;padding-right: 0px !important;padding-bottom: 0px !important;padding-left: 0px !important;background-color: #ffffff !important;}\u00a0\u00bb][vc_single_image image=\u00a0\u00bb11791&Prime; img_size=\u00a0\u00bbfull\u00a0\u00bb alignment=\u00a0\u00bbcenter\u00a0\u00bb onclick=\u00a0\u00bbcustom_link\u00a0\u00bb css_animation=\u00a0\u00bbfadeIn\u00a0\u00bb css=\u00a0\u00bb.vc_custom_1690557136909{margin-top: 0px !important;margin-right: 0px !important;margin-bottom: 0px !important;margin-left: 0px !important;}\u00a0\u00bb lazy_loading=\u00a0\u00bbtrue\u00a0\u00bb link=\u00a0\u00bbhttps:\/\/www.laciotat-shipyards.com\/fr\/la-ciotat-shipyards\/\u00a0\u00bb][vc_custom_heading text=\u00a0\u00bbLa Ciotat Shipyards, le moteur d\u2019un d\u00e9veloppement industriel r\u00e9ussi\u00a0\u00bb font_container=\u00a0\u00bbtag:h3|font_size:20px|text_align:center|color:%23646771|line_height:23px\u00a0\u00bb use_theme_fonts=\u00a0\u00bbyes\u00a0\u00bb css=\u00a0\u00bb.vc_custom_1535555831622{margin-bottom: 10px !important;padding-top: 20px !important;padding-right: 20px !important;padding-bottom: 20px !important;padding-left: 20px !important;}\u00a0\u00bb link=\u00a0\u00bburl:https%3A%2F%2Fwww.laciotat-shipyards.com%2Ffr%2Fla-ciotat-shipyards%2F|||\u00a0\u00bb]<div class=\"ult-just-icon-wrapper   vc_custom_1530782722159\"><div class=\"align-icon\" style=\"text-align:center;\">\n<a class=\"aio-tooltip 69f04e80573d8\" href=\"https:\/\/www.laciotat-shipyards.com\/fr\/la-ciotat-shipyards\/\"  data-toggle=\"tooltip\" data-placement=\"\"><div class=\"aio-icon advanced \"  style=\"color:#c69f45;border-style:solid;border-color:#c69f45;border-width:1px;width:35px;height:35px;line-height:35px;border-radius:300px;font-size:25px;display:inline-block;\">\n\t<i class=\"Defaults-angle-right\"><\/i>\n<\/div><\/a><\/div><\/div>[\/vc_column][vc_column width=\u00a0\u00bb1\/3&Prime; css=\u00a0\u00bb.vc_custom_1530709944691{padding-top: 0px !important;padding-right: 0px !important;padding-bottom: 0px !important;padding-left: 0px !important;background-color: #ffffff !important;}\u00a0\u00bb][vc_single_image image=\u00a0\u00bb987&Prime; img_size=\u00a0\u00bbfull\u00a0\u00bb alignment=\u00a0\u00bbcenter\u00a0\u00bb onclick=\u00a0\u00bbcustom_link\u00a0\u00bb css_animation=\u00a0\u00bbfadeIn\u00a0\u00bb css=\u00a0\u00bb.vc_custom_1530781323349{margin-top: 0px !important;margin-right: 0px !important;margin-bottom: 0px !important;margin-left: 0px !important;}\u00a0\u00bb lazy_loading=\u00a0\u00bbtrue\u00a0\u00bb link=\u00a0\u00bbhttps:\/\/www.laciotat-shipyards.com\/fr\/la-ciotat-shipyards\/histoire\/\u00a0\u00bb][vc_custom_heading text=\u00a0\u00bbLes Chantiers navals yachts de La Ciotat : une histoire de renaissance\u2026\u00a0\u00bb font_container=\u00a0\u00bbtag:h3|font_size:20px|text_align:center|color:%23646771|line_height:23px\u00a0\u00bb use_theme_fonts=\u00a0\u00bbyes\u00a0\u00bb css=\u00a0\u00bb.vc_custom_1531143038948{margin-bottom: 10px !important;padding-top: 20px !important;padding-right: 20px !important;padding-bottom: 20px !important;padding-left: 20px !important;}\u00a0\u00bb link=\u00a0\u00bburl:https%3A%2F%2Fwww.laciotat-shipyards.com%2Ffr%2Fla-ciotat-shipyards%2Fhistoire%2F|||\u00a0\u00bb]<div class=\"ult-just-icon-wrapper   vc_custom_1530710017116\"><div class=\"align-icon\" style=\"text-align:center;\">\n<a class=\"aio-tooltip 69f04e8057446\" href=\"https:\/\/www.laciotat-shipyards.com\/fr\/la-ciotat-shipyards\/histoire\/\"  data-toggle=\"tooltip\" data-placement=\"\"><div class=\"aio-icon advanced \"  style=\"color:#c69f45;border-style:solid;border-color:#c69f45;border-width:1px;width:35px;height:35px;line-height:35px;border-radius:300px;font-size:25px;display:inline-block;\">\n\t<i class=\"Defaults-angle-right\"><\/i>\n<\/div><\/a><\/div><\/div>[\/vc_column][vc_column width=\u00a0\u00bb1\/3&Prime; css=\u00a0\u00bb.vc_custom_1530709958472{padding-top: 0px !important;padding-right: 0px !important;padding-bottom: 0px !important;padding-left: 0px !important;background-color: #ffffff !important;}\u00a0\u00bb][vc_single_image image=\u00a0\u00bb989&Prime; img_size=\u00a0\u00bbfull\u00a0\u00bb alignment=\u00a0\u00bbcenter\u00a0\u00bb onclick=\u00a0\u00bbcustom_link\u00a0\u00bb css_animation=\u00a0\u00bbfadeIn\u00a0\u00bb css=\u00a0\u00bb.vc_custom_1530781352958{margin-top: 0px !important;margin-right: 0px !important;margin-bottom: 0px !important;margin-left: 0px !important;}\u00a0\u00bb lazy_loading=\u00a0\u00bbtrue\u00a0\u00bb link=\u00a0\u00bbhttps:\/\/www.laciotat-shipyards.com\/fr\/la-ciotat-shipyards\/site\/\u00a0\u00bb][vc_custom_heading text=\u00a0\u00bbDes infrastructures polyvalentes pour le refit de yachts \u00e0 la Ciotat\u00a0\u00bb font_container=\u00a0\u00bbtag:h3|font_size:20px|text_align:center|color:%23646771|line_height:23px\u00a0\u00bb use_theme_fonts=\u00a0\u00bbyes\u00a0\u00bb css=\u00a0\u00bb.vc_custom_1535555904118{margin-bottom: 10px !important;padding-top: 20px !important;padding-right: 20px !important;padding-bottom: 20px !important;padding-left: 20px !important;}\u00a0\u00bb link=\u00a0\u00bburl:https%3A%2F%2Fwww.laciotat-shipyards.com%2Ffr%2Fla-ciotat-shipyards%2Fsite%2F|||\u00a0\u00bb]<div class=\"ult-just-icon-wrapper   vc_custom_1530710085279\"><div class=\"align-icon\" style=\"text-align:center;\">\n<a class=\"aio-tooltip 69f04e805748e\" href=\"https:\/\/www.laciotat-shipyards.com\/fr\/la-ciotat-shipyards\/site\/\"  data-toggle=\"tooltip\" data-placement=\"\"><div class=\"aio-icon advanced \"  style=\"color:#c69f45;border-style:solid;border-color:#c69f45;border-width:1px;width:35px;height:35px;line-height:35px;border-radius:300px;font-size:25px;display:inline-block;\">\n\t<i class=\"Defaults-angle-right\"><\/i>\n<\/div><\/a><\/div><\/div>[\/vc_column][\/vc_row]<\/p>\n<\/div>","protected":false},"excerpt":{"rendered":"<p>[vc_row gap=\u00a0\u00bb30&Prime; content_placement=\u00a0\u00bbmiddle\u00a0\u00bb][vc_column][vc_column_text] De par son histoire, mais aussi par la singularit\u00e9 de son mode de gestion fond\u00e9 sur le service public, La Ciotat Shipyards porte avec fiert\u00e9 ses valeurs\u00a0: [\/vc_column_text][\/vc_column][\/vc_row][vc_row gap=\u00a0\u00bb10&Prime; content_placement=\u00a0\u00bbmiddle\u00a0\u00bb][vc_column width=\u00a0\u00bb7\/12&Prime; offset=\u00a0\u00bbvc_col-lg-offset-0&Prime;][vc_column_text css_animation=\u00a0\u00bbzoomIn\u00a0\u00bb] L&rsquo;excellence [\/vc_column_text][vc_column_text css_animation=\u00a0\u00bbnone\u00a0\u00bb css=\u00a0\u00bb\u00a0\u00bb] L\u2019excellence est une valeur cardinale dans le secteur du Yachting o\u00f9 la m\u00e9diocrit\u00e9 n\u2019a pas&hellip;<\/p>\n","protected":false},"author":1,"featured_media":0,"parent":8,"menu_order":0,"comment_status":"closed","ping_status":"closed","template":"","meta":{"footnotes":""},"class_list":["post-203","page","type-page","status-publish","hentry","description-off"],"yoast_head":"<!-- This site is optimized with the Yoast SEO plugin v27.4 - https:\/\/yoast.com\/product\/yoast-seo-wordpress\/ -->\n<title>Yacht refit - les Valeurs d&#039;excellence de La Ciotat Shipyards<\/title>\n<meta name=\"description\" content=\"Yacht refit : La Ciotat Shipyards porte avec fiert\u00e9 ses valeurs de par son histoire et la singularit\u00e9 de son mode de gestion\" \/>\n<meta name=\"robots\" content=\"index, follow, max-snippet:-1, max-image-preview:large, max-video-preview:-1\" \/>\n<link rel=\"canonical\" href=\"https:\/\/www.laciotat-shipyards.com\/fr\/la-ciotat-shipyards\/valeurs\/\" \/>\n<meta property=\"og:locale\" content=\"fr_FR\" \/>\n<meta property=\"og:type\" content=\"article\" \/>\n<meta property=\"og:title\" content=\"Yacht refit - les Valeurs d&#039;excellence de La Ciotat Shipyards\" \/>\n<meta property=\"og:description\" content=\"Yacht refit : La Ciotat Shipyards porte avec fiert\u00e9 ses valeurs de par son histoire et la singularit\u00e9 de son mode de gestion\" \/>\n<meta property=\"og:url\" content=\"https:\/\/www.laciotat-shipyards.com\/fr\/la-ciotat-shipyards\/valeurs\/\" \/>\n<meta property=\"og:site_name\" content=\"La Ciotat Shipyards\" \/>\n<meta property=\"article:modified_time\" content=\"2026-03-19T10:09:43+00:00\" \/>\n<meta name=\"twitter:card\" content=\"summary_large_image\" \/>\n<meta name=\"twitter:label1\" content=\"Dur\u00e9e de lecture estim\u00e9e\" \/>\n\t<meta name=\"twitter:data1\" content=\"6 minutes\" \/>\n<script type=\"application\/ld+json\" class=\"yoast-schema-graph\">{\"@context\":\"https:\\\/\\\/schema.org\",\"@graph\":[{\"@type\":\"WebPage\",\"@id\":\"https:\\\/\\\/www.laciotat-shipyards.com\\\/fr\\\/la-ciotat-shipyards\\\/valeurs\\\/\",\"url\":\"https:\\\/\\\/www.laciotat-shipyards.com\\\/fr\\\/la-ciotat-shipyards\\\/valeurs\\\/\",\"name\":\"Yacht refit - les Valeurs d'excellence de La Ciotat Shipyards\",\"isPartOf\":{\"@id\":\"https:\\\/\\\/www.laciotat-shipyards.com\\\/fr\\\/#website\"},\"datePublished\":\"2018-03-30T14:47:23+00:00\",\"dateModified\":\"2026-03-19T10:09:43+00:00\",\"description\":\"Yacht refit : La Ciotat Shipyards porte avec fiert\u00e9 ses valeurs de par son histoire et la singularit\u00e9 de son mode de gestion\",\"breadcrumb\":{\"@id\":\"https:\\\/\\\/www.laciotat-shipyards.com\\\/fr\\\/la-ciotat-shipyards\\\/valeurs\\\/#breadcrumb\"},\"inLanguage\":\"fr-FR\",\"potentialAction\":[{\"@type\":\"ReadAction\",\"target\":[\"https:\\\/\\\/www.laciotat-shipyards.com\\\/fr\\\/la-ciotat-shipyards\\\/valeurs\\\/\"]}]},{\"@type\":\"BreadcrumbList\",\"@id\":\"https:\\\/\\\/www.laciotat-shipyards.com\\\/fr\\\/la-ciotat-shipyards\\\/valeurs\\\/#breadcrumb\",\"itemListElement\":[{\"@type\":\"ListItem\",\"position\":1,\"name\":\"Accueil\",\"item\":\"https:\\\/\\\/www.laciotat-shipyards.com\\\/fr\\\/\"},{\"@type\":\"ListItem\",\"position\":2,\"name\":\"La Ciotat Shipyards\",\"item\":\"https:\\\/\\\/www.laciotat-shipyards.com\\\/fr\\\/la-ciotat-shipyards\\\/\"},{\"@type\":\"ListItem\",\"position\":3,\"name\":\"Valeurs\"}]},{\"@type\":\"WebSite\",\"@id\":\"https:\\\/\\\/www.laciotat-shipyards.com\\\/fr\\\/#website\",\"url\":\"https:\\\/\\\/www.laciotat-shipyards.com\\\/fr\\\/\",\"name\":\"La Ciotat Shipyards\",\"description\":\"Site maritime d\u2019excellence en M\u00e9diterran\u00e9e\",\"potentialAction\":[{\"@type\":\"SearchAction\",\"target\":{\"@type\":\"EntryPoint\",\"urlTemplate\":\"https:\\\/\\\/www.laciotat-shipyards.com\\\/fr\\\/?s={search_term_string}\"},\"query-input\":{\"@type\":\"PropertyValueSpecification\",\"valueRequired\":true,\"valueName\":\"search_term_string\"}}],\"inLanguage\":\"fr-FR\"}]}<\/script>\n<!-- \/ Yoast SEO plugin. -->","yoast_head_json":{"title":"Yacht refit - les Valeurs d'excellence de La Ciotat Shipyards","description":"Yacht refit : La Ciotat Shipyards porte avec fiert\u00e9 ses valeurs de par son histoire et la singularit\u00e9 de son mode de gestion","robots":{"index":"index","follow":"follow","max-snippet":"max-snippet:-1","max-image-preview":"max-image-preview:large","max-video-preview":"max-video-preview:-1"},"canonical":"https:\/\/www.laciotat-shipyards.com\/fr\/la-ciotat-shipyards\/valeurs\/","og_locale":"fr_FR","og_type":"article","og_title":"Yacht refit - les Valeurs d'excellence de La Ciotat Shipyards","og_description":"Yacht refit : La Ciotat Shipyards porte avec fiert\u00e9 ses valeurs de par son histoire et la singularit\u00e9 de son mode de gestion","og_url":"https:\/\/www.laciotat-shipyards.com\/fr\/la-ciotat-shipyards\/valeurs\/","og_site_name":"La Ciotat Shipyards","article_modified_time":"2026-03-19T10:09:43+00:00","twitter_card":"summary_large_image","twitter_misc":{"Dur\u00e9e de lecture estim\u00e9e":"6 minutes"},"schema":{"@context":"https:\/\/schema.org","@graph":[{"@type":"WebPage","@id":"https:\/\/www.laciotat-shipyards.com\/fr\/la-ciotat-shipyards\/valeurs\/","url":"https:\/\/www.laciotat-shipyards.com\/fr\/la-ciotat-shipyards\/valeurs\/","name":"Yacht refit - les Valeurs d'excellence de La Ciotat Shipyards","isPartOf":{"@id":"https:\/\/www.laciotat-shipyards.com\/fr\/#website"},"datePublished":"2018-03-30T14:47:23+00:00","dateModified":"2026-03-19T10:09:43+00:00","description":"Yacht refit : La Ciotat Shipyards porte avec fiert\u00e9 ses valeurs de par son histoire et la singularit\u00e9 de son mode de gestion","breadcrumb":{"@id":"https:\/\/www.laciotat-shipyards.com\/fr\/la-ciotat-shipyards\/valeurs\/#breadcrumb"},"inLanguage":"fr-FR","potentialAction":[{"@type":"ReadAction","target":["https:\/\/www.laciotat-shipyards.com\/fr\/la-ciotat-shipyards\/valeurs\/"]}]},{"@type":"BreadcrumbList","@id":"https:\/\/www.laciotat-shipyards.com\/fr\/la-ciotat-shipyards\/valeurs\/#breadcrumb","itemListElement":[{"@type":"ListItem","position":1,"name":"Accueil","item":"https:\/\/www.laciotat-shipyards.com\/fr\/"},{"@type":"ListItem","position":2,"name":"La Ciotat Shipyards","item":"https:\/\/www.laciotat-shipyards.com\/fr\/la-ciotat-shipyards\/"},{"@type":"ListItem","position":3,"name":"Valeurs"}]},{"@type":"WebSite","@id":"https:\/\/www.laciotat-shipyards.com\/fr\/#website","url":"https:\/\/www.laciotat-shipyards.com\/fr\/","name":"La Ciotat Shipyards","description":"Site maritime d\u2019excellence en M\u00e9diterran\u00e9e","potentialAction":[{"@type":"SearchAction","target":{"@type":"EntryPoint","urlTemplate":"https:\/\/www.laciotat-shipyards.com\/fr\/?s={search_term_string}"},"query-input":{"@type":"PropertyValueSpecification","valueRequired":true,"valueName":"search_term_string"}}],"inLanguage":"fr-FR"}]}},"_links":{"self":[{"href":"https:\/\/www.laciotat-shipyards.com\/fr\/wp-json\/wp\/v2\/pages\/203","targetHints":{"allow":["GET"]}}],"collection":[{"href":"https:\/\/www.laciotat-shipyards.com\/fr\/wp-json\/wp\/v2\/pages"}],"about":[{"href":"https:\/\/www.laciotat-shipyards.com\/fr\/wp-json\/wp\/v2\/types\/page"}],"author":[{"embeddable":true,"href":"https:\/\/www.laciotat-shipyards.com\/fr\/wp-json\/wp\/v2\/users\/1"}],"replies":[{"embeddable":true,"href":"https:\/\/www.laciotat-shipyards.com\/fr\/wp-json\/wp\/v2\/comments?post=203"}],"version-history":[{"count":7,"href":"https:\/\/www.laciotat-shipyards.com\/fr\/wp-json\/wp\/v2\/pages\/203\/revisions"}],"predecessor-version":[{"id":16492,"href":"https:\/\/www.laciotat-shipyards.com\/fr\/wp-json\/wp\/v2\/pages\/203\/revisions\/16492"}],"up":[{"embeddable":true,"href":"https:\/\/www.laciotat-shipyards.com\/fr\/wp-json\/wp\/v2\/pages\/8"}],"wp:attachment":[{"href":"https:\/\/www.laciotat-shipyards.com\/fr\/wp-json\/wp\/v2\/media?parent=203"}],"curies":[{"name":"wp","href":"https:\/\/api.w.org\/{rel}","templated":true}]}}