{"id":252,"date":"2018-04-03T14:15:17","date_gmt":"2018-04-03T12:15:17","guid":{"rendered":"https:\/\/www.laciotat-shipyards.com\/semideplacyotat\/?page_id=252"},"modified":"2026-03-11T09:45:37","modified_gmt":"2026-03-11T08:45:37","slug":"grande-forme","status":"publish","type":"page","link":"https:\/\/www.laciotat-shipyards.com\/fr\/equipements-et-services\/grande-forme\/","title":{"rendered":"Grande Forme"},"content":{"rendered":"<div class=\"wpb-content-wrapper\"><p>[vc_row gap=\u00a0\u00bb30&Prime; content_placement=\u00a0\u00bbtop\u00a0\u00bb][vc_column offset=\u00a0\u00bbvc_col-lg-7 vc_col-md-12&Prime; css=\u00a0\u00bb.vc_custom_1528449959230{border-top-width: 10px !important;border-bottom-width: 10px !important;padding-top: 30px !important;padding-right: 30px !important;padding-bottom: 30px !important;padding-left: 30px !important;background-color: #ffffff !important;border-top-color: #f7f7f7 !important;border-top-style: dotted !important;border-bottom-color: #f7f7f7 !important;border-bottom-style: dotted !important;}\u00a0\u00bb][vc_row_inner equal_height=\u00a0\u00bbyes\u00a0\u00bb content_placement=\u00a0\u00bbmiddle\u00a0\u00bb][vc_column_inner width=\u00a0\u00bb1\/4&Prime;][vc_single_image image=\u00a0\u00bb1364&Prime; img_size=\u00a0\u00bb100&#215;100&Prime; alignment=\u00a0\u00bbcenter\u00a0\u00bb css=\u00a0\u00bb.vc_custom_1531917329332{margin-bottom: 15px !important;}\u00a0\u00bb image_hovers=\u00a0\u00bbfalse\u00a0\u00bb][\/vc_column_inner][vc_column_inner width=\u00a0\u00bb3\/4&Prime;][vc_custom_heading text=\u00a0\u00bbFiche technique\u00a0\u00bb font_container=\u00a0\u00bbtag:h2|font_size:25px|text_align:left|color:%23646771|line_height:28px\u00a0\u00bb use_theme_fonts=\u00a0\u00bbyes\u00a0\u00bb][vc_custom_heading text=\u00a0\u00bbLa Grande Forme\u00a0\u00bb font_container=\u00a0\u00bbtag:h2|font_size:35px|text_align:left|line_height:40px\u00a0\u00bb use_theme_fonts=\u00a0\u00bbyes\u00a0\u00bb][\/vc_column_inner][vc_column_inner][vc_separator color=\u00a0\u00bbcustom\u00a0\u00bb align=\u00a0\u00bbalign_left\u00a0\u00bb border_width=\u00a0\u00bb2&Prime; css=\u00a0\u00bb.vc_custom_1528450139588{margin-top: 30px !important;}\u00a0\u00bb accent_color=\u00a0\u00bb#c69f45&Prime;][\/vc_column_inner][\/vc_row_inner][vc_column_text css=\u00a0\u00bb.vc_custom_1681397695232{margin-bottom: 20px !important;}\u00a0\u00bb]La grande forme, anciennement d\u00e9di\u00e9e \u00e0 la construction des m\u00e9thaniers, a \u00e9t\u00e9 reconvertie puis totalement r\u00e9nov\u00e9e en 2016 pour l\u2019accueil des tr\u00e8s grands yachts. Elle est lou\u00e9e jusqu\u2019en 2042 \u00e0 la soci\u00e9t\u00e9 MB92 La Ciotat.[\/vc_column_text][vc_column_text]<strong>Type de bateaux concern\u00e9s\u00a0:<\/strong> Grands yachts \u00e0 voile et \u00e0 moteur<\/p>\n<p><strong>Taille des bateaux\u00a0:<\/strong> sans limite<\/p>\n<p><strong>Poids des bateaux\u00a0:<\/strong> sans limite<\/p>\n<p><strong>\u00c9quipement\u00a0:<\/strong> Forme de radoub[\/vc_column_text][vc_row_inner equal_height=\u00a0\u00bbyes\u00a0\u00bb content_placement=\u00a0\u00bbmiddle\u00a0\u00bb css=\u00a0\u00bb.vc_custom_1528450752901{margin-top: 20px !important;}\u00a0\u00bb][vc_column_inner][vc_column_text css=\u00a0\u00bb.vc_custom_1528450847291{margin-bottom: 0px !important;}\u00a0\u00bb]<b>Pour conna\u00eetre les tarifs du levage :<\/b>[\/vc_column_text][\/vc_column_inner][vc_column_inner width=\u00a0\u00bb5\/12&Prime;]<div class=\" vc_custom_1773218733618 ubtn-ctn-center \"><a class=\"ubtn-link ult-adjust-bottom-margin ubtn-center ubtn-custom \" href=\"https:\/\/www.laciotat-shipyards.com\/semideplacyotat\/wp-content\/uploads\/2026\/03\/Tarifs%202026%20VD.pdf\" target=\"_blank\" rel=\"noopener\" ><button type=\"button\" id=\"ubtn-7186\"  class=\"ubtn ult-adjust-bottom-margin ult-responsive ubtn-custom ubtn-fade-bg  none  ubtn-sep-icon ubtn-sep-icon-at-left  ubtn-center   tooltip-69f53e85789d8\"  data-hover=\"#ffffff\" data-border-color=\"\" data-bg=\"#c69f45\" data-hover-bg=\"#646771\" data-border-hover=\"\" data-shadow-hover=\"\" data-shadow-click=\"none\" data-shadow=\"\" data-shd-shadow=\"\"  data-ultimate-target='#ubtn-7186'  data-responsive-json-new='{\"font-size\":\"desktop:15px;\",\"line-height\":\"desktop:18px;\"}'  style=\"font-family:&#039;Raleway&#039;;font-weight:500;width:250px;min-height:35px;padding:5px 10px;border:none;background: #c69f45;color: #ffffff;\"><span class=\"ubtn-data ubtn-icon\"><i class=\"Defaults-file-pdf-o\" style=\"font-size:15px;color:#ffffff;\"><\/i><\/span><span class=\"ubtn-hover\" style=\"background-color:#646771\"><\/span><span class=\"ubtn-data ubtn-text \" >T\u00e9l\u00e9charger les tarifs<\/span><\/button><\/a><\/div>[\/vc_column_inner][vc_column_inner width=\u00a0\u00bb1\/6&Prime;][vc_column_text css=\u00a0\u00bb.vc_custom_1528450758471{margin-bottom: 0px !important;}\u00a0\u00bb]<\/p>\n<p style=\"text-align: center;\"><b>ou<\/b><\/p>\n<p>[\/vc_column_text][\/vc_column_inner][vc_column_inner width=\u00a0\u00bb5\/12&Prime;]<div class=\" vc_custom_1528460574531 ubtn-ctn-center \"><a class=\"ubtn-link ult-adjust-bottom-margin ubtn-center ubtn-custom \" href=\"#formulaire\" ><button type=\"button\" id=\"ubtn-8681\"  class=\"ubtn ult-adjust-bottom-margin ult-responsive ubtn-custom ubtn-left-bg  none  ubtn-sep-icon ubtn-sep-icon-right  ubtn-center   tooltip-69f53e8578a92\"  data-hover=\"#ffffff\" data-border-color=\"\" data-bg=\"#c69f45\" data-hover-bg=\"#646771\" data-border-hover=\"\" data-shadow-hover=\"\" data-shadow-click=\"none\" data-shadow=\"\" data-shd-shadow=\"\"  data-ultimate-target='#ubtn-8681'  data-responsive-json-new='{\"font-size\":\"desktop:15px;\",\"line-height\":\"desktop:18px;\"}'  style=\"font-family:&#039;Raleway&#039;;font-weight:500;width:250px;min-height:35px;padding:5px 10px;border:none;background: #c69f45;color: #ffffff;\"><span class=\"ubtn-data ubtn-icon\"><i class=\"Defaults-chevron-right\" style=\"font-size:15px;color:#ffffff;\"><\/i><\/span><span class=\"ubtn-hover\" style=\"background-color:#646771\"><\/span><span class=\"ubtn-data ubtn-text \" >Contactez-nous<\/span><\/button><\/a><\/div>[\/vc_column_inner][vc_column_inner css=\u00a0\u00bb.vc_custom_1528451124773{margin-top: 30px !important;padding-top: 20px !important;padding-right: 20px !important;padding-bottom: 20px !important;padding-left: 20px !important;background-color: #f7f7f7 !important;}\u00a0\u00bb][vc_column_text css=\u00a0\u00bb.vc_custom_1542108305191{margin-bottom: 0px !important;}\u00a0\u00bb]L\u2019acc\u00e8s de l\u2019\u00e9quipement est r\u00e9serv\u00e9\u00a0<a href=\"https:\/\/mb92.com\/\" target=\"_blank\" rel=\"noopener noreferrer\">aux clients de MB92 La Ciotat \u203a<\/a>[\/vc_column_text][\/vc_column_inner][\/vc_row_inner]<div tabindex=\"0\" class=\"ult-new-ib ult-ib-effect-style2 grandeforme ult-ib-resp ult-ib2-min-height  vc_custom_1690808587353\" data-min-width=\"768\" data-max-width=\"900\" style=\"background:#000000; opacity:0; \" data-opacity=\"0.7\" data-hover-opacity=\"0.3\"  data-min-height=\"280\" ><img decoding=\"async\" class=\"ult-new-ib-img\" style=\"opacity:0.7;\" alt=\"null\" src=\"https:\/\/www.laciotat-shipyards.com\/semideplacyotat\/wp-content\/uploads\/2021\/02\/grandeforme-1.jpg\"  data-min-height=\"280\"   \/><div id=\"interactive-banner-wrap-4777\" class=\"ult-new-ib-desc\" style=\"\"><h2 class=\"ult-new-ib-title ult-responsive\"  data-ultimate-target='#interactive-banner-wrap-4777 .ult-new-ib-title'  data-responsive-json-new='{\"font-size\":\"\",\"line-height\":\"\"}'  style=\"font-family:&#039;Raleway&#039;;font-weight:500;\">Visite virtuelle \u00e0 360\u00b0 de la grande forme<\/h2><\/div><\/div><div id=\"modal-trg-txt-wrap-3507\" class=\"ult-modal-input-wrapper ult-adjust-bottom-margin    \" data-keypress-control=\"keypress-control-enable\" data-overlay-control=\"overlay-control-enable\"><span data-class-id=\"content-69f53e8578ddc1-71107715\"><\/span>\n\t\t\t\t<script type=\"text\/javascript\">\n\t\t\t\t(function($){\n\t\t\t\t\t$(document).ready(function(){\n\t\t\t\t\t\tvar selector = \".grandeforme\";\n\t\t\t\t\t\t$(selector).addClass(\"custom-ult-modal overlay-show\");\n\t\t\t\t\t\t$(selector).attr(\"data-class-id\", \"content-69f53e8578ddc1-71107715\");\n\t\t\t\t\t\t$(selector).attr(\"data-overlay-class\", \"overlay-fade\");\n\t\t\t\t\t\t$(selector).attr(\"data-keypress-control\", \"keypress-control-enable\");\n\t\t\t\t\t\t$(selector).attr(\"data-overlay-control\", \"overlay-control-enable\");\n\t\t\t\t\t});\n\t\t\t\t})(jQuery);\n\t\t\t\t<\/script><\/div>\n<div class=\"ult-overlay content-69f53e8578ddc1-71107715 \" data-class=\"content-69f53e8578ddc1-71107715\" id=\"button-click-overlay\" style=\"background:rgba(51,51,51,0.8); display:none;\">\n\t<div class=\"ult_modal ult-fade ult-medium\">\n\t\t<div id=\"ult-modal-wrap-4218\" class=\"ult_modal-content ult-hide\" style=\"border-style:solid;border-width:2px;border-radius:0px;border-color:#333333;\">\n\t\t\t<div class=\"ult_modal-header\" style=\"color:#c69f45;font-family:&#039;Raleway&#039;;font-weight:500;border-color:#333333;\">\n\t\t\t\t<h3  data-ultimate-target='#ult-modal-wrap-4218 .ult_modal-title'  data-responsive-json-new='{\"font-size\":\"desktop:14px;\",\"line-height\":\"desktop:17px;\"}'  class=\"ult_modal-title ult-responsive\">Visite virtuelle \u00e0 360\u00b0 de la grande forme<\/h3>\n\t\t\t<\/div>\n\t\t\t<div  data-ultimate-target='#ult-modal-wrap-4218 .ult_modal-body'  data-responsive-json-new='{\"font-size\":\"\",\"line-height\":\"\"}'  class=\"ult_modal-body ult-responsive ult-youtube\" style=\"background:#000000;\">\n\t\t\t<\/p>\n<div><object width=\"100%\" height=\"100%\"><embed src=\"https:\/\/sitededemo.eu\/360\/grande-forme.html\" width=\"100%\" height=\"700px\" allowfullscreen=\"allowfullscreen\" \/><\/object><\/div>\n<p>\n\t\t\t<\/div>\n\t<\/div>\n\t<\/div>\n\t<div class=\"ult-overlay-close top-right\" style=\"width:80px;height:80px; \"><div class=\"ult-overlay-close-inside\">Close<\/div><\/div>\n<\/div>[\/vc_column][vc_column offset=\u00a0\u00bbvc_col-lg-5 vc_col-md-12&Prime;][vc_custom_heading text=\u00a0\u00bbSituation\u00a0\u00bb font_container=\u00a0\u00bbtag:h2|font_size:25px|text_align:left|color:%23646771|line_height:28px\u00a0\u00bb use_theme_fonts=\u00a0\u00bbyes\u00a0\u00bb css=\u00a0\u00bb.vc_custom_1528452311665{margin-bottom: 20px !important;}\u00a0\u00bb][vc_single_image image=\u00a0\u00bb11119&Prime; img_size=\u00a0\u00bbfull\u00a0\u00bb alignment=\u00a0\u00bbcenter\u00a0\u00bb onclick=\u00a0\u00bblink_image\u00a0\u00bb css=\u00a0\u00bb.vc_custom_1681397669794{margin-bottom: 0px !important;}\u00a0\u00bb lazy_loading=\u00a0\u00bbtrue\u00a0\u00bb][vc_row_inner el_id=\u00a0\u00bbformulaire\u00a0\u00bb css=\u00a0\u00bb.vc_custom_1528460745531{margin-top: 0px !important;padding-top: 50px !important;padding-right: 15px !important;padding-bottom: 15px !important;padding-left: 15px !important;}\u00a0\u00bb][vc_column_inner css=\u00a0\u00bb.vc_custom_1528459722220{padding-top: 20px !important;padding-right: 20px !important;padding-bottom: 20px !important;padding-left: 20px !important;background-color: #f2f2f2 !important;}\u00a0\u00bb][vc_custom_heading text=\u00a0\u00bbNous contacter\u00a0\u00bb font_container=\u00a0\u00bbtag:h2|font_size:25px|text_align:left|color:%23646771|line_height:28px\u00a0\u00bb use_theme_fonts=\u00a0\u00bbyes\u00a0\u00bb css=\u00a0\u00bb.vc_custom_1528452354910{margin-bottom: 20px !important;}\u00a0\u00bb][vc_column_text]\n<div class=\"wpcf7 no-js\" id=\"wpcf7-f675-o1\" lang=\"fr-FR\" dir=\"ltr\" data-wpcf7-id=\"675\">\n<div class=\"screen-reader-response\"><p role=\"status\" aria-live=\"polite\" aria-atomic=\"true\"><\/p> <ul><\/ul><\/div>\n<form action=\"\/fr\/wp-json\/wp\/v2\/pages\/252#wpcf7-f675-o1\" method=\"post\" class=\"wpcf7-form init\" aria-label=\"Formulaire de contact\" novalidate=\"novalidate\" data-status=\"init\">\n<fieldset class=\"hidden-fields-container\"><input type=\"hidden\" name=\"_wpcf7\" value=\"675\" \/><input type=\"hidden\" name=\"_wpcf7_version\" value=\"6.1.5\" \/><input type=\"hidden\" name=\"_wpcf7_locale\" value=\"fr_FR\" \/><input type=\"hidden\" name=\"_wpcf7_unit_tag\" value=\"wpcf7-f675-o1\" \/><input type=\"hidden\" name=\"_wpcf7_container_post\" value=\"0\" \/><input type=\"hidden\" name=\"_wpcf7_posted_data_hash\" value=\"\" \/><input type=\"hidden\" name=\"_wpcf7_recaptcha_response\" value=\"\" \/>\n<\/fieldset>\n<p>Pour r\u00e9pondre \u00e0 ma demande d\u2019information, j\u2019autorise La Ciotat Shipyards \u00e0 stocker mes donn\u00e9es renseign\u00e9es dans ce formulaire.\n<\/p>\n<p><span class=\"wpcf7-form-control-wrap\" data-name=\"nom\"><input size=\"40\" maxlength=\"400\" class=\"wpcf7-form-control wpcf7-text wpcf7-validates-as-required\" aria-required=\"true\" aria-invalid=\"false\" value=\"Nom*\" type=\"text\" name=\"nom\" \/><\/span>\n<\/p>\n<p><span class=\"wpcf7-form-control-wrap\" data-name=\"prenom\"><input size=\"40\" maxlength=\"400\" class=\"wpcf7-form-control wpcf7-text wpcf7-validates-as-required\" aria-required=\"true\" aria-invalid=\"false\" value=\"Pr\u00e9nom*\" type=\"text\" name=\"prenom\" \/><\/span>\n<\/p>\n<p><span class=\"wpcf7-form-control-wrap\" data-name=\"societe\"><input size=\"40\" maxlength=\"400\" class=\"wpcf7-form-control wpcf7-text\" aria-invalid=\"false\" value=\"Soci\u00e9t\u00e9\" type=\"text\" name=\"societe\" \/><\/span>\n<\/p>\n<p><span class=\"wpcf7-form-control-wrap\" data-name=\"fonction\"><input size=\"40\" maxlength=\"400\" class=\"wpcf7-form-control wpcf7-text\" aria-invalid=\"false\" value=\"Fonction\" type=\"text\" name=\"fonction\" \/><\/span>\n<\/p>\n<p><span class=\"wpcf7-form-control-wrap\" data-name=\"email\"><input size=\"40\" maxlength=\"400\" class=\"wpcf7-form-control wpcf7-email wpcf7-validates-as-required wpcf7-text wpcf7-validates-as-email\" aria-required=\"true\" aria-invalid=\"false\" value=\"E-mail*\" type=\"email\" name=\"email\" \/><\/span>\n<\/p>\n<p><span class=\"wpcf7-form-control-wrap\" data-name=\"telephone\"><input size=\"40\" maxlength=\"400\" class=\"wpcf7-form-control wpcf7-tel wpcf7-validates-as-required wpcf7-text wpcf7-validates-as-tel\" aria-required=\"true\" aria-invalid=\"false\" value=\"T\u00e9l\u00e9phone*\" type=\"tel\" name=\"telephone\" \/><\/span>\n<\/p>\n<p><span class=\"wpcf7-form-control-wrap\" data-name=\"objet\"><input size=\"40\" maxlength=\"400\" class=\"wpcf7-form-control wpcf7-text wpcf7-validates-as-required\" aria-required=\"true\" aria-invalid=\"false\" value=\"Objet*\" type=\"text\" name=\"objet\" \/><\/span>\n<\/p>\n<p><span class=\"wpcf7-form-control-wrap\" data-name=\"message\"><textarea cols=\"40\" rows=\"10\" maxlength=\"2000\" class=\"wpcf7-form-control wpcf7-textarea wpcf7-validates-as-required\" aria-required=\"true\" aria-invalid=\"false\" name=\"message\">Message*<\/textarea><\/span>\n<\/p>\n<p><!-- Mailchimp for WordPress v4.12.2 - https:\/\/www.mc4wp.com\/ --><input type=\"hidden\" name=\"_mc4wp_subscribe_contact-form-7\" value=\"0\" \/><span class=\"mc4wp-checkbox mc4wp-checkbox-contact-form-7 \"><label><input type=\"checkbox\" name=\"_mc4wp_subscribe_contact-form-7\" value=\"1\" ><span>Je souhaite recevoir les informations et actualit\u00e9s de La Ciotat Shipyards et ses partenaires<\/span><\/label><\/span><!-- \/ Mailchimp for WordPress -->\n<\/p>\n<div>\n\t<div style=\"display:inline-block\">\n\t\n\t<\/div>\n<\/div>\n<p><input class=\"wpcf7-form-control wpcf7-submit has-spinner\" type=\"submit\" value=\"Envoyer\" \/>\n<\/p>\n<p style=\"font-size:12px\"><em>*Champs obligatoires<\/em>\n<\/p><div class=\"wpcf7-response-output\" aria-hidden=\"true\"><\/div>\n<\/form>\n<\/div>\n[\/vc_column_text][\/vc_column_inner][\/vc_row_inner][\/vc_column][\/vc_row]<\/p>\n<\/div>","protected":false},"excerpt":{"rendered":"<p>[vc_row gap=\u00a0\u00bb30&Prime; content_placement=\u00a0\u00bbtop\u00a0\u00bb][vc_column offset=\u00a0\u00bbvc_col-lg-7 vc_col-md-12&Prime; css=\u00a0\u00bb.vc_custom_1528449959230{border-top-width: 10px !important;border-bottom-width: 10px !important;padding-top: 30px !important;padding-right: 30px !important;padding-bottom: 30px !important;padding-left: 30px !important;background-color: #ffffff !important;border-top-color: #f7f7f7 !important;border-top-style: dotted !important;border-bottom-color: #f7f7f7 !important;border-bottom-style: dotted !important;}\u00a0\u00bb][vc_row_inner equal_height=\u00a0\u00bbyes\u00a0\u00bb content_placement=\u00a0\u00bbmiddle\u00a0\u00bb][vc_column_inner width=\u00a0\u00bb1\/4&Prime;][vc_single_image image=\u00a0\u00bb1364&Prime; img_size=\u00a0\u00bb100&#215;100&Prime; alignment=\u00a0\u00bbcenter\u00a0\u00bb css=\u00a0\u00bb.vc_custom_1531917329332{margin-bottom: 15px !important;}\u00a0\u00bb image_hovers=\u00a0\u00bbfalse\u00a0\u00bb][\/vc_column_inner][vc_column_inner width=\u00a0\u00bb3\/4&Prime;][vc_custom_heading text=\u00a0\u00bbFiche technique\u00a0\u00bb font_container=\u00a0\u00bbtag:h2|font_size:25px|text_align:left|color:%23646771|line_height:28px\u00a0\u00bb use_theme_fonts=\u00a0\u00bbyes\u00a0\u00bb][vc_custom_heading text=\u00a0\u00bbLa Grande Forme\u00a0\u00bb font_container=\u00a0\u00bbtag:h2|font_size:35px|text_align:left|line_height:40px\u00a0\u00bb use_theme_fonts=\u00a0\u00bbyes\u00a0\u00bb][\/vc_column_inner][vc_column_inner][vc_separator color=\u00a0\u00bbcustom\u00a0\u00bb align=\u00a0\u00bbalign_left\u00a0\u00bb border_width=\u00a0\u00bb2&Prime; css=\u00a0\u00bb.vc_custom_1528450139588{margin-top: 30px !important;}\u00a0\u00bb accent_color=\u00a0\u00bb#c69f45&Prime;][\/vc_column_inner][\/vc_row_inner][vc_column_text&hellip;<\/p>\n","protected":false},"author":1,"featured_media":0,"parent":12,"menu_order":0,"comment_status":"closed","ping_status":"closed","template":"","meta":{"footnotes":""},"class_list":["post-252","page","type-page","status-publish","hentry","description-off"],"yoast_head":"<!-- This site is optimized with the Yoast SEO plugin v27.5 - https:\/\/yoast.com\/product\/yoast-seo-wordpress\/ -->\n<title>Grande Forme - La Ciotat Shipyards<\/title>\n<meta name=\"description\" content=\"La Ciotat Shipyards est un des rares chantiers navals \u00e0 disposer d&#039;une grande forme destin\u00e9e \u00e0 accueillir des mega yachts pour des op\u00e9rations de r\u00e9paration.\" \/>\n<meta name=\"robots\" content=\"index, follow, max-snippet:-1, max-image-preview:large, max-video-preview:-1\" \/>\n<link rel=\"canonical\" href=\"https:\/\/www.laciotat-shipyards.com\/fr\/equipements-et-services\/grande-forme\/\" \/>\n<meta property=\"og:locale\" content=\"fr_FR\" \/>\n<meta property=\"og:type\" content=\"article\" \/>\n<meta property=\"og:title\" content=\"Grande Forme - La Ciotat Shipyards\" \/>\n<meta property=\"og:description\" content=\"La Ciotat Shipyards est un des rares chantiers navals \u00e0 disposer d&#039;une grande forme destin\u00e9e \u00e0 accueillir des mega yachts pour des op\u00e9rations de r\u00e9paration.\" \/>\n<meta property=\"og:url\" content=\"https:\/\/www.laciotat-shipyards.com\/fr\/equipements-et-services\/grande-forme\/\" \/>\n<meta property=\"og:site_name\" content=\"La Ciotat Shipyards\" \/>\n<meta property=\"article:modified_time\" content=\"2026-03-11T08:45:37+00:00\" \/>\n<meta name=\"twitter:card\" content=\"summary_large_image\" \/>\n<meta name=\"twitter:label1\" content=\"Dur\u00e9e de lecture estim\u00e9e\" \/>\n\t<meta name=\"twitter:data1\" content=\"2 minutes\" \/>\n<script type=\"application\/ld+json\" class=\"yoast-schema-graph\">{\"@context\":\"https:\\\/\\\/schema.org\",\"@graph\":[{\"@type\":\"WebPage\",\"@id\":\"https:\\\/\\\/www.laciotat-shipyards.com\\\/fr\\\/equipements-et-services\\\/grande-forme\\\/\",\"url\":\"https:\\\/\\\/www.laciotat-shipyards.com\\\/fr\\\/equipements-et-services\\\/grande-forme\\\/\",\"name\":\"Grande Forme - La Ciotat Shipyards\",\"isPartOf\":{\"@id\":\"https:\\\/\\\/www.laciotat-shipyards.com\\\/fr\\\/#website\"},\"datePublished\":\"2018-04-03T12:15:17+00:00\",\"dateModified\":\"2026-03-11T08:45:37+00:00\",\"description\":\"La Ciotat Shipyards est un des rares chantiers navals \u00e0 disposer d'une grande forme destin\u00e9e \u00e0 accueillir des mega yachts pour des op\u00e9rations de r\u00e9paration.\",\"breadcrumb\":{\"@id\":\"https:\\\/\\\/www.laciotat-shipyards.com\\\/fr\\\/equipements-et-services\\\/grande-forme\\\/#breadcrumb\"},\"inLanguage\":\"fr-FR\",\"potentialAction\":[{\"@type\":\"ReadAction\",\"target\":[\"https:\\\/\\\/www.laciotat-shipyards.com\\\/fr\\\/equipements-et-services\\\/grande-forme\\\/\"]}]},{\"@type\":\"BreadcrumbList\",\"@id\":\"https:\\\/\\\/www.laciotat-shipyards.com\\\/fr\\\/equipements-et-services\\\/grande-forme\\\/#breadcrumb\",\"itemListElement\":[{\"@type\":\"ListItem\",\"position\":1,\"name\":\"Accueil\",\"item\":\"https:\\\/\\\/www.laciotat-shipyards.com\\\/fr\\\/\"},{\"@type\":\"ListItem\",\"position\":2,\"name\":\"\u00c9quipements\",\"item\":\"https:\\\/\\\/www.laciotat-shipyards.com\\\/fr\\\/equipements-et-services\\\/\"},{\"@type\":\"ListItem\",\"position\":3,\"name\":\"Grande Forme\"}]},{\"@type\":\"WebSite\",\"@id\":\"https:\\\/\\\/www.laciotat-shipyards.com\\\/fr\\\/#website\",\"url\":\"https:\\\/\\\/www.laciotat-shipyards.com\\\/fr\\\/\",\"name\":\"La Ciotat Shipyards\",\"description\":\"Site maritime d\u2019excellence en M\u00e9diterran\u00e9e\",\"potentialAction\":[{\"@type\":\"SearchAction\",\"target\":{\"@type\":\"EntryPoint\",\"urlTemplate\":\"https:\\\/\\\/www.laciotat-shipyards.com\\\/fr\\\/?s={search_term_string}\"},\"query-input\":{\"@type\":\"PropertyValueSpecification\",\"valueRequired\":true,\"valueName\":\"search_term_string\"}}],\"inLanguage\":\"fr-FR\"}]}<\/script>\n<!-- \/ Yoast SEO plugin. -->","yoast_head_json":{"title":"Grande Forme - La Ciotat Shipyards","description":"La Ciotat Shipyards est un des rares chantiers navals \u00e0 disposer d'une grande forme destin\u00e9e \u00e0 accueillir des mega yachts pour des op\u00e9rations de r\u00e9paration.","robots":{"index":"index","follow":"follow","max-snippet":"max-snippet:-1","max-image-preview":"max-image-preview:large","max-video-preview":"max-video-preview:-1"},"canonical":"https:\/\/www.laciotat-shipyards.com\/fr\/equipements-et-services\/grande-forme\/","og_locale":"fr_FR","og_type":"article","og_title":"Grande Forme - La Ciotat Shipyards","og_description":"La Ciotat Shipyards est un des rares chantiers navals \u00e0 disposer d'une grande forme destin\u00e9e \u00e0 accueillir des mega yachts pour des op\u00e9rations de r\u00e9paration.","og_url":"https:\/\/www.laciotat-shipyards.com\/fr\/equipements-et-services\/grande-forme\/","og_site_name":"La Ciotat Shipyards","article_modified_time":"2026-03-11T08:45:37+00:00","twitter_card":"summary_large_image","twitter_misc":{"Dur\u00e9e de lecture estim\u00e9e":"2 minutes"},"schema":{"@context":"https:\/\/schema.org","@graph":[{"@type":"WebPage","@id":"https:\/\/www.laciotat-shipyards.com\/fr\/equipements-et-services\/grande-forme\/","url":"https:\/\/www.laciotat-shipyards.com\/fr\/equipements-et-services\/grande-forme\/","name":"Grande Forme - La Ciotat Shipyards","isPartOf":{"@id":"https:\/\/www.laciotat-shipyards.com\/fr\/#website"},"datePublished":"2018-04-03T12:15:17+00:00","dateModified":"2026-03-11T08:45:37+00:00","description":"La Ciotat Shipyards est un des rares chantiers navals \u00e0 disposer d'une grande forme destin\u00e9e \u00e0 accueillir des mega yachts pour des op\u00e9rations de r\u00e9paration.","breadcrumb":{"@id":"https:\/\/www.laciotat-shipyards.com\/fr\/equipements-et-services\/grande-forme\/#breadcrumb"},"inLanguage":"fr-FR","potentialAction":[{"@type":"ReadAction","target":["https:\/\/www.laciotat-shipyards.com\/fr\/equipements-et-services\/grande-forme\/"]}]},{"@type":"BreadcrumbList","@id":"https:\/\/www.laciotat-shipyards.com\/fr\/equipements-et-services\/grande-forme\/#breadcrumb","itemListElement":[{"@type":"ListItem","position":1,"name":"Accueil","item":"https:\/\/www.laciotat-shipyards.com\/fr\/"},{"@type":"ListItem","position":2,"name":"\u00c9quipements","item":"https:\/\/www.laciotat-shipyards.com\/fr\/equipements-et-services\/"},{"@type":"ListItem","position":3,"name":"Grande Forme"}]},{"@type":"WebSite","@id":"https:\/\/www.laciotat-shipyards.com\/fr\/#website","url":"https:\/\/www.laciotat-shipyards.com\/fr\/","name":"La Ciotat Shipyards","description":"Site maritime d\u2019excellence en M\u00e9diterran\u00e9e","potentialAction":[{"@type":"SearchAction","target":{"@type":"EntryPoint","urlTemplate":"https:\/\/www.laciotat-shipyards.com\/fr\/?s={search_term_string}"},"query-input":{"@type":"PropertyValueSpecification","valueRequired":true,"valueName":"search_term_string"}}],"inLanguage":"fr-FR"}]}},"_links":{"self":[{"href":"https:\/\/www.laciotat-shipyards.com\/fr\/wp-json\/wp\/v2\/pages\/252","targetHints":{"allow":["GET"]}}],"collection":[{"href":"https:\/\/www.laciotat-shipyards.com\/fr\/wp-json\/wp\/v2\/pages"}],"about":[{"href":"https:\/\/www.laciotat-shipyards.com\/fr\/wp-json\/wp\/v2\/types\/page"}],"author":[{"embeddable":true,"href":"https:\/\/www.laciotat-shipyards.com\/fr\/wp-json\/wp\/v2\/users\/1"}],"replies":[{"embeddable":true,"href":"https:\/\/www.laciotat-shipyards.com\/fr\/wp-json\/wp\/v2\/comments?post=252"}],"version-history":[{"count":20,"href":"https:\/\/www.laciotat-shipyards.com\/fr\/wp-json\/wp\/v2\/pages\/252\/revisions"}],"predecessor-version":[{"id":16479,"href":"https:\/\/www.laciotat-shipyards.com\/fr\/wp-json\/wp\/v2\/pages\/252\/revisions\/16479"}],"up":[{"embeddable":true,"href":"https:\/\/www.laciotat-shipyards.com\/fr\/wp-json\/wp\/v2\/pages\/12"}],"wp:attachment":[{"href":"https:\/\/www.laciotat-shipyards.com\/fr\/wp-json\/wp\/v2\/media?parent=252"}],"curies":[{"name":"wp","href":"https:\/\/api.w.org\/{rel}","templated":true}]}}