{"id":260,"date":"2018-04-03T14:16:24","date_gmt":"2018-04-03T12:16:24","guid":{"rendered":"https:\/\/www.laciotat-shipyards.com\/semideplacyotat\/?page_id=260"},"modified":"2018-10-16T17:06:20","modified_gmt":"2018-10-16T15:06:20","slug":"services","status":"publish","type":"page","link":"https:\/\/www.laciotat-shipyards.com\/fr\/equipements-et-services\/services\/","title":{"rendered":"Services"},"content":{"rendered":"<div class=\"wpb-content-wrapper\"><p>[vc_row][vc_column][vc_column_text]Les chantiers navals La Ciotat Shipyards fournissent aux navires et \u00e0 ses partenaires un ensemble de services destin\u00e9s \u00e0 accueillir les yachts et M\u00e9ga-Yachts dans des conditions id\u00e9ales.[\/vc_column_text][\/vc_column][\/vc_row][vc_row gap=\u00a0\u00bb30&Prime; equal_height=\u00a0\u00bbyes\u00a0\u00bb][vc_column offset=\u00a0\u00bbvc_col-lg-3 vc_col-md-3 vc_col-xs-12&Prime;][vc_single_image image=\u00a0\u00bb905&Prime; img_size=\u00a0\u00bb100&#215;100&Prime; css=\u00a0\u00bb.vc_custom_1530698058764{margin-bottom: 15px !important;}\u00a0\u00bb el_class=\u00a0\u00bbcentermobile\u00a0\u00bb][vc_custom_heading text=\u00a0\u00bbService raccordement des chantiers navals de La Ciotat\u00a0\u00bb font_container=\u00a0\u00bbtag:h2|font_size:30px|text_align:left|line_height:40px\u00a0\u00bb use_theme_fonts=\u00a0\u00bbyes\u00a0\u00bb el_class=\u00a0\u00bbcentermobile\u00a0\u00bb][\/vc_column][vc_column width=\u00a0\u00bb1\/3&Prime; css=\u00a0\u00bb.vc_custom_1530695780595{padding-top: 30px !important;padding-right: 30px !important;padding-bottom: 30px !important;padding-left: 30px !important;background-color: #ffffff !important;}\u00a0\u00bb offset=\u00a0\u00bbvc_col-lg-3 vc_col-md-3 vc_col-xs-12&Prime;][vc_custom_heading text=\u00a0\u00bbElectricit\u00e9\u00a0\u00bb font_container=\u00a0\u00bbtag:h3|font_size:26px|text_align:left|line_height:34px\u00a0\u00bb use_theme_fonts=\u00a0\u00bbyes\u00a0\u00bb][vc_column_text css=\u00a0\u00bb.vc_custom_1531814343967{margin-bottom: 0px !important;}\u00a0\u00bb]Fourniture des raccordements \u00e9lectriques des places \u00e0 flot et des places \u00e0 terre (yacht et chantier) :<\/p>\n<ul>\n<li>en 220V, 380V, 50Hz,<\/li>\n<li>jusqu\u2019\u00e0 1250 amp\u00e8res \/ Borne<\/li>\n<\/ul>\n<p>[\/vc_column_text][\/vc_column][vc_column width=\u00a0\u00bb1\/3&Prime; css=\u00a0\u00bb.vc_custom_1530695793690{padding-top: 30px !important;padding-right: 30px !important;padding-bottom: 30px !important;padding-left: 30px !important;background-color: #ffffff !important;}\u00a0\u00bb offset=\u00a0\u00bbvc_col-lg-3 vc_col-md-3 vc_col-xs-12&Prime;][vc_custom_heading text=\u00a0\u00bbEau potable, eau de mer, eaux us\u00e9es\u00a0\u00bb font_container=\u00a0\u00bbtag:h3|font_size:26px|text_align:left|line_height:34px\u00a0\u00bb use_theme_fonts=\u00a0\u00bbyes\u00a0\u00bb][vc_column_text css=\u00a0\u00bb.vc_custom_1531814355081{margin-bottom: 0px !important;}\u00a0\u00bb]<\/p>\n<ul>\n<li>Fourniture des raccordements \u00e0 l\u2019eau potable des places \u00e0 flot et des places \u00e0 terre.<\/li>\n<li>Raccordements aux eaux us\u00e9es et \u00e0 l\u2019eau de mer pour les grands yachts \u00e0 terre.<\/li>\n<li>Sur toutes les plateformes, collecte des eaux de pluie et des eaux de process.<\/li>\n<\/ul>\n<p>[\/vc_column_text][\/vc_column][vc_column width=\u00a0\u00bb1\/3&Prime; css=\u00a0\u00bb.vc_custom_1530695808360{padding-top: 30px !important;padding-right: 30px !important;padding-bottom: 30px !important;padding-left: 30px !important;background-color: #ffffff !important;}\u00a0\u00bb offset=\u00a0\u00bbvc_col-lg-3 vc_col-md-3 vc_col-xs-11&Prime;][vc_custom_heading text=\u00a0\u00bbInternet \u00e0 tr\u00e8s haut d\u00e9bit\u00a0\u00bb font_container=\u00a0\u00bbtag:h3|font_size:26px|text_align:left|line_height:34px\u00a0\u00bb use_theme_fonts=\u00a0\u00bbyes\u00a0\u00bb][vc_column_text css=\u00a0\u00bb.vc_custom_1530695656908{margin-bottom: 0px !important;}\u00a0\u00bb]Fourniture des raccordements internet \u00e0 tr\u00e8s haut d\u00e9bit (fibre optique) pour les yachts \u00e0 flot et les yachts \u00e0 terre sur les places publiques \u00e0 compter de septembre 2018.[\/vc_column_text][\/vc_column][\/vc_row][vc_row][vc_column][vc_separator color=\u00a0\u00bbwhite\u00a0\u00bb border_width=\u00a0\u00bb2&Prime; el_width=\u00a0\u00bb30&Prime; css=\u00a0\u00bb.vc_custom_1530695694955{margin-top: 50px !important;margin-bottom: 50px !important;}\u00a0\u00bb][\/vc_column][\/vc_row][vc_row gap=\u00a0\u00bb30&Prime; equal_height=\u00a0\u00bbyes\u00a0\u00bb][vc_column offset=\u00a0\u00bbvc_col-lg-3 vc_col-md-3 vc_col-xs-12&Prime;][vc_single_image image=\u00a0\u00bb903&Prime; img_size=\u00a0\u00bb100&#215;100&Prime; css=\u00a0\u00bb.vc_custom_1530698091295{margin-bottom: 15px !important;}\u00a0\u00bb el_class=\u00a0\u00bbcentermobile\u00a0\u00bb][vc_custom_heading text=\u00a0\u00bbService Environnement\u00a0\u00bb font_container=\u00a0\u00bbtag:h2|font_size:30px|text_align:left|line_height:40px\u00a0\u00bb use_theme_fonts=\u00a0\u00bbyes\u00a0\u00bb el_class=\u00a0\u00bbcentermobile\u00a0\u00bb][\/vc_column][vc_column width=\u00a0\u00bb1\/3&Prime; css=\u00a0\u00bb.vc_custom_1530698177484{padding-top: 30px !important;padding-right: 30px !important;padding-bottom: 30px !important;padding-left: 30px !important;background-color: #ffffff !important;}\u00a0\u00bb offset=\u00a0\u00bbvc_col-lg-offset-0 vc_col-lg-3 vc_col-md-offset-0 vc_col-md-3 vc_col-sm-offset-2 vc_col-xs-12&Prime;][vc_custom_heading text=\u00a0\u00bbSur toutes les plateformes\u00a0\u00bb font_container=\u00a0\u00bbtag:h3|font_size:26px|text_align:left|line_height:34px\u00a0\u00bb use_theme_fonts=\u00a0\u00bbyes\u00a0\u00bb][vc_column_text css=\u00a0\u00bb.vc_custom_1530695997505{margin-bottom: 0px !important;}\u00a0\u00bb]Les eaux de process et les eaux de pluie sont trait\u00e9es par des s\u00e9parateurs avant leur rejet en mer.[\/vc_column_text][\/vc_column][vc_column width=\u00a0\u00bb1\/3&Prime; css=\u00a0\u00bb.vc_custom_1530695793690{padding-top: 30px !important;padding-right: 30px !important;padding-bottom: 30px !important;padding-left: 30px !important;background-color: #ffffff !important;}\u00a0\u00bb offset=\u00a0\u00bbvc_col-lg-3 vc_col-md-3 vc_col-xs-12&Prime;][vc_custom_heading text=\u00a0\u00bbEntretiens et contr\u00f4les\u00a0\u00bb font_container=\u00a0\u00bbtag:h3|font_size:26px|text_align:left|line_height:34px\u00a0\u00bb use_theme_fonts=\u00a0\u00bbyes\u00a0\u00bb][vc_column_text css=\u00a0\u00bb.vc_custom_1530696002973{margin-bottom: 0px !important;}\u00a0\u00bb]Ces \u00e9quipements de traitement font l\u2019objet d\u2019entretiens r\u00e9guliers et de contr\u00f4les des services de l\u2019Etat charg\u00e9 de la protection des milieux maritimes.[\/vc_column_text][\/vc_column][\/vc_row][vc_row][vc_column][vc_separator color=\u00a0\u00bbwhite\u00a0\u00bb border_width=\u00a0\u00bb2&Prime; el_width=\u00a0\u00bb30&Prime; css=\u00a0\u00bb.vc_custom_1530695694955{margin-top: 50px !important;margin-bottom: 50px !important;}\u00a0\u00bb][\/vc_column][\/vc_row][vc_row gap=\u00a0\u00bb30&Prime; equal_height=\u00a0\u00bbyes\u00a0\u00bb][vc_column offset=\u00a0\u00bbvc_col-lg-3 vc_col-md-3 vc_col-xs-12&Prime;][vc_single_image image=\u00a0\u00bb904&Prime; img_size=\u00a0\u00bb100&#215;100&Prime; css=\u00a0\u00bb.vc_custom_1530698102807{margin-bottom: 15px !important;}\u00a0\u00bb el_class=\u00a0\u00bbcentermobile\u00a0\u00bb][vc_custom_heading text=\u00a0\u00bbService S\u00e9curit\u00e9\u00a0\u00bb font_container=\u00a0\u00bbtag:h2|font_size:30px|text_align:left|line_height:40px\u00a0\u00bb use_theme_fonts=\u00a0\u00bbyes\u00a0\u00bb el_class=\u00a0\u00bbcentermobile\u00a0\u00bb][\/vc_column][vc_column width=\u00a0\u00bb1\/3&Prime; css=\u00a0\u00bb.vc_custom_1530695780595{padding-top: 30px !important;padding-right: 30px !important;padding-bottom: 30px !important;padding-left: 30px !important;background-color: #ffffff !important;}\u00a0\u00bb offset=\u00a0\u00bbvc_col-lg-3 vc_col-md-3 vc_col-xs-12&Prime;][vc_custom_heading text=\u00a0\u00bbUn acc\u00e8s contr\u00f4l\u00e9 24h\/24&Prime; font_container=\u00a0\u00bbtag:h3|font_size:26px|text_align:left|line_height:34px\u00a0\u00bb use_theme_fonts=\u00a0\u00bbyes\u00a0\u00bb][vc_column_text css=\u00a0\u00bb.vc_custom_1530696008024{margin-bottom: 0px !important;}\u00a0\u00bb]Le chantier fait l\u2019objet d\u2019un acc\u00e8s contr\u00f4l\u00e9 24H\/24.\u00a0Seules les personnes titulaires d\u2019un badge d\u2019acc\u00e8s peuvent y acc\u00e9der. Un dispositif de vid\u00e9osurveillance des points les plus sensibles est en place et sera am\u00e9lior\u00e9 avec l\u2019arriv\u00e9e de la fibre optique.[\/vc_column_text][\/vc_column][vc_column width=\u00a0\u00bb1\/3&Prime; css=\u00a0\u00bb.vc_custom_1530695793690{padding-top: 30px !important;padding-right: 30px !important;padding-bottom: 30px !important;padding-left: 30px !important;background-color: #ffffff !important;}\u00a0\u00bb offset=\u00a0\u00bbvc_col-lg-3 vc_col-md-3 vc_col-xs-12&Prime;][vc_custom_heading text=\u00a0\u00bbEn collaboration avec les autorit\u00e9s de l\u2019Etat\u00a0\u00bb font_container=\u00a0\u00bbtag:h3|font_size:26px|text_align:left|line_height:34px\u00a0\u00bb use_theme_fonts=\u00a0\u00bbyes\u00a0\u00bb][vc_column_text css=\u00a0\u00bb.vc_custom_1530696013727{margin-bottom: 0px !important;}\u00a0\u00bb]La Ciotat Shipyards a engag\u00e9 depuis 2017 un dialogue avec les autorit\u00e9s de l\u2019Etat du D\u00e9partement pour obtenir des moyens de contr\u00f4le suppl\u00e9mentaires pour am\u00e9liorer la s\u00fbret\u00e9 et la s\u00e9curit\u00e9 de ses installations, avec en ligne de mire la d\u00e9finition de zones assujetties \u00e0 la norme ISPS.[\/vc_column_text][\/vc_column][vc_column width=\u00a0\u00bb1\/3&Prime; css=\u00a0\u00bb.vc_custom_1530695808360{padding-top: 30px !important;padding-right: 30px !important;padding-bottom: 30px !important;padding-left: 30px !important;background-color: #ffffff !important;}\u00a0\u00bb offset=\u00a0\u00bbvc_col-lg-3 vc_col-md-3 vc_col-xs-11&Prime;][vc_custom_heading text=\u00a0\u00bbQualit\u00e9 d\u2019accueil\u00a0\u00bb font_container=\u00a0\u00bbtag:h3|font_size:26px|text_align:left|line_height:34px\u00a0\u00bb use_theme_fonts=\u00a0\u00bbyes\u00a0\u00bb][vc_column_text css=\u00a0\u00bb.vc_custom_1530696018666{margin-bottom: 0px !important;}\u00a0\u00bb]La Ciotat Shipyards s\u2019efforce toutefois de pr\u00e9server un \u00e9quilibre entre les contraintes n\u00e9cessaires li\u00e9es \u00e0 la s\u00fbret\u00e9 et la pr\u00e9servation d\u2019une bonne qualit\u00e9 d\u2019accueil pour les \u00e9quipages et les entreprises qui fr\u00e9quentent le site au quotidien.[\/vc_column_text][\/vc_column][\/vc_row]<\/p>\n<\/div>","protected":false},"excerpt":{"rendered":"<p>[vc_row][vc_column][vc_column_text]Les chantiers navals La Ciotat Shipyards fournissent aux navires et \u00e0 ses partenaires un ensemble de services destin\u00e9s \u00e0 accueillir les yachts et M\u00e9ga-Yachts dans des conditions id\u00e9ales.[\/vc_column_text][\/vc_column][\/vc_row][vc_row gap=\u00a0\u00bb30&Prime; equal_height=\u00a0\u00bbyes\u00a0\u00bb][vc_column offset=\u00a0\u00bbvc_col-lg-3 vc_col-md-3 vc_col-xs-12&Prime;][vc_single_image image=\u00a0\u00bb905&Prime; img_size=\u00a0\u00bb100&#215;100&Prime; css=\u00a0\u00bb.vc_custom_1530698058764{margin-bottom: 15px !important;}\u00a0\u00bb el_class=\u00a0\u00bbcentermobile\u00a0\u00bb][vc_custom_heading text=\u00a0\u00bbService raccordement des chantiers navals de La Ciotat\u00a0\u00bb font_container=\u00a0\u00bbtag:h2|font_size:30px|text_align:left|line_height:40px\u00a0\u00bb use_theme_fonts=\u00a0\u00bbyes\u00a0\u00bb el_class=\u00a0\u00bbcentermobile\u00a0\u00bb][\/vc_column][vc_column width=\u00a0\u00bb1\/3&Prime; css=\u00a0\u00bb.vc_custom_1530695780595{padding-top: 30px !important;padding-right: 30px&hellip;<\/p>\n","protected":false},"author":1,"featured_media":0,"parent":12,"menu_order":0,"comment_status":"closed","ping_status":"closed","template":"","meta":{"footnotes":""},"class_list":["post-260","page","type-page","status-publish","hentry","description-off"],"yoast_head":"<!-- This site is optimized with the Yoast SEO plugin v27.3 - https:\/\/yoast.com\/product\/yoast-seo-wordpress\/ -->\n<title>Services des Chantiers navals La Ciotat - La Ciotat Shipyards<\/title>\n<meta name=\"description\" content=\"Les chantiers navals La Ciotat Shipyards fournissent un ensemble de services destin\u00e9s \u00e0 accueillir les yachts et M\u00e9ga-Yachts dans des conditions id\u00e9ales.\" \/>\n<meta name=\"robots\" content=\"index, follow, max-snippet:-1, max-image-preview:large, max-video-preview:-1\" \/>\n<link rel=\"canonical\" href=\"https:\/\/www.laciotat-shipyards.com\/fr\/equipements-et-services\/services\/\" \/>\n<meta property=\"og:locale\" content=\"fr_FR\" \/>\n<meta property=\"og:type\" content=\"article\" \/>\n<meta property=\"og:title\" content=\"Services des Chantiers navals La Ciotat - La Ciotat Shipyards\" \/>\n<meta property=\"og:description\" content=\"Les chantiers navals La Ciotat Shipyards fournissent un ensemble de services destin\u00e9s \u00e0 accueillir les yachts et M\u00e9ga-Yachts dans des conditions id\u00e9ales.\" \/>\n<meta property=\"og:url\" content=\"https:\/\/www.laciotat-shipyards.com\/fr\/equipements-et-services\/services\/\" \/>\n<meta property=\"og:site_name\" content=\"La Ciotat Shipyards\" \/>\n<meta property=\"article:modified_time\" content=\"2018-10-16T15:06:20+00:00\" \/>\n<meta name=\"twitter:card\" content=\"summary_large_image\" \/>\n<meta name=\"twitter:label1\" content=\"Dur\u00e9e de lecture estim\u00e9e\" \/>\n\t<meta name=\"twitter:data1\" content=\"6 minutes\" \/>\n<script type=\"application\/ld+json\" class=\"yoast-schema-graph\">{\"@context\":\"https:\\\/\\\/schema.org\",\"@graph\":[{\"@type\":\"WebPage\",\"@id\":\"https:\\\/\\\/www.laciotat-shipyards.com\\\/fr\\\/equipements-et-services\\\/services\\\/\",\"url\":\"https:\\\/\\\/www.laciotat-shipyards.com\\\/fr\\\/equipements-et-services\\\/services\\\/\",\"name\":\"Services des Chantiers navals La Ciotat - La Ciotat Shipyards\",\"isPartOf\":{\"@id\":\"https:\\\/\\\/www.laciotat-shipyards.com\\\/fr\\\/#website\"},\"datePublished\":\"2018-04-03T12:16:24+00:00\",\"dateModified\":\"2018-10-16T15:06:20+00:00\",\"description\":\"Les chantiers navals La Ciotat Shipyards fournissent un ensemble de services destin\u00e9s \u00e0 accueillir les yachts et M\u00e9ga-Yachts dans des conditions id\u00e9ales.\",\"breadcrumb\":{\"@id\":\"https:\\\/\\\/www.laciotat-shipyards.com\\\/fr\\\/equipements-et-services\\\/services\\\/#breadcrumb\"},\"inLanguage\":\"fr-FR\",\"potentialAction\":[{\"@type\":\"ReadAction\",\"target\":[\"https:\\\/\\\/www.laciotat-shipyards.com\\\/fr\\\/equipements-et-services\\\/services\\\/\"]}]},{\"@type\":\"BreadcrumbList\",\"@id\":\"https:\\\/\\\/www.laciotat-shipyards.com\\\/fr\\\/equipements-et-services\\\/services\\\/#breadcrumb\",\"itemListElement\":[{\"@type\":\"ListItem\",\"position\":1,\"name\":\"Accueil\",\"item\":\"https:\\\/\\\/www.laciotat-shipyards.com\\\/fr\\\/\"},{\"@type\":\"ListItem\",\"position\":2,\"name\":\"\u00c9quipements\",\"item\":\"https:\\\/\\\/www.laciotat-shipyards.com\\\/fr\\\/equipements-et-services\\\/\"},{\"@type\":\"ListItem\",\"position\":3,\"name\":\"Services\"}]},{\"@type\":\"WebSite\",\"@id\":\"https:\\\/\\\/www.laciotat-shipyards.com\\\/fr\\\/#website\",\"url\":\"https:\\\/\\\/www.laciotat-shipyards.com\\\/fr\\\/\",\"name\":\"La Ciotat Shipyards\",\"description\":\"Site maritime d\u2019excellence en M\u00e9diterran\u00e9e\",\"potentialAction\":[{\"@type\":\"SearchAction\",\"target\":{\"@type\":\"EntryPoint\",\"urlTemplate\":\"https:\\\/\\\/www.laciotat-shipyards.com\\\/fr\\\/?s={search_term_string}\"},\"query-input\":{\"@type\":\"PropertyValueSpecification\",\"valueRequired\":true,\"valueName\":\"search_term_string\"}}],\"inLanguage\":\"fr-FR\"}]}<\/script>\n<!-- \/ Yoast SEO plugin. -->","yoast_head_json":{"title":"Services des Chantiers navals La Ciotat - La Ciotat Shipyards","description":"Les chantiers navals La Ciotat Shipyards fournissent un ensemble de services destin\u00e9s \u00e0 accueillir les yachts et M\u00e9ga-Yachts dans des conditions id\u00e9ales.","robots":{"index":"index","follow":"follow","max-snippet":"max-snippet:-1","max-image-preview":"max-image-preview:large","max-video-preview":"max-video-preview:-1"},"canonical":"https:\/\/www.laciotat-shipyards.com\/fr\/equipements-et-services\/services\/","og_locale":"fr_FR","og_type":"article","og_title":"Services des Chantiers navals La Ciotat - La Ciotat Shipyards","og_description":"Les chantiers navals La Ciotat Shipyards fournissent un ensemble de services destin\u00e9s \u00e0 accueillir les yachts et M\u00e9ga-Yachts dans des conditions id\u00e9ales.","og_url":"https:\/\/www.laciotat-shipyards.com\/fr\/equipements-et-services\/services\/","og_site_name":"La Ciotat Shipyards","article_modified_time":"2018-10-16T15:06:20+00:00","twitter_card":"summary_large_image","twitter_misc":{"Dur\u00e9e de lecture estim\u00e9e":"6 minutes"},"schema":{"@context":"https:\/\/schema.org","@graph":[{"@type":"WebPage","@id":"https:\/\/www.laciotat-shipyards.com\/fr\/equipements-et-services\/services\/","url":"https:\/\/www.laciotat-shipyards.com\/fr\/equipements-et-services\/services\/","name":"Services des Chantiers navals La Ciotat - La Ciotat Shipyards","isPartOf":{"@id":"https:\/\/www.laciotat-shipyards.com\/fr\/#website"},"datePublished":"2018-04-03T12:16:24+00:00","dateModified":"2018-10-16T15:06:20+00:00","description":"Les chantiers navals La Ciotat Shipyards fournissent un ensemble de services destin\u00e9s \u00e0 accueillir les yachts et M\u00e9ga-Yachts dans des conditions id\u00e9ales.","breadcrumb":{"@id":"https:\/\/www.laciotat-shipyards.com\/fr\/equipements-et-services\/services\/#breadcrumb"},"inLanguage":"fr-FR","potentialAction":[{"@type":"ReadAction","target":["https:\/\/www.laciotat-shipyards.com\/fr\/equipements-et-services\/services\/"]}]},{"@type":"BreadcrumbList","@id":"https:\/\/www.laciotat-shipyards.com\/fr\/equipements-et-services\/services\/#breadcrumb","itemListElement":[{"@type":"ListItem","position":1,"name":"Accueil","item":"https:\/\/www.laciotat-shipyards.com\/fr\/"},{"@type":"ListItem","position":2,"name":"\u00c9quipements","item":"https:\/\/www.laciotat-shipyards.com\/fr\/equipements-et-services\/"},{"@type":"ListItem","position":3,"name":"Services"}]},{"@type":"WebSite","@id":"https:\/\/www.laciotat-shipyards.com\/fr\/#website","url":"https:\/\/www.laciotat-shipyards.com\/fr\/","name":"La Ciotat Shipyards","description":"Site maritime d\u2019excellence en M\u00e9diterran\u00e9e","potentialAction":[{"@type":"SearchAction","target":{"@type":"EntryPoint","urlTemplate":"https:\/\/www.laciotat-shipyards.com\/fr\/?s={search_term_string}"},"query-input":{"@type":"PropertyValueSpecification","valueRequired":true,"valueName":"search_term_string"}}],"inLanguage":"fr-FR"}]}},"_links":{"self":[{"href":"https:\/\/www.laciotat-shipyards.com\/fr\/wp-json\/wp\/v2\/pages\/260","targetHints":{"allow":["GET"]}}],"collection":[{"href":"https:\/\/www.laciotat-shipyards.com\/fr\/wp-json\/wp\/v2\/pages"}],"about":[{"href":"https:\/\/www.laciotat-shipyards.com\/fr\/wp-json\/wp\/v2\/types\/page"}],"author":[{"embeddable":true,"href":"https:\/\/www.laciotat-shipyards.com\/fr\/wp-json\/wp\/v2\/users\/1"}],"replies":[{"embeddable":true,"href":"https:\/\/www.laciotat-shipyards.com\/fr\/wp-json\/wp\/v2\/comments?post=260"}],"version-history":[{"count":0,"href":"https:\/\/www.laciotat-shipyards.com\/fr\/wp-json\/wp\/v2\/pages\/260\/revisions"}],"up":[{"embeddable":true,"href":"https:\/\/www.laciotat-shipyards.com\/fr\/wp-json\/wp\/v2\/pages\/12"}],"wp:attachment":[{"href":"https:\/\/www.laciotat-shipyards.com\/fr\/wp-json\/wp\/v2\/media?parent=260"}],"curies":[{"name":"wp","href":"https:\/\/api.w.org\/{rel}","templated":true}]}}