{"id":266,"date":"2018-04-03T14:17:27","date_gmt":"2018-04-03T12:17:27","guid":{"rendered":"https:\/\/www.laciotat-shipyards.com\/semideplacyotat\/?page_id=266"},"modified":"2020-11-17T15:12:04","modified_gmt":"2020-11-17T14:12:04","slug":"accueil-sur-site","status":"publish","type":"page","link":"https:\/\/www.laciotat-shipyards.com\/fr\/amenagements-en-cours\/accueil-sur-site\/","title":{"rendered":"Accueil sur site"},"content":{"rendered":"<div class=\"wpb-content-wrapper\"><p>[vc_row gap=\u00a0\u00bb30&Prime; content_placement=\u00a0\u00bbmiddle\u00a0\u00bb][vc_column][vc_custom_heading text=\u00a0\u00bb\u00ab Ici comme chez vous ! \u00bb\u00a0\u00bb font_container=\u00a0\u00bbtag:h2|font_size:35px|text_align:center|line_height:40px\u00a0\u00bb use_theme_fonts=\u00a0\u00bbyes\u00a0\u00bb][vc_separator color=\u00a0\u00bbcustom\u00a0\u00bb border_width=\u00a0\u00bb2&Prime; el_width=\u00a0\u00bb30&Prime; accent_color=\u00a0\u00bb#c69f45&Prime; css=\u00a0\u00bb.vc_custom_1530705794330{margin-top: 40px !important;}\u00a0\u00bb][vc_column_text]<\/p>\n<p style=\"text-align: center;\"><em>Le site de La Ciotat pr\u00e9sente de nombreux avantages, et est d\u2019ailleurs pl\u00e9biscit\u00e9 par les \u00e9quipages qui y viennent. Ce n\u2019est pas une raison pour autant de se reposer sur nos lauriers.\u00a0C\u2019est l\u2019objectif du plan \u00ab\u00a0Welcome 2020\u00a0\u00bb, qui sera mis en place dans les prochains mois. Il consiste \u00e0 mettre en place une strat\u00e9gie d\u2019ensemble pour r\u00e9pondre aux besoins exprim\u00e9s.<\/em><\/p>\n<p>[\/vc_column_text][\/vc_column][\/vc_row][vc_row equal_height=\u00a0\u00bbyes\u00a0\u00bb][vc_column offset=\u00a0\u00bbvc_col-lg-6 vc_col-md-6 vc_col-xs-12&Prime;]<div id=\"ultimate-heading-83846a0203e120332\" class=\"uvc-heading ult-adjust-bottom-margin ultimate-heading-83846a0203e120332 uvc-3908 \" data-hspacer=\"no_spacer\"  data-halign=\"left\" style=\"text-align:left\"><div class=\"uvc-heading-spacer no_spacer\" style=\"top\"><\/div><div class=\"uvc-main-heading ult-responsive\"  data-ultimate-target='.uvc-heading.ultimate-heading-83846a0203e120332 h2'  data-responsive-json-new='{\"font-size\":\"desktop:30px;\",\"line-height\":\"desktop:40px;\"}' ><h2 style=\"font-family:&#039;Raleway&#039;;font-weight:200;margin-bottom:20px;\">Les objectifs de \u00ab Welcome 2022 \u00bb ?<\/h2><\/div><\/div>[vc_column_text]Deux objectifs majeurs se d\u00e9gagent d\u2019ores et d\u00e9j\u00e0\u00a0: l\u2019am\u00e9lioration des d\u00e9placements, et notamment des d\u00e9placement propres et en mode doux, d\u2019une part, la s\u00fbret\u00e9 portuaire, d\u2019autre part, avec un travail \u00e0 conduire sur la certification ISPS.<\/p>\n<p>A ces aspects fondamentaux s\u2019ajoutent divers investissements destin\u00e9s \u00e0 faciliter la vie sur le chantier, en am\u00e9liorant les infrastructures et en offrant plus de services.[\/vc_column_text][\/vc_column][vc_column offset=\u00a0\u00bbvc_col-lg-6 vc_col-md-6 vc_col-xs-12&Prime;][vc_row_inner][vc_column_inner width=\u00a0\u00bb1\/2&Prime; offset=\u00a0\u00bbvc_col-lg-12 vc_col-md-12 vc_col-xs-12&Prime;][vc_single_image image=\u00a0\u00bb2168&Prime; img_size=\u00a0\u00bbfull\u00a0\u00bb alignment=\u00a0\u00bbcenter\u00a0\u00bb][\/vc_column_inner][\/vc_row_inner][\/vc_column][\/vc_row][vc_row gap=\u00a0\u00bb30&Prime; equal_height=\u00a0\u00bbyes\u00a0\u00bb content_placement=\u00a0\u00bbtop\u00a0\u00bb][vc_column]<div id=\"ultimate-heading-32676a0203e1203b9\" class=\"uvc-heading ult-adjust-bottom-margin ultimate-heading-32676a0203e1203b9 uvc-3027 \" data-hspacer=\"no_spacer\"  data-halign=\"center\" style=\"text-align:center\"><div class=\"uvc-heading-spacer no_spacer\" style=\"top\"><\/div><div class=\"uvc-main-heading ult-responsive\"  data-ultimate-target='.uvc-heading.ultimate-heading-32676a0203e1203b9 h2'  data-responsive-json-new='{\"font-size\":\"desktop:30px;\",\"line-height\":\"desktop:40px;\"}' ><h2 style=\"font-family:&#039;Raleway&#039;;font-weight:200;margin-bottom:20px;\">\u00ab Welcome 2022 \u00bb, en d\u00e9tails :<\/h2><\/div><\/div>[\/vc_column][vc_column width=\u00a0\u00bb1\/2&Prime; css=\u00a0\u00bb.vc_custom_1532594902718{padding-top: 0px !important;padding-right: 0px !important;padding-bottom: 0px !important;padding-left: 0px !important;background-color: #ffffff !important;}\u00a0\u00bb][vc_single_image image=\u00a0\u00bb2170&Prime; img_size=\u00a0\u00bbfull\u00a0\u00bb alignment=\u00a0\u00bbcenter\u00a0\u00bb css=\u00a0\u00bb.vc_custom_1535449561613{margin-bottom: 10px !important;}\u00a0\u00bb][vc_custom_heading text=\u00a0\u00bbCirculation\u00a0\u00bb font_container=\u00a0\u00bbtag:h3|font_size:20px|text_align:center|color:%23646771|line_height:23px\u00a0\u00bb use_theme_fonts=\u00a0\u00bbyes\u00a0\u00bb css=\u00a0\u00bb.vc_custom_1532594469068{margin-bottom: 10px !important;padding-top: 20px !important;padding-right: 20px !important;padding-bottom: 20px !important;padding-left: 20px !important;}\u00a0\u00bb][vc_column_text css=\u00a0\u00bb.vc_custom_1532594917846{margin-bottom: 0px !important;padding-right: 30px !important;padding-bottom: 30px !important;padding-left: 30px !important;}\u00a0\u00bb]Un plan de circulation fluide sur le chantier naval sera mis en place afin de faciliter les d\u00e9placements sur le site et vers la ville.[\/vc_column_text][\/vc_column][vc_column width=\u00a0\u00bb1\/2&Prime; css=\u00a0\u00bb.vc_custom_1532594961585{padding-top: 0px !important;padding-right: 0px !important;padding-bottom: 0px !important;padding-left: 0px !important;background-color: #ffffff !important;}\u00a0\u00bb][vc_single_image image=\u00a0\u00bb1478&Prime; img_size=\u00a0\u00bbfull\u00a0\u00bb alignment=\u00a0\u00bbcenter\u00a0\u00bb css=\u00a0\u00bb.vc_custom_1533026689361{margin-bottom: 10px !important;}\u00a0\u00bb][vc_custom_heading text=\u00a0\u00bbS\u00fbret\u00e9\u00a0\u00bb font_container=\u00a0\u00bbtag:h3|font_size:20px|text_align:center|color:%23646771|line_height:23px\u00a0\u00bb use_theme_fonts=\u00a0\u00bbyes\u00a0\u00bb css=\u00a0\u00bb.vc_custom_1532594480149{margin-bottom: 10px !important;padding-top: 20px !important;padding-right: 20px !important;padding-bottom: 20px !important;padding-left: 20px !important;}\u00a0\u00bb][vc_column_text css=\u00a0\u00bb.vc_custom_1532594929332{margin-bottom: 0px !important;padding-right: 30px !important;padding-bottom: 30px !important;padding-left: 30px !important;}\u00a0\u00bb]Renforcement de la surveillance et de la s\u00fbret\u00e9 sur le site portuaire, sans trop compliquer la vie des utilisateurs du site. Une r\u00e9flexion est en cours avec les autorit\u00e9s de l\u2019Etat et la Police pour am\u00e9liorer les interventions sur le site et \u00e9tudier la possibilit\u00e9 d\u2019une certification ISPS dans certaines zones.[\/vc_column_text][\/vc_column][vc_column width=\u00a0\u00bb1\/2&Prime; css=\u00a0\u00bb.vc_custom_1532594967267{padding-top: 0px !important;padding-right: 0px !important;padding-bottom: 0px !important;padding-left: 0px !important;background-color: #ffffff !important;}\u00a0\u00bb][vc_single_image image=\u00a0\u00bb1444&Prime; img_size=\u00a0\u00bbfull\u00a0\u00bb alignment=\u00a0\u00bbcenter\u00a0\u00bb css=\u00a0\u00bb.vc_custom_1532600357605{margin-bottom: 10px !important;}\u00a0\u00bb][vc_custom_heading text=\u00a0\u00bbRenforcement des lieux de vie pour les \u00e9quipages\u00a0\u00bb font_container=\u00a0\u00bbtag:h3|font_size:20px|text_align:center|color:%23646771|line_height:23px\u00a0\u00bb use_theme_fonts=\u00a0\u00bbyes\u00a0\u00bb css=\u00a0\u00bb.vc_custom_1532594589272{margin-bottom: 10px !important;padding-top: 20px !important;padding-right: 20px !important;padding-bottom: 20px !important;padding-left: 20px !important;}\u00a0\u00bb][vc_column_text css=\u00a0\u00bb.vc_custom_1533212748461{margin-bottom: 0px !important;padding-right: 30px !important;padding-bottom: 30px !important;padding-left: 30px !important;}\u00a0\u00bb]Terrain de sport, espace barbecue, La Ciotat Shipyards va cr\u00e9er des infrastructures qui permettront aux \u00e9quipages de profiter de leur s\u00e9jour sur le site.[\/vc_column_text][\/vc_column][vc_column width=\u00a0\u00bb1\/2&Prime; css=\u00a0\u00bb.vc_custom_1532594954502{padding-top: 0px !important;padding-right: 0px !important;padding-bottom: 0px !important;padding-left: 0px !important;background-color: #ffffff !important;}\u00a0\u00bb][vc_single_image image=\u00a0\u00bb2172&Prime; img_size=\u00a0\u00bbfull\u00a0\u00bb alignment=\u00a0\u00bbcenter\u00a0\u00bb css=\u00a0\u00bb.vc_custom_1535449582422{margin-bottom: 10px !important;}\u00a0\u00bb][vc_custom_heading text=\u00a0\u00bbAugmenter le niveau de service\u00a0\u00bb font_container=\u00a0\u00bbtag:h3|font_size:20px|text_align:center|color:%23646771|line_height:23px\u00a0\u00bb use_theme_fonts=\u00a0\u00bbyes\u00a0\u00bb css=\u00a0\u00bb.vc_custom_1532594686870{margin-bottom: 10px !important;padding-top: 20px !important;padding-right: 20px !important;padding-bottom: 20px !important;padding-left: 20px !important;}\u00a0\u00bb][vc_column_text css=\u00a0\u00bb.vc_custom_1532594946500{margin-bottom: 0px !important;padding-right: 30px !important;padding-bottom: 30px !important;padding-left: 30px !important;}\u00a0\u00bb]Des travaux de remise \u00e0 niveau des infrastructures des quais dans le site industriel et dans le Port-Vieux sont pr\u00e9vus. Parmi les plus visibles, les yachts \u00e0 flot ou \u00e0 terre b\u00e9n\u00e9ficieront d\u2019un raccordement internet s\u00e9curis\u00e9 \u00e0 tr\u00e8s haut d\u00e9bit par fibre optique d\u00e8s la rentr\u00e9e 2018.[\/vc_column_text][\/vc_column][vc_column][vc_column_text]<\/p>\n<p style=\"text-align: center;\"><strong>La Ciotat Shipyards est \u00e0 votre \u00e9coute\u00a0!<\/strong><\/p>\n<p style=\"text-align: center;\">L\u2019am\u00e9lioration du chantier naval de La Ciotat Shipyards est un projet collaboratif.<br \/>\nR\u00e9pondez \u00e0 notre enqu\u00eate de satisfaction en vous connectant \u00e0 l&rsquo;<a href=\"https:\/\/www.laciotat-shipyards.com\/fr\/espace-pro\/\">Espace Equipage \u203a<\/a><\/p>\n<p>[\/vc_column_text][\/vc_column][\/vc_row][vc_row gap=\u00a0\u00bb20&Prime; css=\u00a0\u00bb.vc_custom_1530709830527{padding-top: 80px !important;}\u00a0\u00bb][vc_column width=\u00a0\u00bb1\/3&Prime; css=\u00a0\u00bb.vc_custom_1530709958472{padding-top: 0px !important;padding-right: 0px !important;padding-bottom: 0px !important;padding-left: 0px !important;background-color: #ffffff !important;}\u00a0\u00bb][vc_single_image image=\u00a0\u00bb1436&Prime; img_size=\u00a0\u00bbfull\u00a0\u00bb alignment=\u00a0\u00bbcenter\u00a0\u00bb onclick=\u00a0\u00bbcustom_link\u00a0\u00bb css_animation=\u00a0\u00bbfadeIn\u00a0\u00bb lazy_loading=\u00a0\u00bbtrue\u00a0\u00bb link=\u00a0\u00bbhttps:\/\/www.laciotat-shipyards.com\/fr\/amenagements-en-cours\/\u00a0\u00bb css=\u00a0\u00bb.vc_custom_1605622041503{margin-top: 0px !important;margin-right: 0px !important;margin-bottom: 0px !important;margin-left: 0px !important;}\u00a0\u00bb][vc_custom_heading text=\u00a0\u00bbUne strat\u00e9gie d&rsquo;excellence pour le refit de m\u00e9gayachts\u00a0\u00bb font_container=\u00a0\u00bbtag:h3|font_size:20px|text_align:center|color:%23646771|line_height:23px\u00a0\u00bb use_theme_fonts=\u00a0\u00bbyes\u00a0\u00bb link=\u00a0\u00bburl:https%3A%2F%2Fwww.laciotat-shipyards.com%2Ffr%2Fhorizon-2020%2F|||\u00a0\u00bb css=\u00a0\u00bb.vc_custom_1605622072098{margin-bottom: 10px !important;padding-top: 20px !important;padding-right: 20px !important;padding-bottom: 20px !important;padding-left: 20px !important;}\u00a0\u00bb]<div class=\"ult-just-icon-wrapper   vc_custom_1532594858961\"><div class=\"align-icon\" style=\"text-align:center;\">\n<a class=\"aio-tooltip 6a0203e1204a0\" href=\"https:\/\/www.laciotat-shipyards.com\/fr\/horizon-2020\/\"  data-toggle=\"tooltip\" data-placement=\"\"><div class=\"aio-icon advanced \"  style=\"color:#c69f45;border-style:solid;border-color:#c69f45;border-width:1px;width:35px;height:35px;line-height:35px;border-radius:300px;font-size:25px;display:inline-block;\">\n\t<i class=\"Defaults-angle-right\"><\/i>\n<\/div><\/a><\/div><\/div>[\/vc_column][vc_column width=\u00a0\u00bb1\/3&Prime; css=\u00a0\u00bb.vc_custom_1530709944691{padding-top: 0px !important;padding-right: 0px !important;padding-bottom: 0px !important;padding-left: 0px !important;background-color: #ffffff !important;}\u00a0\u00bb][vc_single_image image=\u00a0\u00bb1432&Prime; img_size=\u00a0\u00bbfull\u00a0\u00bb alignment=\u00a0\u00bbcenter\u00a0\u00bb onclick=\u00a0\u00bbcustom_link\u00a0\u00bb css_animation=\u00a0\u00bbfadeIn\u00a0\u00bb lazy_loading=\u00a0\u00bbtrue\u00a0\u00bb link=\u00a0\u00bbhttps:\/\/www.laciotat-shipyards.com\/fr\/amenagements-en-cours\/plateforme-megayacht\/\u00a0\u00bb css=\u00a0\u00bb.vc_custom_1605621916359{margin-top: 0px !important;margin-right: 0px !important;margin-bottom: 0px !important;margin-left: 0px !important;}\u00a0\u00bb][vc_custom_heading text=\u00a0\u00bbPlateforme Megayacht : Un \u00e9quipement d\u2019envergure desservi par un ascenseur \u00e0 bateau\u00a0\u00bb font_container=\u00a0\u00bbtag:h3|font_size:20px|text_align:center|color:%23646771|line_height:23px\u00a0\u00bb use_theme_fonts=\u00a0\u00bbyes\u00a0\u00bb link=\u00a0\u00bburl:https%3A%2F%2Fwww.laciotat-shipyards.com%2Ffr%2Famenagements-en-cours%2Fplateforme-megayacht%2F\u00a0\u00bb css=\u00a0\u00bb.vc_custom_1605621928831{margin-bottom: 10px !important;padding-top: 20px !important;padding-right: 20px !important;padding-bottom: 20px !important;padding-left: 20px !important;}\u00a0\u00bb]<div class=\"ult-just-icon-wrapper   vc_custom_1605621940782\"><div class=\"align-icon\" style=\"text-align:center;\">\n<a class=\"aio-tooltip 6a0203e1204f6\" href=\"https:\/\/www.laciotat-shipyards.com\/fr\/amenagements-en-cours\/plateforme-megayacht\/\"  data-toggle=\"tooltip\" data-placement=\"\"><div class=\"aio-icon advanced \"  style=\"color:#c69f45;border-style:solid;border-color:#c69f45;border-width:1px;width:35px;height:35px;line-height:35px;border-radius:300px;font-size:25px;display:inline-block;\">\n\t<i class=\"Defaults-angle-right\"><\/i>\n<\/div><\/a><\/div><\/div>[\/vc_column][vc_column width=\u00a0\u00bb1\/3&Prime; css=\u00a0\u00bb.vc_custom_1530709951688{padding-top: 0px !important;padding-right: 0px !important;padding-bottom: 0px !important;padding-left: 0px !important;background-color: #ffffff !important;}\u00a0\u00bb][vc_single_image image=\u00a0\u00bb6216&Prime; img_size=\u00a0\u00bbfull\u00a0\u00bb alignment=\u00a0\u00bbcenter\u00a0\u00bb onclick=\u00a0\u00bbcustom_link\u00a0\u00bb css_animation=\u00a0\u00bbfadeIn\u00a0\u00bb lazy_loading=\u00a0\u00bbtrue\u00a0\u00bb link=\u00a0\u00bbhttps:\/\/www.laciotat-shipyards.com\/fr\/horizon-2020\/lcs-yachting-village\/\u00a0\u00bb css=\u00a0\u00bb.vc_custom_1605621736020{margin-top: 0px !important;margin-right: 0px !important;margin-bottom: 0px !important;margin-left: 0px !important;}\u00a0\u00bb][vc_custom_heading text=\u00a0\u00bbLCS Yachting Village : un concentr\u00e9 de savoir-faire d\u00e9di\u00e9 aux yachts d&rsquo;exception\u00a0\u00bb font_container=\u00a0\u00bbtag:h3|font_size:20px|text_align:center|color:%23646771|line_height:23px\u00a0\u00bb use_theme_fonts=\u00a0\u00bbyes\u00a0\u00bb link=\u00a0\u00bburl:https%3A%2F%2Fwww.laciotat-shipyards.com%2Ffr%2Famenagements-en-cours%2Flcs-yachting-village%2F\u00a0\u00bb css=\u00a0\u00bb.vc_custom_1605621832525{margin-bottom: 10px !important;padding-top: 20px !important;padding-right: 20px !important;padding-bottom: 20px !important;padding-left: 20px !important;}\u00a0\u00bb]<div class=\"ult-just-icon-wrapper   vc_custom_1532589802387\"><div class=\"align-icon\" style=\"text-align:center;\">\n<a class=\"aio-tooltip 6a0203e120535\" href=\"https:\/\/www.laciotat-shipyards.com\/fr\/horizon-2020\/lcs-yachting-village\/\"  data-toggle=\"tooltip\" data-placement=\"\"><div class=\"aio-icon advanced \"  style=\"color:#c69f45;border-style:solid;border-color:#c69f45;border-width:1px;width:35px;height:35px;line-height:35px;border-radius:300px;font-size:25px;display:inline-block;\">\n\t<i class=\"Defaults-angle-right\"><\/i>\n<\/div><\/a><\/div><\/div>[\/vc_column][\/vc_row]<\/p>\n<\/div>","protected":false},"excerpt":{"rendered":"<p>[vc_row gap=\u00a0\u00bb30&Prime; content_placement=\u00a0\u00bbmiddle\u00a0\u00bb][vc_column][vc_custom_heading text=\u00a0\u00bb\u00ab Ici comme chez vous ! \u00bb\u00a0\u00bb font_container=\u00a0\u00bbtag:h2|font_size:35px|text_align:center|line_height:40px\u00a0\u00bb use_theme_fonts=\u00a0\u00bbyes\u00a0\u00bb][vc_separator color=\u00a0\u00bbcustom\u00a0\u00bb border_width=\u00a0\u00bb2&Prime; el_width=\u00a0\u00bb30&Prime; accent_color=\u00a0\u00bb#c69f45&Prime; css=\u00a0\u00bb.vc_custom_1530705794330{margin-top: 40px !important;}\u00a0\u00bb][vc_column_text] Le site de La Ciotat pr\u00e9sente de nombreux avantages, et est d\u2019ailleurs pl\u00e9biscit\u00e9 par les \u00e9quipages qui y viennent. Ce n\u2019est pas une raison pour autant de se reposer sur nos lauriers.\u00a0C\u2019est l\u2019objectif du plan \u00ab\u00a0Welcome&hellip;<\/p>\n","protected":false},"author":1,"featured_media":0,"parent":14,"menu_order":0,"comment_status":"closed","ping_status":"closed","template":"","meta":{"footnotes":""},"class_list":["post-266","page","type-page","status-publish","hentry","description-off"],"yoast_head":"<!-- This site is optimized with the Yoast SEO plugin v27.5 - https:\/\/yoast.com\/product\/yoast-seo-wordpress\/ -->\n<title>Yacht refit : accueil des entreprises sur site - La Ciotat Shipyards<\/title>\n<meta name=\"description\" content=\"Le site La Ciotat Shipyards, sp\u00e9cialis\u00e9 dans le yacht refit, pr\u00e9sente de nombreux avantages, et est d\u2019ailleurs pl\u00e9biscit\u00e9 par les \u00e9quipages qui y viennent.\" \/>\n<meta name=\"robots\" content=\"index, follow, max-snippet:-1, max-image-preview:large, max-video-preview:-1\" \/>\n<link rel=\"canonical\" href=\"https:\/\/www.laciotat-shipyards.com\/fr\/amenagements-en-cours\/accueil-sur-site\/\" \/>\n<meta property=\"og:locale\" content=\"fr_FR\" \/>\n<meta property=\"og:type\" content=\"article\" \/>\n<meta property=\"og:title\" content=\"Yacht refit : accueil des entreprises sur site - La Ciotat Shipyards\" \/>\n<meta property=\"og:description\" content=\"Le site La Ciotat Shipyards, sp\u00e9cialis\u00e9 dans le yacht refit, pr\u00e9sente de nombreux avantages, et est d\u2019ailleurs pl\u00e9biscit\u00e9 par les \u00e9quipages qui y viennent.\" \/>\n<meta property=\"og:url\" content=\"https:\/\/www.laciotat-shipyards.com\/fr\/amenagements-en-cours\/accueil-sur-site\/\" \/>\n<meta property=\"og:site_name\" content=\"La Ciotat Shipyards\" \/>\n<meta property=\"article:modified_time\" content=\"2020-11-17T14:12:04+00:00\" \/>\n<meta name=\"twitter:card\" content=\"summary_large_image\" \/>\n<meta name=\"twitter:label1\" content=\"Dur\u00e9e de lecture estim\u00e9e\" \/>\n\t<meta name=\"twitter:data1\" content=\"8 minutes\" \/>\n<script type=\"application\/ld+json\" class=\"yoast-schema-graph\">{\"@context\":\"https:\\\/\\\/schema.org\",\"@graph\":[{\"@type\":\"WebPage\",\"@id\":\"https:\\\/\\\/www.laciotat-shipyards.com\\\/fr\\\/amenagements-en-cours\\\/accueil-sur-site\\\/\",\"url\":\"https:\\\/\\\/www.laciotat-shipyards.com\\\/fr\\\/amenagements-en-cours\\\/accueil-sur-site\\\/\",\"name\":\"Yacht refit : accueil des entreprises sur site - La Ciotat Shipyards\",\"isPartOf\":{\"@id\":\"https:\\\/\\\/www.laciotat-shipyards.com\\\/fr\\\/#website\"},\"datePublished\":\"2018-04-03T12:17:27+00:00\",\"dateModified\":\"2020-11-17T14:12:04+00:00\",\"description\":\"Le site La Ciotat Shipyards, sp\u00e9cialis\u00e9 dans le yacht refit, pr\u00e9sente de nombreux avantages, et est d\u2019ailleurs pl\u00e9biscit\u00e9 par les \u00e9quipages qui y viennent.\",\"breadcrumb\":{\"@id\":\"https:\\\/\\\/www.laciotat-shipyards.com\\\/fr\\\/amenagements-en-cours\\\/accueil-sur-site\\\/#breadcrumb\"},\"inLanguage\":\"fr-FR\",\"potentialAction\":[{\"@type\":\"ReadAction\",\"target\":[\"https:\\\/\\\/www.laciotat-shipyards.com\\\/fr\\\/amenagements-en-cours\\\/accueil-sur-site\\\/\"]}]},{\"@type\":\"BreadcrumbList\",\"@id\":\"https:\\\/\\\/www.laciotat-shipyards.com\\\/fr\\\/amenagements-en-cours\\\/accueil-sur-site\\\/#breadcrumb\",\"itemListElement\":[{\"@type\":\"ListItem\",\"position\":1,\"name\":\"Accueil\",\"item\":\"https:\\\/\\\/www.laciotat-shipyards.com\\\/fr\\\/\"},{\"@type\":\"ListItem\",\"position\":2,\"name\":\"Am\u00e9nagements en cours\",\"item\":\"https:\\\/\\\/www.laciotat-shipyards.com\\\/fr\\\/amenagements-en-cours\\\/\"},{\"@type\":\"ListItem\",\"position\":3,\"name\":\"Accueil sur site\"}]},{\"@type\":\"WebSite\",\"@id\":\"https:\\\/\\\/www.laciotat-shipyards.com\\\/fr\\\/#website\",\"url\":\"https:\\\/\\\/www.laciotat-shipyards.com\\\/fr\\\/\",\"name\":\"La Ciotat Shipyards\",\"description\":\"Site maritime d\u2019excellence en M\u00e9diterran\u00e9e\",\"potentialAction\":[{\"@type\":\"SearchAction\",\"target\":{\"@type\":\"EntryPoint\",\"urlTemplate\":\"https:\\\/\\\/www.laciotat-shipyards.com\\\/fr\\\/?s={search_term_string}\"},\"query-input\":{\"@type\":\"PropertyValueSpecification\",\"valueRequired\":true,\"valueName\":\"search_term_string\"}}],\"inLanguage\":\"fr-FR\"}]}<\/script>\n<!-- \/ Yoast SEO plugin. -->","yoast_head_json":{"title":"Yacht refit : accueil des entreprises sur site - La Ciotat Shipyards","description":"Le site La Ciotat Shipyards, sp\u00e9cialis\u00e9 dans le yacht refit, pr\u00e9sente de nombreux avantages, et est d\u2019ailleurs pl\u00e9biscit\u00e9 par les \u00e9quipages qui y viennent.","robots":{"index":"index","follow":"follow","max-snippet":"max-snippet:-1","max-image-preview":"max-image-preview:large","max-video-preview":"max-video-preview:-1"},"canonical":"https:\/\/www.laciotat-shipyards.com\/fr\/amenagements-en-cours\/accueil-sur-site\/","og_locale":"fr_FR","og_type":"article","og_title":"Yacht refit : accueil des entreprises sur site - La Ciotat Shipyards","og_description":"Le site La Ciotat Shipyards, sp\u00e9cialis\u00e9 dans le yacht refit, pr\u00e9sente de nombreux avantages, et est d\u2019ailleurs pl\u00e9biscit\u00e9 par les \u00e9quipages qui y viennent.","og_url":"https:\/\/www.laciotat-shipyards.com\/fr\/amenagements-en-cours\/accueil-sur-site\/","og_site_name":"La Ciotat Shipyards","article_modified_time":"2020-11-17T14:12:04+00:00","twitter_card":"summary_large_image","twitter_misc":{"Dur\u00e9e de lecture estim\u00e9e":"8 minutes"},"schema":{"@context":"https:\/\/schema.org","@graph":[{"@type":"WebPage","@id":"https:\/\/www.laciotat-shipyards.com\/fr\/amenagements-en-cours\/accueil-sur-site\/","url":"https:\/\/www.laciotat-shipyards.com\/fr\/amenagements-en-cours\/accueil-sur-site\/","name":"Yacht refit : accueil des entreprises sur site - La Ciotat Shipyards","isPartOf":{"@id":"https:\/\/www.laciotat-shipyards.com\/fr\/#website"},"datePublished":"2018-04-03T12:17:27+00:00","dateModified":"2020-11-17T14:12:04+00:00","description":"Le site La Ciotat Shipyards, sp\u00e9cialis\u00e9 dans le yacht refit, pr\u00e9sente de nombreux avantages, et est d\u2019ailleurs pl\u00e9biscit\u00e9 par les \u00e9quipages qui y viennent.","breadcrumb":{"@id":"https:\/\/www.laciotat-shipyards.com\/fr\/amenagements-en-cours\/accueil-sur-site\/#breadcrumb"},"inLanguage":"fr-FR","potentialAction":[{"@type":"ReadAction","target":["https:\/\/www.laciotat-shipyards.com\/fr\/amenagements-en-cours\/accueil-sur-site\/"]}]},{"@type":"BreadcrumbList","@id":"https:\/\/www.laciotat-shipyards.com\/fr\/amenagements-en-cours\/accueil-sur-site\/#breadcrumb","itemListElement":[{"@type":"ListItem","position":1,"name":"Accueil","item":"https:\/\/www.laciotat-shipyards.com\/fr\/"},{"@type":"ListItem","position":2,"name":"Am\u00e9nagements en cours","item":"https:\/\/www.laciotat-shipyards.com\/fr\/amenagements-en-cours\/"},{"@type":"ListItem","position":3,"name":"Accueil sur site"}]},{"@type":"WebSite","@id":"https:\/\/www.laciotat-shipyards.com\/fr\/#website","url":"https:\/\/www.laciotat-shipyards.com\/fr\/","name":"La Ciotat Shipyards","description":"Site maritime d\u2019excellence en M\u00e9diterran\u00e9e","potentialAction":[{"@type":"SearchAction","target":{"@type":"EntryPoint","urlTemplate":"https:\/\/www.laciotat-shipyards.com\/fr\/?s={search_term_string}"},"query-input":{"@type":"PropertyValueSpecification","valueRequired":true,"valueName":"search_term_string"}}],"inLanguage":"fr-FR"}]}},"_links":{"self":[{"href":"https:\/\/www.laciotat-shipyards.com\/fr\/wp-json\/wp\/v2\/pages\/266","targetHints":{"allow":["GET"]}}],"collection":[{"href":"https:\/\/www.laciotat-shipyards.com\/fr\/wp-json\/wp\/v2\/pages"}],"about":[{"href":"https:\/\/www.laciotat-shipyards.com\/fr\/wp-json\/wp\/v2\/types\/page"}],"author":[{"embeddable":true,"href":"https:\/\/www.laciotat-shipyards.com\/fr\/wp-json\/wp\/v2\/users\/1"}],"replies":[{"embeddable":true,"href":"https:\/\/www.laciotat-shipyards.com\/fr\/wp-json\/wp\/v2\/comments?post=266"}],"version-history":[{"count":4,"href":"https:\/\/www.laciotat-shipyards.com\/fr\/wp-json\/wp\/v2\/pages\/266\/revisions"}],"predecessor-version":[{"id":6219,"href":"https:\/\/www.laciotat-shipyards.com\/fr\/wp-json\/wp\/v2\/pages\/266\/revisions\/6219"}],"up":[{"embeddable":true,"href":"https:\/\/www.laciotat-shipyards.com\/fr\/wp-json\/wp\/v2\/pages\/14"}],"wp:attachment":[{"href":"https:\/\/www.laciotat-shipyards.com\/fr\/wp-json\/wp\/v2\/media?parent=266"}],"curies":[{"name":"wp","href":"https:\/\/api.w.org\/{rel}","templated":true}]}}