{"id":268,"date":"2018-04-03T14:17:59","date_gmt":"2018-04-03T12:17:59","guid":{"rendered":"https:\/\/www.laciotat-shipyards.com\/semideplacyotat\/?page_id=268"},"modified":"2023-03-29T16:42:24","modified_gmt":"2023-03-29T14:42:24","slug":"chantiers-navals","status":"publish","type":"page","link":"https:\/\/www.laciotat-shipyards.com\/fr\/entreprises-du-site\/chantiers-navals\/","title":{"rendered":"Donneurs d&rsquo;ordres \/ Chantiers navals"},"content":{"rendered":"<div class=\"wpb-content-wrapper\"><p>[vc_row][vc_column][vc_column_text]<\/p>\n<p style=\"text-align: center;\">Le site naval de La Ciotat pr\u00e9sente la particularit\u00e9 presque unique au monde d\u2019accueillir plusieurs donneurs d\u2019ordres de premier plan qui partagent les infrastructures g\u00e9r\u00e9es par LCS. Ces op\u00e9rateurs sont \u00e0 la fois concurrents et compl\u00e9mentaires, et contribuent, chacun pour ce qui le concerne, \u00e0 l\u2019accueil de diff\u00e9rentes tailles de yachts, depuis le voilier \u00ab classique \u00bb de bois de 15m jusqu\u2019au M\u00e9ga-yacht de 180m. L\u2019entreprise iXblue pr\u00e9sente la particularit\u00e9 de poursuivre la construction de navires, avec une sp\u00e9cialit\u00e9 pour les navires tr\u00e8s techniques et les drones marins.<\/p>\n<p style=\"text-align: center;\">La Ciotat Shipyards est garante d\u2019un acc\u00e8s non discriminatoire de ces diff\u00e9rents op\u00e9rateurs \u00e0 ses installations, et travaille \u00e0 leurs c\u00f4t\u00e9s pour am\u00e9liorer l\u2019environnement g\u00e9n\u00e9ral de travail.<\/p>\n<p style=\"text-align: center;\">Le site reste par ailleurs ouvert \u00e0 de nouveaux op\u00e9rateurs, qui souhaiteraient utiliser les places publiques g\u00e9r\u00e9es par LCS sur les terrepleins.<\/p>\n<p style=\"text-align: center;\">Pour plus d\u2019information : contactez le 04 42 83 80 25.<\/p>\n<p>[\/vc_column_text][vc_custom_heading text=\u00a0\u00bbLes donneurs d&rsquo;ordres pr\u00e9sents sur le site\u00a0\u00bb font_container=\u00a0\u00bbtag:h2|text_align:center\u00a0\u00bb use_theme_fonts=\u00a0\u00bbyes\u00a0\u00bb][\/vc_column][\/vc_row][vc_row gap=\u00a0\u00bb30&Prime; equal_height=\u00a0\u00bbyes\u00a0\u00bb content_placement=\u00a0\u00bbmiddle\u00a0\u00bb][vc_column width=\u00a0\u00bb1\/2&Prime; offset=\u00a0\u00bbvc_col-lg-4 vc_col-md-4 vc_col-xs-12&Prime; css=\u00a0\u00bb.vc_custom_1635414866335{background-color: #ffffff !important;}\u00a0\u00bb]<div class=\"ult-team-member-wrap ult-style-1  \"><a href=\"https:\/\/mb92.com\/laciotat\" target=\"_blank\" rel=\"noopener\" ><div class=\"ult-team-member-image\" style=\"\"> <img decoding=\"async\" class=\"ult-team-grayscale\" src=\"https:\/\/www.laciotat-shipyards.com\/semideplacyotat\/wp-content\/uploads\/2018\/11\/mb92laciotat.jpg\" alt=\"null\"  style=\"\"><span class=\"ult-team-member-image-overlay \"  ><\/span><\/div><\/a><div class=\"ult-team-member-bio-wrap style-1 ultimate-heading69fbc8d3f1b9c\" style=\"text-align:center;; \"><div class=\"ult-team-member-name-wrap\"><a href=\"https:\/\/mb92.com\/laciotat\" target=\"_blank\" rel=\"noopener\"  style=\"text-decoration: none;\"><h2 class=\"ult-team-member-name ult-responsive\"  data-ultimate-target='.ult-team-member-bio-wrap.ultimate-heading69fbc8d3f1b9c .ult-team-member-name'  data-responsive-json-new='{\"font-size\":\"\",\"line-height\":\"\"}'  style=\"\"><\/h2><\/a><div style=\"margin-bottom:15px\"><\/div><\/div><\/div><\/div>[\/vc_column][vc_column width=\u00a0\u00bb1\/2&Prime; offset=\u00a0\u00bbvc_col-lg-4 vc_col-md-4 vc_col-xs-12&Prime; css=\u00a0\u00bb.vc_custom_1635414976536{background-color: #ffffff !important;}\u00a0\u00bb]<div class=\"ult-team-member-wrap ult-style-1  \"><a href=\"https:\/\/monacomarine.com\/fr\/\" target=\"_blank\" rel=\"noopener\" ><div class=\"ult-team-member-image\" style=\"\"> <img decoding=\"async\" class=\"ult-team-grayscale\" src=\"https:\/\/www.laciotat-shipyards.com\/semideplacyotat\/wp-content\/uploads\/2018\/06\/monacomarine.jpg\" alt=\"null\"  style=\"\"><span class=\"ult-team-member-image-overlay \"  ><\/span><\/div><\/a><div class=\"ult-team-member-bio-wrap style-1 ultimate-heading69fbc8d3f1d06\" style=\"text-align:center;; \"><div class=\"ult-team-member-name-wrap\"><a href=\"https:\/\/monacomarine.com\/fr\/\" target=\"_blank\" rel=\"noopener\"  style=\"text-decoration: none;\"><h2 class=\"ult-team-member-name ult-responsive\"  data-ultimate-target='.ult-team-member-bio-wrap.ultimate-heading69fbc8d3f1d06 .ult-team-member-name'  data-responsive-json-new='{\"font-size\":\"\",\"line-height\":\"\"}'  style=\"\"><\/h2><\/a><div style=\"margin-bottom:15px\"><\/div><\/div><\/div><\/div>[\/vc_column][vc_column width=\u00a0\u00bb1\/2&Prime; offset=\u00a0\u00bbvc_col-lg-4 vc_col-md-4 vc_col-xs-12&Prime; css=\u00a0\u00bb.vc_custom_1635414984057{background-color: #ffffff !important;}\u00a0\u00bb]<div class=\"ult-team-member-wrap ult-style-1  \"><a href=\"http:\/\/www.nautech-group.com\/\" target=\"_blank\" rel=\"noopener\" ><div class=\"ult-team-member-image\" style=\"\"> <img decoding=\"async\" class=\"ult-team-grayscale\" src=\"https:\/\/www.laciotat-shipyards.com\/semideplacyotat\/wp-content\/uploads\/2018\/06\/nautech.jpg\" alt=\"null\"  style=\"\"><span class=\"ult-team-member-image-overlay \"  ><\/span><\/div><\/a><div class=\"ult-team-member-bio-wrap style-1 ultimate-heading69fbc8d3f2011\" style=\"text-align:center;; \"><div class=\"ult-team-member-name-wrap\"><a href=\"http:\/\/www.nautech-group.com\/\" target=\"_blank\" rel=\"noopener\"  style=\"text-decoration: none;\"><h2 class=\"ult-team-member-name ult-responsive\"  data-ultimate-target='.ult-team-member-bio-wrap.ultimate-heading69fbc8d3f2011 .ult-team-member-name'  data-responsive-json-new='{\"font-size\":\"\",\"line-height\":\"\"}'  style=\"\"><\/h2><\/a><div style=\"margin-bottom:15px\"><\/div><\/div><\/div><\/div>[\/vc_column][vc_column width=\u00a0\u00bb1\/2&Prime; offset=\u00a0\u00bbvc_col-lg-offset-2 vc_col-lg-4 vc_col-md-offset-2 vc_col-md-4 vc_col-sm-offset-0 vc_col-xs-12&Prime; css=\u00a0\u00bb.vc_custom_1635415040130{background-color: #ffffff !important;}\u00a0\u00bb]<div class=\"ult-team-member-wrap ult-style-1  \"><a href=\"http:\/\/classicworks.fr\/\" target=\"_blank\" rel=\"noopener\" ><div class=\"ult-team-member-image\" style=\"\"> <img decoding=\"async\" class=\"ult-team-grayscale\" src=\"https:\/\/www.laciotat-shipyards.com\/semideplacyotat\/wp-content\/uploads\/2018\/06\/classicworks.jpg\" alt=\"null\"  style=\"\"><span class=\"ult-team-member-image-overlay \"  ><\/span><\/div><\/a><div class=\"ult-team-member-bio-wrap style-1 ultimate-heading69fbc8d3f2392\" style=\"text-align:center;; \"><div class=\"ult-team-member-name-wrap\"><a href=\"http:\/\/classicworks.fr\/\" target=\"_blank\" rel=\"noopener\"  style=\"text-decoration: none;\"><h2 class=\"ult-team-member-name ult-responsive\"  data-ultimate-target='.ult-team-member-bio-wrap.ultimate-heading69fbc8d3f2392 .ult-team-member-name'  data-responsive-json-new='{\"font-size\":\"\",\"line-height\":\"\"}'  style=\"\"><\/h2><\/a><div style=\"margin-bottom:15px\"><\/div><\/div><\/div><\/div>[\/vc_column][vc_column width=\u00a0\u00bb1\/2&Prime; css=\u00a0\u00bb.vc_custom_1635415418638{background-color: #ffffff !important;}\u00a0\u00bb offset=\u00a0\u00bbvc_col-lg-4 vc_col-md-4 vc_col-xs-12&Prime;]<div class=\"ult-team-member-wrap ult-style-1  \"><a href=\"https:\/\/www.exail.com\/\" target=\"_blank\" rel=\"noopener\" ><div class=\"ult-team-member-image\" style=\"\"> <img decoding=\"async\" class=\"ult-team-grayscale\" src=\"https:\/\/www.laciotat-shipyards.com\/semideplacyotat\/wp-content\/uploads\/2023\/03\/exail.jpg\" alt=\"null\"  style=\"\"><span class=\"ult-team-member-image-overlay \"  ><\/span><\/div><\/a><div class=\"ult-team-member-bio-wrap style-1 ultimate-heading69fbc8d3f2729\" style=\"text-align:center;; \"><div class=\"ult-team-member-name-wrap\"><a href=\"https:\/\/www.exail.com\/\" target=\"_blank\" rel=\"noopener\"  style=\"text-decoration: none;\"><h2 class=\"ult-team-member-name ult-responsive\"  data-ultimate-target='.ult-team-member-bio-wrap.ultimate-heading69fbc8d3f2729 .ult-team-member-name'  data-responsive-json-new='{\"font-size\":\"\",\"line-height\":\"\"}'  style=\"\"><\/h2><\/a><div style=\"margin-bottom:15px\"><\/div><\/div><\/div><\/div>[\/vc_column][\/vc_row][vc_row][vc_column][vc_empty_space height=\u00a0\u00bb55px\u00a0\u00bb][\/vc_column][\/vc_row]<\/p>\n<\/div>","protected":false},"excerpt":{"rendered":"<p>[vc_row][vc_column][vc_column_text] Le site naval de La Ciotat pr\u00e9sente la particularit\u00e9 presque unique au monde d\u2019accueillir plusieurs donneurs d\u2019ordres de premier plan qui partagent les infrastructures g\u00e9r\u00e9es par LCS. Ces op\u00e9rateurs sont \u00e0 la fois concurrents et compl\u00e9mentaires, et contribuent, chacun pour ce qui le concerne, \u00e0 l\u2019accueil de diff\u00e9rentes tailles de yachts, depuis le voilier&hellip;<\/p>\n","protected":false},"author":1,"featured_media":0,"parent":16,"menu_order":0,"comment_status":"closed","ping_status":"closed","template":"","meta":{"footnotes":""},"class_list":["post-268","page","type-page","status-publish","hentry","description-off"],"yoast_head":"<!-- This site is optimized with the Yoast SEO plugin v27.5 - https:\/\/yoast.com\/product\/yoast-seo-wordpress\/ -->\n<title>Chantiers Navals d&#039;excellence - La Ciotat Shipyards<\/title>\n<meta name=\"description\" content=\"Les Chantiers Navals de La Ciotat Shipyards sont une pluralit\u00e9 d\u2019op\u00e9rateurs d&#039;excellence capables de prendre en charge des yachts comme des M\u00e9ga-Yachts\" \/>\n<meta name=\"robots\" content=\"index, follow, max-snippet:-1, max-image-preview:large, max-video-preview:-1\" \/>\n<link rel=\"canonical\" href=\"https:\/\/www.laciotat-shipyards.com\/fr\/entreprises-du-site\/chantiers-navals\/\" \/>\n<meta property=\"og:locale\" content=\"fr_FR\" \/>\n<meta property=\"og:type\" content=\"article\" \/>\n<meta property=\"og:title\" content=\"Chantiers Navals d&#039;excellence - La Ciotat Shipyards\" \/>\n<meta property=\"og:description\" content=\"Les Chantiers Navals de La Ciotat Shipyards sont une pluralit\u00e9 d\u2019op\u00e9rateurs d&#039;excellence capables de prendre en charge des yachts comme des M\u00e9ga-Yachts\" \/>\n<meta property=\"og:url\" content=\"https:\/\/www.laciotat-shipyards.com\/fr\/entreprises-du-site\/chantiers-navals\/\" \/>\n<meta property=\"og:site_name\" content=\"La Ciotat Shipyards\" \/>\n<meta property=\"article:modified_time\" content=\"2023-03-29T14:42:24+00:00\" \/>\n<meta name=\"twitter:card\" content=\"summary_large_image\" \/>\n<meta name=\"twitter:label1\" content=\"Dur\u00e9e de lecture estim\u00e9e\" \/>\n\t<meta name=\"twitter:data1\" content=\"2 minutes\" \/>\n<script type=\"application\/ld+json\" class=\"yoast-schema-graph\">{\"@context\":\"https:\\\/\\\/schema.org\",\"@graph\":[{\"@type\":\"WebPage\",\"@id\":\"https:\\\/\\\/www.laciotat-shipyards.com\\\/fr\\\/entreprises-du-site\\\/chantiers-navals\\\/\",\"url\":\"https:\\\/\\\/www.laciotat-shipyards.com\\\/fr\\\/entreprises-du-site\\\/chantiers-navals\\\/\",\"name\":\"Chantiers Navals d'excellence - La Ciotat Shipyards\",\"isPartOf\":{\"@id\":\"https:\\\/\\\/www.laciotat-shipyards.com\\\/fr\\\/#website\"},\"datePublished\":\"2018-04-03T12:17:59+00:00\",\"dateModified\":\"2023-03-29T14:42:24+00:00\",\"description\":\"Les Chantiers Navals de La Ciotat Shipyards sont une pluralit\u00e9 d\u2019op\u00e9rateurs d'excellence capables de prendre en charge des yachts comme des M\u00e9ga-Yachts\",\"breadcrumb\":{\"@id\":\"https:\\\/\\\/www.laciotat-shipyards.com\\\/fr\\\/entreprises-du-site\\\/chantiers-navals\\\/#breadcrumb\"},\"inLanguage\":\"fr-FR\",\"potentialAction\":[{\"@type\":\"ReadAction\",\"target\":[\"https:\\\/\\\/www.laciotat-shipyards.com\\\/fr\\\/entreprises-du-site\\\/chantiers-navals\\\/\"]}]},{\"@type\":\"BreadcrumbList\",\"@id\":\"https:\\\/\\\/www.laciotat-shipyards.com\\\/fr\\\/entreprises-du-site\\\/chantiers-navals\\\/#breadcrumb\",\"itemListElement\":[{\"@type\":\"ListItem\",\"position\":1,\"name\":\"Accueil\",\"item\":\"https:\\\/\\\/www.laciotat-shipyards.com\\\/fr\\\/\"},{\"@type\":\"ListItem\",\"position\":2,\"name\":\"Entreprises du Site\",\"item\":\"https:\\\/\\\/www.laciotat-shipyards.com\\\/fr\\\/entreprises-du-site\\\/\"},{\"@type\":\"ListItem\",\"position\":3,\"name\":\"Donneurs d&rsquo;ordres \\\/ Chantiers navals\"}]},{\"@type\":\"WebSite\",\"@id\":\"https:\\\/\\\/www.laciotat-shipyards.com\\\/fr\\\/#website\",\"url\":\"https:\\\/\\\/www.laciotat-shipyards.com\\\/fr\\\/\",\"name\":\"La Ciotat Shipyards\",\"description\":\"Site maritime d\u2019excellence en M\u00e9diterran\u00e9e\",\"potentialAction\":[{\"@type\":\"SearchAction\",\"target\":{\"@type\":\"EntryPoint\",\"urlTemplate\":\"https:\\\/\\\/www.laciotat-shipyards.com\\\/fr\\\/?s={search_term_string}\"},\"query-input\":{\"@type\":\"PropertyValueSpecification\",\"valueRequired\":true,\"valueName\":\"search_term_string\"}}],\"inLanguage\":\"fr-FR\"}]}<\/script>\n<!-- \/ Yoast SEO plugin. -->","yoast_head_json":{"title":"Chantiers Navals d'excellence - La Ciotat Shipyards","description":"Les Chantiers Navals de La Ciotat Shipyards sont une pluralit\u00e9 d\u2019op\u00e9rateurs d'excellence capables de prendre en charge des yachts comme des M\u00e9ga-Yachts","robots":{"index":"index","follow":"follow","max-snippet":"max-snippet:-1","max-image-preview":"max-image-preview:large","max-video-preview":"max-video-preview:-1"},"canonical":"https:\/\/www.laciotat-shipyards.com\/fr\/entreprises-du-site\/chantiers-navals\/","og_locale":"fr_FR","og_type":"article","og_title":"Chantiers Navals d'excellence - La Ciotat Shipyards","og_description":"Les Chantiers Navals de La Ciotat Shipyards sont une pluralit\u00e9 d\u2019op\u00e9rateurs d'excellence capables de prendre en charge des yachts comme des M\u00e9ga-Yachts","og_url":"https:\/\/www.laciotat-shipyards.com\/fr\/entreprises-du-site\/chantiers-navals\/","og_site_name":"La Ciotat Shipyards","article_modified_time":"2023-03-29T14:42:24+00:00","twitter_card":"summary_large_image","twitter_misc":{"Dur\u00e9e de lecture estim\u00e9e":"2 minutes"},"schema":{"@context":"https:\/\/schema.org","@graph":[{"@type":"WebPage","@id":"https:\/\/www.laciotat-shipyards.com\/fr\/entreprises-du-site\/chantiers-navals\/","url":"https:\/\/www.laciotat-shipyards.com\/fr\/entreprises-du-site\/chantiers-navals\/","name":"Chantiers Navals d'excellence - La Ciotat Shipyards","isPartOf":{"@id":"https:\/\/www.laciotat-shipyards.com\/fr\/#website"},"datePublished":"2018-04-03T12:17:59+00:00","dateModified":"2023-03-29T14:42:24+00:00","description":"Les Chantiers Navals de La Ciotat Shipyards sont une pluralit\u00e9 d\u2019op\u00e9rateurs d'excellence capables de prendre en charge des yachts comme des M\u00e9ga-Yachts","breadcrumb":{"@id":"https:\/\/www.laciotat-shipyards.com\/fr\/entreprises-du-site\/chantiers-navals\/#breadcrumb"},"inLanguage":"fr-FR","potentialAction":[{"@type":"ReadAction","target":["https:\/\/www.laciotat-shipyards.com\/fr\/entreprises-du-site\/chantiers-navals\/"]}]},{"@type":"BreadcrumbList","@id":"https:\/\/www.laciotat-shipyards.com\/fr\/entreprises-du-site\/chantiers-navals\/#breadcrumb","itemListElement":[{"@type":"ListItem","position":1,"name":"Accueil","item":"https:\/\/www.laciotat-shipyards.com\/fr\/"},{"@type":"ListItem","position":2,"name":"Entreprises du Site","item":"https:\/\/www.laciotat-shipyards.com\/fr\/entreprises-du-site\/"},{"@type":"ListItem","position":3,"name":"Donneurs d&rsquo;ordres \/ Chantiers navals"}]},{"@type":"WebSite","@id":"https:\/\/www.laciotat-shipyards.com\/fr\/#website","url":"https:\/\/www.laciotat-shipyards.com\/fr\/","name":"La Ciotat Shipyards","description":"Site maritime d\u2019excellence en M\u00e9diterran\u00e9e","potentialAction":[{"@type":"SearchAction","target":{"@type":"EntryPoint","urlTemplate":"https:\/\/www.laciotat-shipyards.com\/fr\/?s={search_term_string}"},"query-input":{"@type":"PropertyValueSpecification","valueRequired":true,"valueName":"search_term_string"}}],"inLanguage":"fr-FR"}]}},"_links":{"self":[{"href":"https:\/\/www.laciotat-shipyards.com\/fr\/wp-json\/wp\/v2\/pages\/268","targetHints":{"allow":["GET"]}}],"collection":[{"href":"https:\/\/www.laciotat-shipyards.com\/fr\/wp-json\/wp\/v2\/pages"}],"about":[{"href":"https:\/\/www.laciotat-shipyards.com\/fr\/wp-json\/wp\/v2\/types\/page"}],"author":[{"embeddable":true,"href":"https:\/\/www.laciotat-shipyards.com\/fr\/wp-json\/wp\/v2\/users\/1"}],"replies":[{"embeddable":true,"href":"https:\/\/www.laciotat-shipyards.com\/fr\/wp-json\/wp\/v2\/comments?post=268"}],"version-history":[{"count":13,"href":"https:\/\/www.laciotat-shipyards.com\/fr\/wp-json\/wp\/v2\/pages\/268\/revisions"}],"predecessor-version":[{"id":10998,"href":"https:\/\/www.laciotat-shipyards.com\/fr\/wp-json\/wp\/v2\/pages\/268\/revisions\/10998"}],"up":[{"embeddable":true,"href":"https:\/\/www.laciotat-shipyards.com\/fr\/wp-json\/wp\/v2\/pages\/16"}],"wp:attachment":[{"href":"https:\/\/www.laciotat-shipyards.com\/fr\/wp-json\/wp\/v2\/media?parent=268"}],"curies":[{"name":"wp","href":"https:\/\/api.w.org\/{rel}","templated":true}]}}