{"id":270,"date":"2019-02-05T14:22:23","date_gmt":"2019-02-05T13:22:23","guid":{"rendered":"https:\/\/www.laciotat-shipyards.com\/semideplacyotat\/?page_id=270"},"modified":"2023-03-14T14:58:03","modified_gmt":"2023-03-14T13:58:03","slug":"appels-a-projets","status":"publish","type":"page","link":"https:\/\/www.laciotat-shipyards.com\/fr\/entreprises-du-site\/appels-a-projets\/","title":{"rendered":"S&rsquo;implanter \u00e0 La Ciotat"},"content":{"rendered":"<div class=\"wpb-content-wrapper\"><p>[vc_row][vc_column][vc_column_text]<\/p>\n<p style=\"text-align: center;\"><em>Tous les emplacements du chantier naval de La Ciotat Shipyards font l\u2019objet d\u2019une mise en concurrence.<span class=\"Apple-converted-space\">\u00a0<\/span><\/em><\/p>\n<p>[\/vc_column_text][\/vc_column][\/vc_row][vc_row equal_height=\u00a0\u00bbyes\u00a0\u00bb content_placement=\u00a0\u00bbmiddle\u00a0\u00bb css=\u00a0\u00bb.vc_custom_1548940524327{margin-bottom: 40px !important;background-color: #ffffff !important;}\u00a0\u00bb][vc_column width=\u00a0\u00bb2\/3&Prime; css=\u00a0\u00bb.vc_custom_1531211162112{padding-top: 30px !important;padding-right: 30px !important;padding-bottom: 30px !important;padding-left: 30px !important;}\u00a0\u00bb][vc_row_inner equal_height=\u00a0\u00bbyes\u00a0\u00bb content_placement=\u00a0\u00bbmiddle\u00a0\u00bb css=\u00a0\u00bb.vc_custom_1531210998096{margin-top: 0px !important;}\u00a0\u00bb][vc_column_inner width=\u00a0\u00bb1\/12&Prime;]<div class=\"ult-just-icon-wrapper  \"><div class=\"align-icon\" style=\"text-align:center;\">\n<div class=\"aio-icon none \"  style=\"color:#c69f45;font-size:32px;display:inline-block;\">\n\t<i class=\"Defaults-check-square-o\"><\/i>\n<\/div><\/div><\/div>[\/vc_column_inner][vc_column_inner width=\u00a0\u00bb11\/12&Prime;][vc_custom_heading text=\u00a0\u00bbAOT La Ciotat Shipyards\u00a0\u00bb google_fonts=\u00a0\u00bbfont_family:Raleway%3A100%2C200%2C300%2Cregular%2C500%2C600%2C700%2C800%2C900|font_style:200%20light%20regular%3A200%3Anormal\u00a0\u00bb][\/vc_column_inner][vc_column_inner][vc_column_text css=\u00a0\u00bb.vc_custom_1678802279675{margin-bottom: 0px !important;}\u00a0\u00bb]Les publications des AOT (Autorisation d\u2019Occupation temporaire) sont publi\u00e9es sur le site\u00a0:<br \/>\naot-laciotat-shipyards.com<\/p>\n<p>Nous vous invitons \u00e0 surveiller ces publications r\u00e9guli\u00e8rement et \u00e0 vous positionner si vous le souhaitez.[\/vc_column_text][\/vc_column_inner][\/vc_row_inner][\/vc_column][vc_column width=\u00a0\u00bb1\/3&Prime; css=\u00a0\u00bb.vc_custom_1531211245076{padding-top: 30px !important;padding-right: 30px !important;padding-bottom: 30px !important;padding-left: 30px !important;}\u00a0\u00bb]<div class=\" vc_custom_1603295242037 ubtn-ctn-center \"><a class=\"ubtn-link ult-adjust-bottom-margin ubtn-center ubtn-large \" href=\"https:\/\/aot-laciotat-shipyards.com\/\" target=\"_blank\" rel=\"noopener\" ><button type=\"button\" id=\"ubtn-1468\"  class=\"ubtn ult-adjust-bottom-margin ult-responsive ubtn-large ubtn-left-bg  none  ubtn-sep-icon ubtn-sep-icon-right  ubtn-center   tooltip-69f754bf9ba77\"  data-hover=\"#ffffff\" data-border-color=\"\" data-bg=\"#c69f45\" data-hover-bg=\"#646771\" data-border-hover=\"\" data-shadow-hover=\"\" data-shadow-click=\"none\" data-shadow=\"\" data-shd-shadow=\"\"  data-ultimate-target='#ubtn-1468'  data-responsive-json-new='{\"font-size\":\"desktop:15px;\",\"line-height\":\"desktop:18px;\"}'  style=\"font-family:&#039;Raleway&#039;;font-weight:500;border:none;background: #c69f45;color: #ffffff;\"><span class=\"ubtn-data ubtn-icon\"><i class=\"Defaults-chevron-right\" style=\"font-size:15px;color:#ffffff;\"><\/i><\/span><span class=\"ubtn-hover\" style=\"background-color:#646771\"><\/span><span class=\"ubtn-data ubtn-text \" >Visiter le site AOT<\/span><\/button><\/a><\/div>[\/vc_column][\/vc_row][vc_row equal_height=\u00a0\u00bbyes\u00a0\u00bb content_placement=\u00a0\u00bbmiddle\u00a0\u00bb disable_element=\u00a0\u00bbyes\u00a0\u00bb css=\u00a0\u00bb.vc_custom_1552059260933{background-color: #ffffff !important;}\u00a0\u00bb][vc_column width=\u00a0\u00bb2\/3&Prime; css=\u00a0\u00bb.vc_custom_1531211162112{padding-top: 30px !important;padding-right: 30px !important;padding-bottom: 30px !important;padding-left: 30px !important;}\u00a0\u00bb][vc_row_inner equal_height=\u00a0\u00bbyes\u00a0\u00bb content_placement=\u00a0\u00bbmiddle\u00a0\u00bb css=\u00a0\u00bb.vc_custom_1531210998096{margin-top: 0px !important;}\u00a0\u00bb][vc_column_inner width=\u00a0\u00bb1\/12&Prime;]<div class=\"ult-just-icon-wrapper  \"><div class=\"align-icon\" style=\"text-align:center;\">\n<div class=\"aio-icon none \"  style=\"color:#c69f45;font-size:32px;display:inline-block;\">\n\t<i class=\"Defaults-bullhorn\"><\/i>\n<\/div><\/div><\/div>[\/vc_column_inner][vc_column_inner width=\u00a0\u00bb11\/12&Prime;][vc_custom_heading text=\u00a0\u00bbAvis d\u2019appel \u00e0 projets en cours\u00a0\u00bb google_fonts=\u00a0\u00bbfont_family:Raleway%3A100%2C200%2C300%2Cregular%2C500%2C600%2C700%2C800%2C900|font_style:200%20light%20regular%3A200%3Anormal\u00a0\u00bb][\/vc_column_inner][vc_column_inner][vc_column_text css=\u00a0\u00bb.vc_custom_1548940430292{margin-bottom: 0px !important;}\u00a0\u00bb]La Ciotat Shipyards organise de mani\u00e8re p\u00e9riodique des avis d\u2019appel \u00e0 projets pour la mise \u00e0 disposition de biens domaniaux.[\/vc_column_text][\/vc_column_inner][\/vc_row_inner][\/vc_column][vc_column width=\u00a0\u00bb1\/3&Prime; css=\u00a0\u00bb.vc_custom_1531211245076{padding-top: 30px !important;padding-right: 30px !important;padding-bottom: 30px !important;padding-left: 30px !important;}\u00a0\u00bb]<div class=\" vc_custom_1548940497390 ubtn-ctn-center \"><a class=\"ubtn-link ult-adjust-bottom-margin ubtn-center ubtn-large \" href=\"https:\/\/www.laciotat-shipyards.com\/semideplacyotat\/wp-content\/uploads\/2019\/01\/AAPC-grandeforme2019.pdf\" target=\"_blank\" rel=\"noopener\" ><button type=\"button\" id=\"ubtn-4734\"  class=\"ubtn ult-adjust-bottom-margin ult-responsive ubtn-large ubtn-left-bg  none  ubtn-sep-icon ubtn-sep-icon-right  ubtn-center   tooltip-69f754bf9bb57\"  data-hover=\"#ffffff\" data-border-color=\"\" data-bg=\"#c69f45\" data-hover-bg=\"#646771\" data-border-hover=\"\" data-shadow-hover=\"\" data-shadow-click=\"none\" data-shadow=\"\" data-shd-shadow=\"\"  data-ultimate-target='#ubtn-4734'  data-responsive-json-new='{\"font-size\":\"desktop:15px;\",\"line-height\":\"desktop:18px;\"}'  style=\"font-family:&#039;Raleway&#039;;font-weight:500;border:none;background: #c69f45;color: #ffffff;\"><span class=\"ubtn-data ubtn-icon\"><i class=\"Defaults-chevron-right\" style=\"font-size:15px;color:#ffffff;\"><\/i><\/span><span class=\"ubtn-hover\" style=\"background-color:#646771\"><\/span><span class=\"ubtn-data ubtn-text \" >T\u00e9l\u00e9charger l\u2019AAP en cours<\/span><\/button><\/a><\/div>[\/vc_column][\/vc_row]<\/p>\n<\/div>","protected":false},"excerpt":{"rendered":"<p>[vc_row][vc_column][vc_column_text] Tous les emplacements du chantier naval de La Ciotat Shipyards font l\u2019objet d\u2019une mise en concurrence.\u00a0 [\/vc_column_text][\/vc_column][\/vc_row][vc_row equal_height=\u00a0\u00bbyes\u00a0\u00bb content_placement=\u00a0\u00bbmiddle\u00a0\u00bb css=\u00a0\u00bb.vc_custom_1548940524327{margin-bottom: 40px !important;background-color: #ffffff !important;}\u00a0\u00bb][vc_column width=\u00a0\u00bb2\/3&Prime; css=\u00a0\u00bb.vc_custom_1531211162112{padding-top: 30px !important;padding-right: 30px !important;padding-bottom: 30px !important;padding-left: 30px !important;}\u00a0\u00bb][vc_row_inner equal_height=\u00a0\u00bbyes\u00a0\u00bb content_placement=\u00a0\u00bbmiddle\u00a0\u00bb css=\u00a0\u00bb.vc_custom_1531210998096{margin-top: 0px !important;}\u00a0\u00bb][vc_column_inner width=\u00a0\u00bb1\/12&Prime;][\/vc_column_inner][vc_column_inner width=\u00a0\u00bb11\/12&Prime;][vc_custom_heading text=\u00a0\u00bbAOT La Ciotat Shipyards\u00a0\u00bb google_fonts=\u00a0\u00bbfont_family:Raleway%3A100%2C200%2C300%2Cregular%2C500%2C600%2C700%2C800%2C900|font_style:200%20light%20regular%3A200%3Anormal\u00a0\u00bb][\/vc_column_inner][vc_column_inner][vc_column_text css=\u00a0\u00bb.vc_custom_1678802279675{margin-bottom: 0px !important;}\u00a0\u00bb]Les publications des AOT (Autorisation d\u2019Occupation&hellip;<\/p>\n","protected":false},"author":1,"featured_media":0,"parent":16,"menu_order":0,"comment_status":"closed","ping_status":"closed","template":"","meta":{"footnotes":""},"class_list":["post-270","page","type-page","status-publish","hentry","description-off"],"yoast_head":"<!-- This site is optimized with the Yoast SEO plugin v27.5 - https:\/\/yoast.com\/product\/yoast-seo-wordpress\/ -->\n<title>S&#039;implanter \u00e0 La Ciotat - La Ciotat Shipyards<\/title>\n<meta name=\"description\" content=\"Vous souhaitez rejoindre le chantier naval de La Ciotat et int\u00e9grer un \u00e9cosyst\u00e8me d&#039;entreprises sp\u00e9cialis\u00e9es dans le refit de yants?\" \/>\n<meta name=\"robots\" content=\"index, follow, max-snippet:-1, max-image-preview:large, max-video-preview:-1\" \/>\n<link rel=\"canonical\" href=\"https:\/\/www.laciotat-shipyards.com\/fr\/entreprises-du-site\/appels-a-projets\/\" \/>\n<meta property=\"og:locale\" content=\"fr_FR\" \/>\n<meta property=\"og:type\" content=\"article\" \/>\n<meta property=\"og:title\" content=\"S&#039;implanter \u00e0 La Ciotat - La Ciotat Shipyards\" \/>\n<meta property=\"og:description\" content=\"Vous souhaitez rejoindre le chantier naval de La Ciotat et int\u00e9grer un \u00e9cosyst\u00e8me d&#039;entreprises sp\u00e9cialis\u00e9es dans le refit de yants?\" \/>\n<meta property=\"og:url\" content=\"https:\/\/www.laciotat-shipyards.com\/fr\/entreprises-du-site\/appels-a-projets\/\" \/>\n<meta property=\"og:site_name\" content=\"La Ciotat Shipyards\" \/>\n<meta property=\"article:modified_time\" content=\"2023-03-14T13:58:03+00:00\" \/>\n<meta name=\"twitter:card\" content=\"summary_large_image\" \/>\n<meta name=\"twitter:label1\" content=\"Dur\u00e9e de lecture estim\u00e9e\" \/>\n\t<meta name=\"twitter:data1\" content=\"2 minutes\" \/>\n<script type=\"application\/ld+json\" class=\"yoast-schema-graph\">{\"@context\":\"https:\\\/\\\/schema.org\",\"@graph\":[{\"@type\":\"WebPage\",\"@id\":\"https:\\\/\\\/www.laciotat-shipyards.com\\\/fr\\\/entreprises-du-site\\\/appels-a-projets\\\/\",\"url\":\"https:\\\/\\\/www.laciotat-shipyards.com\\\/fr\\\/entreprises-du-site\\\/appels-a-projets\\\/\",\"name\":\"S'implanter \u00e0 La Ciotat - La Ciotat Shipyards\",\"isPartOf\":{\"@id\":\"https:\\\/\\\/www.laciotat-shipyards.com\\\/fr\\\/#website\"},\"datePublished\":\"2019-02-05T13:22:23+00:00\",\"dateModified\":\"2023-03-14T13:58:03+00:00\",\"description\":\"Vous souhaitez rejoindre le chantier naval de La Ciotat et int\u00e9grer un \u00e9cosyst\u00e8me d'entreprises sp\u00e9cialis\u00e9es dans le refit de yants?\",\"breadcrumb\":{\"@id\":\"https:\\\/\\\/www.laciotat-shipyards.com\\\/fr\\\/entreprises-du-site\\\/appels-a-projets\\\/#breadcrumb\"},\"inLanguage\":\"fr-FR\",\"potentialAction\":[{\"@type\":\"ReadAction\",\"target\":[\"https:\\\/\\\/www.laciotat-shipyards.com\\\/fr\\\/entreprises-du-site\\\/appels-a-projets\\\/\"]}]},{\"@type\":\"BreadcrumbList\",\"@id\":\"https:\\\/\\\/www.laciotat-shipyards.com\\\/fr\\\/entreprises-du-site\\\/appels-a-projets\\\/#breadcrumb\",\"itemListElement\":[{\"@type\":\"ListItem\",\"position\":1,\"name\":\"Accueil\",\"item\":\"https:\\\/\\\/www.laciotat-shipyards.com\\\/fr\\\/\"},{\"@type\":\"ListItem\",\"position\":2,\"name\":\"Entreprises du Site\",\"item\":\"https:\\\/\\\/www.laciotat-shipyards.com\\\/fr\\\/entreprises-du-site\\\/\"},{\"@type\":\"ListItem\",\"position\":3,\"name\":\"S&rsquo;implanter \u00e0 La Ciotat\"}]},{\"@type\":\"WebSite\",\"@id\":\"https:\\\/\\\/www.laciotat-shipyards.com\\\/fr\\\/#website\",\"url\":\"https:\\\/\\\/www.laciotat-shipyards.com\\\/fr\\\/\",\"name\":\"La Ciotat Shipyards\",\"description\":\"Site maritime d\u2019excellence en M\u00e9diterran\u00e9e\",\"potentialAction\":[{\"@type\":\"SearchAction\",\"target\":{\"@type\":\"EntryPoint\",\"urlTemplate\":\"https:\\\/\\\/www.laciotat-shipyards.com\\\/fr\\\/?s={search_term_string}\"},\"query-input\":{\"@type\":\"PropertyValueSpecification\",\"valueRequired\":true,\"valueName\":\"search_term_string\"}}],\"inLanguage\":\"fr-FR\"}]}<\/script>\n<!-- \/ Yoast SEO plugin. -->","yoast_head_json":{"title":"S'implanter \u00e0 La Ciotat - La Ciotat Shipyards","description":"Vous souhaitez rejoindre le chantier naval de La Ciotat et int\u00e9grer un \u00e9cosyst\u00e8me d'entreprises sp\u00e9cialis\u00e9es dans le refit de yants?","robots":{"index":"index","follow":"follow","max-snippet":"max-snippet:-1","max-image-preview":"max-image-preview:large","max-video-preview":"max-video-preview:-1"},"canonical":"https:\/\/www.laciotat-shipyards.com\/fr\/entreprises-du-site\/appels-a-projets\/","og_locale":"fr_FR","og_type":"article","og_title":"S'implanter \u00e0 La Ciotat - La Ciotat Shipyards","og_description":"Vous souhaitez rejoindre le chantier naval de La Ciotat et int\u00e9grer un \u00e9cosyst\u00e8me d'entreprises sp\u00e9cialis\u00e9es dans le refit de yants?","og_url":"https:\/\/www.laciotat-shipyards.com\/fr\/entreprises-du-site\/appels-a-projets\/","og_site_name":"La Ciotat Shipyards","article_modified_time":"2023-03-14T13:58:03+00:00","twitter_card":"summary_large_image","twitter_misc":{"Dur\u00e9e de lecture estim\u00e9e":"2 minutes"},"schema":{"@context":"https:\/\/schema.org","@graph":[{"@type":"WebPage","@id":"https:\/\/www.laciotat-shipyards.com\/fr\/entreprises-du-site\/appels-a-projets\/","url":"https:\/\/www.laciotat-shipyards.com\/fr\/entreprises-du-site\/appels-a-projets\/","name":"S'implanter \u00e0 La Ciotat - La Ciotat Shipyards","isPartOf":{"@id":"https:\/\/www.laciotat-shipyards.com\/fr\/#website"},"datePublished":"2019-02-05T13:22:23+00:00","dateModified":"2023-03-14T13:58:03+00:00","description":"Vous souhaitez rejoindre le chantier naval de La Ciotat et int\u00e9grer un \u00e9cosyst\u00e8me d'entreprises sp\u00e9cialis\u00e9es dans le refit de yants?","breadcrumb":{"@id":"https:\/\/www.laciotat-shipyards.com\/fr\/entreprises-du-site\/appels-a-projets\/#breadcrumb"},"inLanguage":"fr-FR","potentialAction":[{"@type":"ReadAction","target":["https:\/\/www.laciotat-shipyards.com\/fr\/entreprises-du-site\/appels-a-projets\/"]}]},{"@type":"BreadcrumbList","@id":"https:\/\/www.laciotat-shipyards.com\/fr\/entreprises-du-site\/appels-a-projets\/#breadcrumb","itemListElement":[{"@type":"ListItem","position":1,"name":"Accueil","item":"https:\/\/www.laciotat-shipyards.com\/fr\/"},{"@type":"ListItem","position":2,"name":"Entreprises du Site","item":"https:\/\/www.laciotat-shipyards.com\/fr\/entreprises-du-site\/"},{"@type":"ListItem","position":3,"name":"S&rsquo;implanter \u00e0 La Ciotat"}]},{"@type":"WebSite","@id":"https:\/\/www.laciotat-shipyards.com\/fr\/#website","url":"https:\/\/www.laciotat-shipyards.com\/fr\/","name":"La Ciotat Shipyards","description":"Site maritime d\u2019excellence en M\u00e9diterran\u00e9e","potentialAction":[{"@type":"SearchAction","target":{"@type":"EntryPoint","urlTemplate":"https:\/\/www.laciotat-shipyards.com\/fr\/?s={search_term_string}"},"query-input":{"@type":"PropertyValueSpecification","valueRequired":true,"valueName":"search_term_string"}}],"inLanguage":"fr-FR"}]}},"_links":{"self":[{"href":"https:\/\/www.laciotat-shipyards.com\/fr\/wp-json\/wp\/v2\/pages\/270","targetHints":{"allow":["GET"]}}],"collection":[{"href":"https:\/\/www.laciotat-shipyards.com\/fr\/wp-json\/wp\/v2\/pages"}],"about":[{"href":"https:\/\/www.laciotat-shipyards.com\/fr\/wp-json\/wp\/v2\/types\/page"}],"author":[{"embeddable":true,"href":"https:\/\/www.laciotat-shipyards.com\/fr\/wp-json\/wp\/v2\/users\/1"}],"replies":[{"embeddable":true,"href":"https:\/\/www.laciotat-shipyards.com\/fr\/wp-json\/wp\/v2\/comments?post=270"}],"version-history":[{"count":15,"href":"https:\/\/www.laciotat-shipyards.com\/fr\/wp-json\/wp\/v2\/pages\/270\/revisions"}],"predecessor-version":[{"id":10777,"href":"https:\/\/www.laciotat-shipyards.com\/fr\/wp-json\/wp\/v2\/pages\/270\/revisions\/10777"}],"up":[{"embeddable":true,"href":"https:\/\/www.laciotat-shipyards.com\/fr\/wp-json\/wp\/v2\/pages\/16"}],"wp:attachment":[{"href":"https:\/\/www.laciotat-shipyards.com\/fr\/wp-json\/wp\/v2\/media?parent=270"}],"curies":[{"name":"wp","href":"https:\/\/api.w.org\/{rel}","templated":true}]}}